{"id":5909,"date":"2024-10-26T15:46:51","date_gmt":"2024-10-26T15:46:51","guid":{"rendered":"https:\/\/www.curalab.polimi.it\/?page_id=5909"},"modified":"2024-10-26T15:48:27","modified_gmt":"2024-10-26T15:48:27","slug":"omg-milano-nota-metodologica","status":"publish","type":"page","link":"https:\/\/www.curalab.polimi.it\/?page_id=5909","title":{"rendered":"OMG! Milano &#8211; Nota metodologica"},"content":{"rendered":"\t\t<div data-elementor-type=\"wp-page\" data-elementor-id=\"5909\" class=\"elementor elementor-5909\">\n\t\t\t\t<div class=\"elementor-element elementor-element-8fb39ee e-flex e-con-boxed e-con e-parent\" data-id=\"8fb39ee\" data-element_type=\"container\" data-e-type=\"container\">\n\t\t\t\t\t<div class=\"e-con-inner\">\n\t\t\t\t<div class=\"elementor-element elementor-element-5ad5437 elementor-widget__width-initial elementor-widget elementor-widget-text-editor\" data-id=\"5ad5437\" data-element_type=\"widget\" data-e-type=\"widget\" data-widget_type=\"text-editor.default\">\n\t\t\t\t<div class=\"elementor-widget-container\">\n\t\t\t\t\t\t\t\t\t<p><strong>Nota metodologica <\/strong><\/p>\t\t\t\t\t\t\t\t<\/div>\n\t\t\t\t<\/div>\n\t\t\t\t\t<\/div>\n\t\t\t\t<\/div>\n\t\t<div class=\"elementor-element elementor-element-98548f1 e-grid e-con-boxed e-con e-parent\" data-id=\"98548f1\" data-element_type=\"container\" data-e-type=\"container\">\n\t\t\t\t\t<div class=\"e-con-inner\">\n\t\t\t\t<div class=\"elementor-element elementor-element-67f3576 elementor-widget elementor-widget-text-editor\" data-id=\"67f3576\" data-element_type=\"widget\" data-e-type=\"widget\" data-widget_type=\"text-editor.default\">\n\t\t\t\t<div class=\"elementor-widget-container\">\n\t\t\t\t\t\t\t\t\t<p>I testi elaborati da Paolo Grassi sono frutto di una ricerca etnografica condotta dal mese di giugno al mese di novembre 2022, nell\u2019ambito del progetto \u201cRiqualificazione green di aree urbane dismesse. Un approccio etnografico e comparativo all\u2019analisi e alla realizzazione (2022-2023)\u201d (PON \u00abRicerca e Innovazione\u00bb 2014-2020), del Dipartimento di Scienze Umane per la Formazione \u201cR. Massa\u201d, Universit\u00e0 degli Studi di Milano-Bicocca, in collaborazione con la societ\u00e0 U-Lab.<\/p><p>Ai fini della ricerca \u00e8 stata stabilita una relazione con Off Campus Nolo, ufficio del Politecnico di Milano situato all\u2019interno del mercato comunale di via Crespi. Off Campus Nolo, animato da un gruppo di designer dei servizi, \u00e8 un\u2019iniziativa promossa da Polisocial, il programma per la responsabilit\u00e0 sociale del Politecnico, che mira a rafforzare la presenza dell\u2019ateneo nella citt\u00e0 di Milano e promuovere \u201cl\u2019idea di un\u2019universit\u00e0 pi\u00f9 responsabile, attenta alle sfide sociali, aperta e vicina ai territori e alle comunit\u00e0\u201d.<\/p><p>Appoggiarsi a quell\u2019ufficio e collaborare con quel gruppo di lavoro ha significato potersi avvicinare con pi\u00f9 facilit\u00e0 al territorio e ad alcuni dei suoi attori. Off Campus Nolo ha inoltre costituito un interessante osservatorio da cui analizzare processi di rigenerazione urbana dal basso, legati a quindi a gruppi locali.<\/p><p>Sono stati intervistati, a piazzale Loreto e nelle zone limitrofe, abitanti (sia storici, ossia residenti da pi\u00f9 di 25 anni, sia di recente arrivo; giovani under 35 e anziani), commercianti, lavoratori impiegati nell\u2019ambito del privato sociale e della progettazione architettonica e urbanistica. Sono state condotte pi\u00f9 di 200 ore di osservazione.<\/p><p>La ricerca ha avuto il merito di indagare in profondit\u00e0 i punti di vista, le pratiche, gli interessi e le aspirazioni di un insieme di attori sociali legati in maniera differenziale a un luogo specifico, mettendo in evidenza una serie di \u201cnodi problematici\u201d utili a impostare progettualit\u00e0 radicate a livello territoriale, possibilmente vicine ai bisogni reali dei suoi residenti.<\/p>\t\t\t\t\t\t\t\t<\/div>\n\t\t\t\t<\/div>\n\t\t<div class=\"elementor-element elementor-element-efe1d42 e-con-full e-flex e-con e-child\" data-id=\"efe1d42\" data-element_type=\"container\" data-e-type=\"container\">\n\t\t\t\t<div class=\"elementor-element elementor-element-b2ddcc7 elementor-widget elementor-widget-image\" data-id=\"b2ddcc7\" data-element_type=\"widget\" data-e-type=\"widget\" data-widget_type=\"image.default\">\n\t\t\t\t<div class=\"elementor-widget-container\">\n\t\t\t\t\t\t\t\t\t\t\t\t\t\t\t<img fetchpriority=\"high\" decoding=\"async\" width=\"799\" height=\"599\" src=\"https:\/\/www.curalab.polimi.it\/wp-content\/uploads\/2024\/10\/matteo-spertini-7.jpg\" class=\"attachment-large size-large wp-image-5792\" alt=\"\" srcset=\"https:\/\/www.curalab.polimi.it\/wp-content\/uploads\/2024\/10\/matteo-spertini-7.jpg 799w, https:\/\/www.curalab.polimi.it\/wp-content\/uploads\/2024\/10\/matteo-spertini-7-300x225.jpg 300w, https:\/\/www.curalab.polimi.it\/wp-content\/uploads\/2024\/10\/matteo-spertini-7-768x576.jpg 768w\" sizes=\"(max-width: 799px) 85vw, 799px\" \/>\t\t\t\t\t\t\t\t\t\t\t\t\t\t\t<\/div>\n\t\t\t\t<\/div>\n\t\t\t\t<div class=\"elementor-element elementor-element-53b10e1 elementor-widget elementor-widget-text-editor\" data-id=\"53b10e1\" data-element_type=\"widget\" data-e-type=\"widget\" data-widget_type=\"text-editor.default\">\n\t\t\t\t<div class=\"elementor-widget-container\">\n\t\t\t\t\t\t\t\t\t<p style=\"text-align: center;\"><em>Copyright Matteo Spertini<\/em><\/p>\t\t\t\t\t\t\t\t<\/div>\n\t\t\t\t<\/div>\n\t\t\t\t<\/div>\n\t\t\t\t\t<\/div>\n\t\t\t\t<\/div>\n\t\t\t\t<\/div>\n\t\t","protected":false},"excerpt":{"rendered":"<p>Nota metodologica I testi elaborati da Paolo Grassi sono frutto di una ricerca etnografica condotta dal mese di giugno al mese di novembre 2022, nell\u2019ambito del progetto \u201cRiqualificazione green di aree urbane dismesse. Un approccio etnografico e comparativo all\u2019analisi e alla realizzazione (2022-2023)\u201d (PON \u00abRicerca e Innovazione\u00bb 2014-2020), del Dipartimento di Scienze Umane per la &hellip; <a href=\"https:\/\/www.curalab.polimi.it\/?page_id=5909\" class=\"more-link\">Continue reading<span class=\"screen-reader-text\"> &#8220;OMG! Milano &#8211; Nota metodologica&#8221;<\/span><\/a><\/p>\n","protected":false},"author":12,"featured_media":0,"parent":0,"menu_order":0,"comment_status":"closed","ping_status":"closed","template":"elementor_header_footer","meta":{"footnotes":""},"class_list":["post-5909","page","type-page","status-publish","hentry"],"yoast_head":"<!-- This site is optimized with the Yoast SEO plugin v27.4 - https:\/\/yoast.com\/product\/yoast-seo-wordpress\/ -->\n<title>OMG! Milano - Nota metodologica - CURA Lab<\/title>\n<meta name=\"robots\" content=\"index, follow, max-snippet:-1, max-image-preview:large, max-video-preview:-1\" \/>\n<link rel=\"canonical\" href=\"https:\/\/www.curalab.polimi.it\/?page_id=5909\" \/>\n<meta property=\"og:locale\" content=\"en_US\" \/>\n<meta property=\"og:type\" content=\"article\" \/>\n<meta property=\"og:title\" content=\"OMG! Milano - Nota metodologica - CURA Lab\" \/>\n<meta property=\"og:description\" content=\"Nota metodologica I testi elaborati da Paolo Grassi sono frutto di una ricerca etnografica condotta dal mese di giugno al mese di novembre 2022, nell\u2019ambito del progetto \u201cRiqualificazione green di aree urbane dismesse. Un approccio etnografico e comparativo all\u2019analisi e alla realizzazione (2022-2023)\u201d (PON \u00abRicerca e Innovazione\u00bb 2014-2020), del Dipartimento di Scienze Umane per la &hellip; Continue reading &quot;OMG! Milano &#8211; Nota metodologica&quot;\" \/>\n<meta property=\"og:url\" content=\"https:\/\/www.curalab.polimi.it\/?page_id=5909\" \/>\n<meta property=\"og:site_name\" content=\"CURA Lab\" \/>\n<meta property=\"article:modified_time\" content=\"2024-10-26T15:48:27+00:00\" \/>\n<meta property=\"og:image\" content=\"http:\/\/www.curalab.polimi.it\/wp-content\/uploads\/2024\/10\/matteo-spertini-7.jpg\" \/>\n<meta name=\"twitter:card\" content=\"summary_large_image\" \/>\n<meta name=\"twitter:label1\" content=\"Est. reading time\" \/>\n\t<meta name=\"twitter:data1\" content=\"2 minutes\" \/>\n<script type=\"application\/ld+json\" class=\"yoast-schema-graph\">{\"@context\":\"https:\\\/\\\/schema.org\",\"@graph\":[{\"@type\":\"WebPage\",\"@id\":\"https:\\\/\\\/www.curalab.polimi.it\\\/?page_id=5909\",\"url\":\"https:\\\/\\\/www.curalab.polimi.it\\\/?page_id=5909\",\"name\":\"OMG! Milano - Nota metodologica - CURA Lab\",\"isPartOf\":{\"@id\":\"https:\\\/\\\/www.curalab.polimi.it\\\/#website\"},\"primaryImageOfPage\":{\"@id\":\"https:\\\/\\\/www.curalab.polimi.it\\\/?page_id=5909#primaryimage\"},\"image\":{\"@id\":\"https:\\\/\\\/www.curalab.polimi.it\\\/?page_id=5909#primaryimage\"},\"thumbnailUrl\":\"http:\\\/\\\/www.curalab.polimi.it\\\/wp-content\\\/uploads\\\/2024\\\/10\\\/matteo-spertini-7.jpg\",\"datePublished\":\"2024-10-26T15:46:51+00:00\",\"dateModified\":\"2024-10-26T15:48:27+00:00\",\"breadcrumb\":{\"@id\":\"https:\\\/\\\/www.curalab.polimi.it\\\/?page_id=5909#breadcrumb\"},\"inLanguage\":\"en-US\",\"potentialAction\":[{\"@type\":\"ReadAction\",\"target\":[\"https:\\\/\\\/www.curalab.polimi.it\\\/?page_id=5909\"]}]},{\"@type\":\"ImageObject\",\"inLanguage\":\"en-US\",\"@id\":\"https:\\\/\\\/www.curalab.polimi.it\\\/?page_id=5909#primaryimage\",\"url\":\"https:\\\/\\\/www.curalab.polimi.it\\\/wp-content\\\/uploads\\\/2024\\\/10\\\/matteo-spertini-7.jpg\",\"contentUrl\":\"https:\\\/\\\/www.curalab.polimi.it\\\/wp-content\\\/uploads\\\/2024\\\/10\\\/matteo-spertini-7.jpg\",\"width\":799,\"height\":599},{\"@type\":\"BreadcrumbList\",\"@id\":\"https:\\\/\\\/www.curalab.polimi.it\\\/?page_id=5909#breadcrumb\",\"itemListElement\":[{\"@type\":\"ListItem\",\"position\":1,\"name\":\"Home\",\"item\":\"https:\\\/\\\/www.curalab.polimi.it\\\/\"},{\"@type\":\"ListItem\",\"position\":2,\"name\":\"OMG! Milano &#8211; Nota metodologica\"}]},{\"@type\":\"WebSite\",\"@id\":\"https:\\\/\\\/www.curalab.polimi.it\\\/#website\",\"url\":\"https:\\\/\\\/www.curalab.polimi.it\\\/\",\"name\":\"CURA Lab\",\"description\":\"Dipartimento di Architettura e Studi Urbani, Politecnico di Milano -                           Dipartimento di Scienze Umane per la Formazione &quot;Riccardo Massa&quot;,           Universit\u00e0 degli Studi di Milano Bicocca\",\"publisher\":{\"@id\":\"https:\\\/\\\/www.curalab.polimi.it\\\/#organization\"},\"potentialAction\":[{\"@type\":\"SearchAction\",\"target\":{\"@type\":\"EntryPoint\",\"urlTemplate\":\"https:\\\/\\\/www.curalab.polimi.it\\\/?s={search_term_string}\"},\"query-input\":{\"@type\":\"PropertyValueSpecification\",\"valueRequired\":true,\"valueName\":\"search_term_string\"}}],\"inLanguage\":\"en-US\"},{\"@type\":\"Organization\",\"@id\":\"https:\\\/\\\/www.curalab.polimi.it\\\/#organization\",\"name\":\"CURA Lab\",\"url\":\"https:\\\/\\\/www.curalab.polimi.it\\\/\",\"logo\":{\"@type\":\"ImageObject\",\"inLanguage\":\"en-US\",\"@id\":\"https:\\\/\\\/www.curalab.polimi.it\\\/#\\\/schema\\\/logo\\\/image\\\/\",\"url\":\"https:\\\/\\\/www.curalab.polimi.it\\\/wp-content\\\/uploads\\\/2024\\\/07\\\/cropped-logocuralab2.png\",\"contentUrl\":\"https:\\\/\\\/www.curalab.polimi.it\\\/wp-content\\\/uploads\\\/2024\\\/07\\\/cropped-logocuralab2.png\",\"width\":240,\"height\":112,\"caption\":\"CURA Lab\"},\"image\":{\"@id\":\"https:\\\/\\\/www.curalab.polimi.it\\\/#\\\/schema\\\/logo\\\/image\\\/\"}}]}<\/script>\n<!-- \/ Yoast SEO plugin. -->","yoast_head_json":{"title":"OMG! Milano - Nota metodologica - CURA Lab","robots":{"index":"index","follow":"follow","max-snippet":"max-snippet:-1","max-image-preview":"max-image-preview:large","max-video-preview":"max-video-preview:-1"},"canonical":"https:\/\/www.curalab.polimi.it\/?page_id=5909","og_locale":"en_US","og_type":"article","og_title":"OMG! Milano - Nota metodologica - CURA Lab","og_description":"Nota metodologica I testi elaborati da Paolo Grassi sono frutto di una ricerca etnografica condotta dal mese di giugno al mese di novembre 2022, nell\u2019ambito del progetto \u201cRiqualificazione green di aree urbane dismesse. Un approccio etnografico e comparativo all\u2019analisi e alla realizzazione (2022-2023)\u201d (PON \u00abRicerca e Innovazione\u00bb 2014-2020), del Dipartimento di Scienze Umane per la &hellip; Continue reading \"OMG! Milano &#8211; Nota metodologica\"","og_url":"https:\/\/www.curalab.polimi.it\/?page_id=5909","og_site_name":"CURA Lab","article_modified_time":"2024-10-26T15:48:27+00:00","og_image":[{"url":"http:\/\/www.curalab.polimi.it\/wp-content\/uploads\/2024\/10\/matteo-spertini-7.jpg","type":"","width":"","height":""}],"twitter_card":"summary_large_image","twitter_misc":{"Est. reading time":"2 minutes"},"schema":{"@context":"https:\/\/schema.org","@graph":[{"@type":"WebPage","@id":"https:\/\/www.curalab.polimi.it\/?page_id=5909","url":"https:\/\/www.curalab.polimi.it\/?page_id=5909","name":"OMG! Milano - Nota metodologica - CURA Lab","isPartOf":{"@id":"https:\/\/www.curalab.polimi.it\/#website"},"primaryImageOfPage":{"@id":"https:\/\/www.curalab.polimi.it\/?page_id=5909#primaryimage"},"image":{"@id":"https:\/\/www.curalab.polimi.it\/?page_id=5909#primaryimage"},"thumbnailUrl":"http:\/\/www.curalab.polimi.it\/wp-content\/uploads\/2024\/10\/matteo-spertini-7.jpg","datePublished":"2024-10-26T15:46:51+00:00","dateModified":"2024-10-26T15:48:27+00:00","breadcrumb":{"@id":"https:\/\/www.curalab.polimi.it\/?page_id=5909#breadcrumb"},"inLanguage":"en-US","potentialAction":[{"@type":"ReadAction","target":["https:\/\/www.curalab.polimi.it\/?page_id=5909"]}]},{"@type":"ImageObject","inLanguage":"en-US","@id":"https:\/\/www.curalab.polimi.it\/?page_id=5909#primaryimage","url":"https:\/\/www.curalab.polimi.it\/wp-content\/uploads\/2024\/10\/matteo-spertini-7.jpg","contentUrl":"https:\/\/www.curalab.polimi.it\/wp-content\/uploads\/2024\/10\/matteo-spertini-7.jpg","width":799,"height":599},{"@type":"BreadcrumbList","@id":"https:\/\/www.curalab.polimi.it\/?page_id=5909#breadcrumb","itemListElement":[{"@type":"ListItem","position":1,"name":"Home","item":"https:\/\/www.curalab.polimi.it\/"},{"@type":"ListItem","position":2,"name":"OMG! Milano &#8211; Nota metodologica"}]},{"@type":"WebSite","@id":"https:\/\/www.curalab.polimi.it\/#website","url":"https:\/\/www.curalab.polimi.it\/","name":"CURA Lab","description":"Dipartimento di Architettura e Studi Urbani, Politecnico di Milano -                           Dipartimento di Scienze Umane per la Formazione &quot;Riccardo Massa&quot;,           Universit\u00e0 degli Studi di Milano Bicocca","publisher":{"@id":"https:\/\/www.curalab.polimi.it\/#organization"},"potentialAction":[{"@type":"SearchAction","target":{"@type":"EntryPoint","urlTemplate":"https:\/\/www.curalab.polimi.it\/?s={search_term_string}"},"query-input":{"@type":"PropertyValueSpecification","valueRequired":true,"valueName":"search_term_string"}}],"inLanguage":"en-US"},{"@type":"Organization","@id":"https:\/\/www.curalab.polimi.it\/#organization","name":"CURA Lab","url":"https:\/\/www.curalab.polimi.it\/","logo":{"@type":"ImageObject","inLanguage":"en-US","@id":"https:\/\/www.curalab.polimi.it\/#\/schema\/logo\/image\/","url":"https:\/\/www.curalab.polimi.it\/wp-content\/uploads\/2024\/07\/cropped-logocuralab2.png","contentUrl":"https:\/\/www.curalab.polimi.it\/wp-content\/uploads\/2024\/07\/cropped-logocuralab2.png","width":240,"height":112,"caption":"CURA Lab"},"image":{"@id":"https:\/\/www.curalab.polimi.it\/#\/schema\/logo\/image\/"}}]}},"_links":{"self":[{"href":"https:\/\/www.curalab.polimi.it\/index.php?rest_route=\/wp\/v2\/pages\/5909","targetHints":{"allow":["GET"]}}],"collection":[{"href":"https:\/\/www.curalab.polimi.it\/index.php?rest_route=\/wp\/v2\/pages"}],"about":[{"href":"https:\/\/www.curalab.polimi.it\/index.php?rest_route=\/wp\/v2\/types\/page"}],"author":[{"embeddable":true,"href":"https:\/\/www.curalab.polimi.it\/index.php?rest_route=\/wp\/v2\/users\/12"}],"replies":[{"embeddable":true,"href":"https:\/\/www.curalab.polimi.it\/index.php?rest_route=%2Fwp%2Fv2%2Fcomments&post=5909"}],"version-history":[{"count":4,"href":"https:\/\/www.curalab.polimi.it\/index.php?rest_route=\/wp\/v2\/pages\/5909\/revisions"}],"predecessor-version":[{"id":5914,"href":"https:\/\/www.curalab.polimi.it\/index.php?rest_route=\/wp\/v2\/pages\/5909\/revisions\/5914"}],"wp:attachment":[{"href":"https:\/\/www.curalab.polimi.it\/index.php?rest_route=%2Fwp%2Fv2%2Fmedia&parent=5909"}],"curies":[{"name":"wp","href":"https:\/\/api.w.org\/{rel}","templated":true}]}}