{"id":3445,"date":"2024-07-13T06:08:53","date_gmt":"2024-07-13T06:08:53","guid":{"rendered":"https:\/\/www.curalab.polimi.it\/?page_id=3445"},"modified":"2024-09-23T19:15:03","modified_gmt":"2024-09-23T19:15:03","slug":"omg-milano-dibattito-in-aula-consiliare-lintervento-del-consigliere-rabaiotti","status":"publish","type":"page","link":"https:\/\/www.curalab.polimi.it\/?page_id=3445","title":{"rendered":"OMG! Milano &#8211; Dibattito in aula consiliare: l\u2019intervento del Consigliere Rabaiotti"},"content":{"rendered":"\t\t<div data-elementor-type=\"wp-page\" data-elementor-id=\"3445\" class=\"elementor elementor-3445\">\n\t\t\t\t<div class=\"elementor-element elementor-element-ee3c383 e-flex e-con-boxed e-con e-parent\" data-id=\"ee3c383\" data-element_type=\"container\" data-e-type=\"container\">\n\t\t\t\t\t<div class=\"e-con-inner\">\n\t\t\t\t<div class=\"elementor-element elementor-element-d13a73d elementor-widget__width-initial elementor-widget elementor-widget-text-editor\" data-id=\"d13a73d\" data-element_type=\"widget\" data-e-type=\"widget\" data-widget_type=\"text-editor.default\">\n\t\t\t\t<div class=\"elementor-widget-container\">\n\t\t\t\t\t\t\t\t\t<p><span style=\"color: #ebb688;\"><em>22.02.2023 <\/em><\/span>| <strong>Dibattito in aula consiliare: l\u2019intervento del Consigliere Rabaiotti<\/strong><\/p>\t\t\t\t\t\t\t\t<\/div>\n\t\t\t\t<\/div>\n\t\t\t\t\t<\/div>\n\t\t\t\t<\/div>\n\t\t<div class=\"elementor-element elementor-element-346f809 e-grid e-con-boxed e-con e-parent\" data-id=\"346f809\" data-element_type=\"container\" data-e-type=\"container\">\n\t\t\t\t\t<div class=\"e-con-inner\">\n\t\t<div class=\"elementor-element elementor-element-df41930 e-flex e-con-boxed e-con e-child\" data-id=\"df41930\" data-element_type=\"container\" data-e-type=\"container\">\n\t\t\t\t\t<div class=\"e-con-inner\">\n\t\t\t\t<div class=\"elementor-element elementor-element-93a9f4f elementor-widget elementor-widget-text-editor\" data-id=\"93a9f4f\" data-element_type=\"widget\" data-e-type=\"widget\" data-widget_type=\"text-editor.default\">\n\t\t\t\t<div class=\"elementor-widget-container\">\n\t\t\t\t\t\t\t\t\t<p><em>Questo contributo \u00e8 una trascrizione dell\u2019intervento tenuto durante il Consiglio Comunale del 22 dicembre 2022 dal Consigliere Gabriele Rabaiotti, capogruppo della lista \u201cSala Sindaco\u201d, gi\u00e0 Assessore ai Lavori pubblici e alla Casa nella precedente consiliatura.<\/em><\/p><p>La sensazione, che \u00e8 pi\u00f9 di una sensazione (per quanto mi riguarda assomiglia ormai ad una convinzione), \u00e8 che abbiamo continuato come Consiglio e pi\u00f9 complessivamente come amministrazione ad ascoltare molto, forse troppo, le societ\u00e0 che hanno la propriet\u00e0 delle squadre Milan e Inter e ad ascoltare poco, troppo poco, la citt\u00e0. Talmente le abbiamo ascoltate che abbiano assunto lo schema che usano loro come se fosse il nostro. Faccio fatica a vedere dei benefattori dietro a questa operazione.<br \/>Diversi di noi hanno seguito con attenzione il dibattito pubblico che, anche se non si \u00e8 tradotto in un processo cos\u00ec significativo di partecipazione, ha evidenziato punti di debolezza, di forte perplessit\u00e0 e di palese contraddizione presenti nella proposta delle due societ\u00e0 da un lato ma anche evidenziato la possibilit\u00e0 e insieme la necessit\u00e0 di lavorare al progetto di rifunzionalizzazione del Meazza. Ricordo che il Meazza \u00e8 in uso. Non \u00e8 un immobile pubblico dismesso. Milano ha uno stadio. Uno stadio riconosciuto nel mondo, che ha visto una serie di interventi di sistemazione e di adeguamento (l\u2019ultimo di 16 milioni nel 2016) e ospiter\u00e0 l\u2019inaugurazione delle Olimpiadi nel 2026 (con un ulteriore intervento pubblico di ulteriori 10 milioni \u2013 questo \u00e8 quanto ci \u00e8 stato riferito dall\u2019assessore qui in aula).<br \/>La rifunzionalizzazione, che \u00e8 l\u2019operazione pi\u00f9 veloce, guarda al Meazza come ad un impianto sportivo che pu\u00f2 ospitare altre funzioni, altre piastre per funzioni sportive, culturali, di intrattenimento. Un suo ammodernamento \u00e8 possibile ridisegnando i volumi panoramici del terzo anello e recuperando in modo intelligente almeno un piano interrato. Quanto costerebbe? Permetterebbe alle squadre di continuare a giocare al livello a cui stanno giocando in una struttura contemporanea e innovativa? Eviterebbe alla citt\u00e0 di dover sacrificare altre aree pubbliche oggi libere, di costruire uffici e centri commerciali su aree di propriet\u00e0 del comune in una zona gi\u00e0 molto delicata? Ci permetterebbe di non compromettere gli sforzi fatti in questi anni per ridurre l\u2019inquinamento e allinearci agli standard richiesti dai numerosi accordi presi tra le grandi citt\u00e0 a cui anche Milano ha preso parte e aderito?<\/p>\t\t\t\t\t\t\t\t<\/div>\n\t\t\t\t<\/div>\n\t\t\t\t\t<\/div>\n\t\t\t\t<\/div>\n\t\t<div class=\"elementor-element elementor-element-f7c7c97 e-con-full e-flex e-con e-child\" data-id=\"f7c7c97\" data-element_type=\"container\" data-e-type=\"container\">\n\t\t\t\t<div class=\"elementor-element elementor-element-8c2c8fd elementor-widget elementor-widget-image\" data-id=\"8c2c8fd\" data-element_type=\"widget\" data-e-type=\"widget\" data-widget_type=\"image.default\">\n\t\t\t\t<div class=\"elementor-widget-container\">\n\t\t\t\t\t\t\t\t\t\t\t\t\t\t\t<img fetchpriority=\"high\" decoding=\"async\" width=\"800\" height=\"600\" src=\"https:\/\/www.curalab.polimi.it\/wp-content\/uploads\/2024\/07\/Rabaiotti.png\" class=\"attachment-large size-large wp-image-3250\" alt=\"\" srcset=\"https:\/\/www.curalab.polimi.it\/wp-content\/uploads\/2024\/07\/Rabaiotti.png 800w, https:\/\/www.curalab.polimi.it\/wp-content\/uploads\/2024\/07\/Rabaiotti-300x225.png 300w, https:\/\/www.curalab.polimi.it\/wp-content\/uploads\/2024\/07\/Rabaiotti-768x576.png 768w\" sizes=\"(max-width: 800px) 85vw, 800px\" \/>\t\t\t\t\t\t\t\t\t\t\t\t\t\t\t<\/div>\n\t\t\t\t<\/div>\n\t\t\t\t<div class=\"elementor-element elementor-element-77cfbe1 elementor-widget elementor-widget-text-editor\" data-id=\"77cfbe1\" data-element_type=\"widget\" data-e-type=\"widget\" data-widget_type=\"text-editor.default\">\n\t\t\t\t<div class=\"elementor-widget-container\">\n\t\t\t\t\t\t\t\t\t<p>Questo passaggio, che rappresenta l\u2019esplorazione dell\u2019interesse pubblico e che rinuncia ad accontentarsi della sola valutazione della proposta, assolutamente legittima, avanzata da una parte (privata) e cio\u00e8 dalle societ\u00e0, questo passaggio non lo abbiamo fatto fino in fondo. Lo abbiamo desiderato, immaginato, proposto (anche attraverso il dibattito pubblico, ma anche prima e anche ora, ma non lo abbiamo perseguito. Non abbiamo portato al tavolo della trattativa con le societ\u00e0 e i club una proposta seria, approfondita, risultato di uno studio di fattibilit\u00e0 tecnica ed economica per spostare il fuoco dell\u2019attenzione, rendere evidente la posta in gioco, articolare, diversificare ed estendere il campo delle possibilit\u00e0. Rifunzionalizzare il Meazza \u00e8 possibile ed \u00e8 anche utile. Alla citt\u00e0. La rifunzionalizzazione non \u00e8 il piano B. \u00c8 il piano A.<br \/>Nella sequenza del processo di decisione, che \u00e8 indubbiamente complicato, per noi, pubblica amministrazione, viene prima. Non possiamo aspettarci questo dalle squadre ma non possiamo fare a meno di esprimere in modo chiaro, forte e sostanziato da dati, stime e valutazioni tecniche che cosa sia l\u2019interesse pubblico, in che cosa consiste concretamente.<br \/>L\u2019ordine del giorno non dice cose sbagliate ma sotto intende una tesi di fondo: il Meazza viene demolito (50 milioni di euro per abbattere una struttura carica di valore simbolico e identitario, ancora pienamente funzionante su cui abbiamo speso e spenderemo in dieci anni 26 milioni e che \u00e8 valutata poco pi\u00f9 di 70), si costruisce uno stadio nuovo sull\u2019area pubblica accanto. Intorno a questa decisione \u00e8 giusto limitare i danni, recuperare tutto il recuperabile migliorare tutto il migliorabile. Ma trovo questo passaggio prematuro e questo mosaico mancante di un tassello. Importante e primo, il nostro tassello.<br \/>Credo che torneremo in un altro momento a discutere insieme della procedura del partenariato pubblico privato e che l\u2019odg richiama. Procedura che sar\u00e0 utilizzata per il nuovo stadio e per il suo intorno (uffici e terziario, che \u00e8 il vero piatto di portata). Procedura che comporta controlli sulla natura e sulla affidabilit\u00e0 dei proponenti, verifiche di conformit\u00e0 e di coerenza sui conti e sui piani di investimento e di rientro e da cui deriver\u00e0 l\u2019estensione congrua della concessione in termini di durata.<br \/>Non credo che il nostro compito sia quello di essere l\u2019ennesima istituzione pubblica chiamata a salvare i bilanci delle societ\u00e0 che hanno trovato interessante, da qualche anno a questa parte, occuparsi anche delle squadre di calcio.<\/p>\t\t\t\t\t\t\t\t<\/div>\n\t\t\t\t<\/div>\n\t\t\t\t<\/div>\n\t\t\t\t\t<\/div>\n\t\t\t\t<\/div>\n\t\t\t\t<\/div>\n\t\t","protected":false},"excerpt":{"rendered":"<p>22.02.2023 | Dibattito in aula consiliare: l\u2019intervento del Consigliere Rabaiotti Questo contributo \u00e8 una trascrizione dell\u2019intervento tenuto durante il Consiglio Comunale del 22 dicembre 2022 dal Consigliere Gabriele Rabaiotti, capogruppo della lista \u201cSala Sindaco\u201d, gi\u00e0 Assessore ai Lavori pubblici e alla Casa nella precedente consiliatura. La sensazione, che \u00e8 pi\u00f9 di una sensazione (per quanto &hellip; <a href=\"https:\/\/www.curalab.polimi.it\/?page_id=3445\" class=\"more-link\">Continue reading<span class=\"screen-reader-text\"> &#8220;OMG! Milano &#8211; Dibattito in aula consiliare: l\u2019intervento del Consigliere Rabaiotti&#8221;<\/span><\/a><\/p>\n","protected":false},"author":12,"featured_media":0,"parent":0,"menu_order":0,"comment_status":"closed","ping_status":"closed","template":"elementor_header_footer","meta":{"footnotes":""},"class_list":["post-3445","page","type-page","status-publish","hentry"],"yoast_head":"<!-- This site is optimized with the Yoast SEO plugin v27.4 - https:\/\/yoast.com\/product\/yoast-seo-wordpress\/ -->\n<title>OMG! Milano - Dibattito in aula consiliare: l\u2019intervento del Consigliere Rabaiotti - CURA Lab<\/title>\n<meta name=\"robots\" content=\"index, follow, max-snippet:-1, max-image-preview:large, max-video-preview:-1\" \/>\n<link rel=\"canonical\" href=\"https:\/\/www.curalab.polimi.it\/?page_id=3445\" \/>\n<meta property=\"og:locale\" content=\"en_US\" \/>\n<meta property=\"og:type\" content=\"article\" \/>\n<meta property=\"og:title\" content=\"OMG! Milano - Dibattito in aula consiliare: l\u2019intervento del Consigliere Rabaiotti - CURA Lab\" \/>\n<meta property=\"og:description\" content=\"22.02.2023 | Dibattito in aula consiliare: l\u2019intervento del Consigliere Rabaiotti Questo contributo \u00e8 una trascrizione dell\u2019intervento tenuto durante il Consiglio Comunale del 22 dicembre 2022 dal Consigliere Gabriele Rabaiotti, capogruppo della lista \u201cSala Sindaco\u201d, gi\u00e0 Assessore ai Lavori pubblici e alla Casa nella precedente consiliatura. La sensazione, che \u00e8 pi\u00f9 di una sensazione (per quanto &hellip; Continue reading &quot;OMG! Milano &#8211; Dibattito in aula consiliare: l\u2019intervento del Consigliere Rabaiotti&quot;\" \/>\n<meta property=\"og:url\" content=\"https:\/\/www.curalab.polimi.it\/?page_id=3445\" \/>\n<meta property=\"og:site_name\" content=\"CURA Lab\" \/>\n<meta property=\"article:modified_time\" content=\"2024-09-23T19:15:03+00:00\" \/>\n<meta property=\"og:image\" content=\"http:\/\/www.curalab.polimi.it\/wp-content\/uploads\/2024\/07\/Rabaiotti.png\" \/>\n<meta name=\"twitter:card\" content=\"summary_large_image\" \/>\n<meta name=\"twitter:label1\" content=\"Est. reading time\" \/>\n\t<meta name=\"twitter:data1\" content=\"4 minutes\" \/>\n<script type=\"application\/ld+json\" class=\"yoast-schema-graph\">{\"@context\":\"https:\\\/\\\/schema.org\",\"@graph\":[{\"@type\":\"WebPage\",\"@id\":\"https:\\\/\\\/www.curalab.polimi.it\\\/?page_id=3445\",\"url\":\"https:\\\/\\\/www.curalab.polimi.it\\\/?page_id=3445\",\"name\":\"OMG! Milano - Dibattito in aula consiliare: l\u2019intervento del Consigliere Rabaiotti - CURA Lab\",\"isPartOf\":{\"@id\":\"https:\\\/\\\/www.curalab.polimi.it\\\/#website\"},\"primaryImageOfPage\":{\"@id\":\"https:\\\/\\\/www.curalab.polimi.it\\\/?page_id=3445#primaryimage\"},\"image\":{\"@id\":\"https:\\\/\\\/www.curalab.polimi.it\\\/?page_id=3445#primaryimage\"},\"thumbnailUrl\":\"http:\\\/\\\/www.curalab.polimi.it\\\/wp-content\\\/uploads\\\/2024\\\/07\\\/Rabaiotti.png\",\"datePublished\":\"2024-07-13T06:08:53+00:00\",\"dateModified\":\"2024-09-23T19:15:03+00:00\",\"breadcrumb\":{\"@id\":\"https:\\\/\\\/www.curalab.polimi.it\\\/?page_id=3445#breadcrumb\"},\"inLanguage\":\"en-US\",\"potentialAction\":[{\"@type\":\"ReadAction\",\"target\":[\"https:\\\/\\\/www.curalab.polimi.it\\\/?page_id=3445\"]}]},{\"@type\":\"ImageObject\",\"inLanguage\":\"en-US\",\"@id\":\"https:\\\/\\\/www.curalab.polimi.it\\\/?page_id=3445#primaryimage\",\"url\":\"https:\\\/\\\/www.curalab.polimi.it\\\/wp-content\\\/uploads\\\/2024\\\/07\\\/Rabaiotti.png\",\"contentUrl\":\"https:\\\/\\\/www.curalab.polimi.it\\\/wp-content\\\/uploads\\\/2024\\\/07\\\/Rabaiotti.png\",\"width\":800,\"height\":600},{\"@type\":\"BreadcrumbList\",\"@id\":\"https:\\\/\\\/www.curalab.polimi.it\\\/?page_id=3445#breadcrumb\",\"itemListElement\":[{\"@type\":\"ListItem\",\"position\":1,\"name\":\"Home\",\"item\":\"https:\\\/\\\/www.curalab.polimi.it\\\/\"},{\"@type\":\"ListItem\",\"position\":2,\"name\":\"OMG! Milano &#8211; Dibattito in aula consiliare: l\u2019intervento del Consigliere Rabaiotti\"}]},{\"@type\":\"WebSite\",\"@id\":\"https:\\\/\\\/www.curalab.polimi.it\\\/#website\",\"url\":\"https:\\\/\\\/www.curalab.polimi.it\\\/\",\"name\":\"CURA Lab\",\"description\":\"Dipartimento di Architettura e Studi Urbani, Politecnico di Milano -                           Dipartimento di Scienze Umane per la Formazione &quot;Riccardo Massa&quot;,           Universit\u00e0 degli Studi di Milano Bicocca\",\"publisher\":{\"@id\":\"https:\\\/\\\/www.curalab.polimi.it\\\/#organization\"},\"potentialAction\":[{\"@type\":\"SearchAction\",\"target\":{\"@type\":\"EntryPoint\",\"urlTemplate\":\"https:\\\/\\\/www.curalab.polimi.it\\\/?s={search_term_string}\"},\"query-input\":{\"@type\":\"PropertyValueSpecification\",\"valueRequired\":true,\"valueName\":\"search_term_string\"}}],\"inLanguage\":\"en-US\"},{\"@type\":\"Organization\",\"@id\":\"https:\\\/\\\/www.curalab.polimi.it\\\/#organization\",\"name\":\"CURA Lab\",\"url\":\"https:\\\/\\\/www.curalab.polimi.it\\\/\",\"logo\":{\"@type\":\"ImageObject\",\"inLanguage\":\"en-US\",\"@id\":\"https:\\\/\\\/www.curalab.polimi.it\\\/#\\\/schema\\\/logo\\\/image\\\/\",\"url\":\"https:\\\/\\\/www.curalab.polimi.it\\\/wp-content\\\/uploads\\\/2024\\\/07\\\/cropped-logocuralab2.png\",\"contentUrl\":\"https:\\\/\\\/www.curalab.polimi.it\\\/wp-content\\\/uploads\\\/2024\\\/07\\\/cropped-logocuralab2.png\",\"width\":240,\"height\":112,\"caption\":\"CURA Lab\"},\"image\":{\"@id\":\"https:\\\/\\\/www.curalab.polimi.it\\\/#\\\/schema\\\/logo\\\/image\\\/\"}}]}<\/script>\n<!-- \/ Yoast SEO plugin. -->","yoast_head_json":{"title":"OMG! Milano - Dibattito in aula consiliare: l\u2019intervento del Consigliere Rabaiotti - CURA Lab","robots":{"index":"index","follow":"follow","max-snippet":"max-snippet:-1","max-image-preview":"max-image-preview:large","max-video-preview":"max-video-preview:-1"},"canonical":"https:\/\/www.curalab.polimi.it\/?page_id=3445","og_locale":"en_US","og_type":"article","og_title":"OMG! Milano - Dibattito in aula consiliare: l\u2019intervento del Consigliere Rabaiotti - CURA Lab","og_description":"22.02.2023 | Dibattito in aula consiliare: l\u2019intervento del Consigliere Rabaiotti Questo contributo \u00e8 una trascrizione dell\u2019intervento tenuto durante il Consiglio Comunale del 22 dicembre 2022 dal Consigliere Gabriele Rabaiotti, capogruppo della lista \u201cSala Sindaco\u201d, gi\u00e0 Assessore ai Lavori pubblici e alla Casa nella precedente consiliatura. La sensazione, che \u00e8 pi\u00f9 di una sensazione (per quanto &hellip; Continue reading \"OMG! Milano &#8211; Dibattito in aula consiliare: l\u2019intervento del Consigliere Rabaiotti\"","og_url":"https:\/\/www.curalab.polimi.it\/?page_id=3445","og_site_name":"CURA Lab","article_modified_time":"2024-09-23T19:15:03+00:00","og_image":[{"url":"http:\/\/www.curalab.polimi.it\/wp-content\/uploads\/2024\/07\/Rabaiotti.png","type":"","width":"","height":""}],"twitter_card":"summary_large_image","twitter_misc":{"Est. reading time":"4 minutes"},"schema":{"@context":"https:\/\/schema.org","@graph":[{"@type":"WebPage","@id":"https:\/\/www.curalab.polimi.it\/?page_id=3445","url":"https:\/\/www.curalab.polimi.it\/?page_id=3445","name":"OMG! Milano - Dibattito in aula consiliare: l\u2019intervento del Consigliere Rabaiotti - CURA Lab","isPartOf":{"@id":"https:\/\/www.curalab.polimi.it\/#website"},"primaryImageOfPage":{"@id":"https:\/\/www.curalab.polimi.it\/?page_id=3445#primaryimage"},"image":{"@id":"https:\/\/www.curalab.polimi.it\/?page_id=3445#primaryimage"},"thumbnailUrl":"http:\/\/www.curalab.polimi.it\/wp-content\/uploads\/2024\/07\/Rabaiotti.png","datePublished":"2024-07-13T06:08:53+00:00","dateModified":"2024-09-23T19:15:03+00:00","breadcrumb":{"@id":"https:\/\/www.curalab.polimi.it\/?page_id=3445#breadcrumb"},"inLanguage":"en-US","potentialAction":[{"@type":"ReadAction","target":["https:\/\/www.curalab.polimi.it\/?page_id=3445"]}]},{"@type":"ImageObject","inLanguage":"en-US","@id":"https:\/\/www.curalab.polimi.it\/?page_id=3445#primaryimage","url":"https:\/\/www.curalab.polimi.it\/wp-content\/uploads\/2024\/07\/Rabaiotti.png","contentUrl":"https:\/\/www.curalab.polimi.it\/wp-content\/uploads\/2024\/07\/Rabaiotti.png","width":800,"height":600},{"@type":"BreadcrumbList","@id":"https:\/\/www.curalab.polimi.it\/?page_id=3445#breadcrumb","itemListElement":[{"@type":"ListItem","position":1,"name":"Home","item":"https:\/\/www.curalab.polimi.it\/"},{"@type":"ListItem","position":2,"name":"OMG! Milano &#8211; Dibattito in aula consiliare: l\u2019intervento del Consigliere Rabaiotti"}]},{"@type":"WebSite","@id":"https:\/\/www.curalab.polimi.it\/#website","url":"https:\/\/www.curalab.polimi.it\/","name":"CURA Lab","description":"Dipartimento di Architettura e Studi Urbani, Politecnico di Milano -                           Dipartimento di Scienze Umane per la Formazione &quot;Riccardo Massa&quot;,           Universit\u00e0 degli Studi di Milano Bicocca","publisher":{"@id":"https:\/\/www.curalab.polimi.it\/#organization"},"potentialAction":[{"@type":"SearchAction","target":{"@type":"EntryPoint","urlTemplate":"https:\/\/www.curalab.polimi.it\/?s={search_term_string}"},"query-input":{"@type":"PropertyValueSpecification","valueRequired":true,"valueName":"search_term_string"}}],"inLanguage":"en-US"},{"@type":"Organization","@id":"https:\/\/www.curalab.polimi.it\/#organization","name":"CURA Lab","url":"https:\/\/www.curalab.polimi.it\/","logo":{"@type":"ImageObject","inLanguage":"en-US","@id":"https:\/\/www.curalab.polimi.it\/#\/schema\/logo\/image\/","url":"https:\/\/www.curalab.polimi.it\/wp-content\/uploads\/2024\/07\/cropped-logocuralab2.png","contentUrl":"https:\/\/www.curalab.polimi.it\/wp-content\/uploads\/2024\/07\/cropped-logocuralab2.png","width":240,"height":112,"caption":"CURA Lab"},"image":{"@id":"https:\/\/www.curalab.polimi.it\/#\/schema\/logo\/image\/"}}]}},"_links":{"self":[{"href":"https:\/\/www.curalab.polimi.it\/index.php?rest_route=\/wp\/v2\/pages\/3445","targetHints":{"allow":["GET"]}}],"collection":[{"href":"https:\/\/www.curalab.polimi.it\/index.php?rest_route=\/wp\/v2\/pages"}],"about":[{"href":"https:\/\/www.curalab.polimi.it\/index.php?rest_route=\/wp\/v2\/types\/page"}],"author":[{"embeddable":true,"href":"https:\/\/www.curalab.polimi.it\/index.php?rest_route=\/wp\/v2\/users\/12"}],"replies":[{"embeddable":true,"href":"https:\/\/www.curalab.polimi.it\/index.php?rest_route=%2Fwp%2Fv2%2Fcomments&post=3445"}],"version-history":[{"count":29,"href":"https:\/\/www.curalab.polimi.it\/index.php?rest_route=\/wp\/v2\/pages\/3445\/revisions"}],"predecessor-version":[{"id":5595,"href":"https:\/\/www.curalab.polimi.it\/index.php?rest_route=\/wp\/v2\/pages\/3445\/revisions\/5595"}],"wp:attachment":[{"href":"https:\/\/www.curalab.polimi.it\/index.php?rest_route=%2Fwp%2Fv2%2Fmedia&parent=3445"}],"curies":[{"name":"wp","href":"https:\/\/api.w.org\/{rel}","templated":true}]}}