{"id":3437,"date":"2024-07-13T05:54:40","date_gmt":"2024-07-13T05:54:40","guid":{"rendered":"https:\/\/www.curalab.polimi.it\/?page_id=3437"},"modified":"2024-09-23T19:14:13","modified_gmt":"2024-09-23T19:14:13","slug":"omg-milano-vicino-ma-lontano-nota-di-campo","status":"publish","type":"page","link":"https:\/\/www.curalab.polimi.it\/?page_id=3437","title":{"rendered":"OMG! Milano &#8211; Vicino ma lontano"},"content":{"rendered":"\t\t<div data-elementor-type=\"wp-page\" data-elementor-id=\"3437\" class=\"elementor elementor-3437\">\n\t\t\t\t<div class=\"elementor-element elementor-element-75e71b6 e-flex e-con-boxed e-con e-parent\" data-id=\"75e71b6\" data-element_type=\"container\" data-e-type=\"container\">\n\t\t\t\t\t<div class=\"e-con-inner\">\n\t\t\t\t<div class=\"elementor-element elementor-element-98f383d elementor-widget__width-initial elementor-widget elementor-widget-text-editor\" data-id=\"98f383d\" data-element_type=\"widget\" data-e-type=\"widget\" data-widget_type=\"text-editor.default\">\n\t\t\t\t<div class=\"elementor-widget-container\">\n\t\t\t\t\t\t\t\t\t<p><span style=\"color: #ebb688;\"><em>22.02.2023 <\/em><\/span>| <strong>Vicino ma lontano \u2013 nota di campo<\/strong><\/p>\t\t\t\t\t\t\t\t<\/div>\n\t\t\t\t<\/div>\n\t\t\t\t\t<\/div>\n\t\t\t\t<\/div>\n\t\t<div class=\"elementor-element elementor-element-ff06d80 e-grid e-con-boxed e-con e-parent\" data-id=\"ff06d80\" data-element_type=\"container\" data-e-type=\"container\">\n\t\t\t\t\t<div class=\"e-con-inner\">\n\t\t<div class=\"elementor-element elementor-element-e6e60b6 e-flex e-con-boxed e-con e-child\" data-id=\"e6e60b6\" data-element_type=\"container\" data-e-type=\"container\">\n\t\t\t\t\t<div class=\"e-con-inner\">\n\t\t\t\t<div class=\"elementor-element elementor-element-114bfa1 elementor-widget elementor-widget-text-editor\" data-id=\"114bfa1\" data-element_type=\"widget\" data-e-type=\"widget\" data-widget_type=\"text-editor.default\">\n\t\t\t\t<div class=\"elementor-widget-container\">\n\t\t\t\t\t\t\t\t\t<p>Il Comitato di Quartiere \u00e8 un soggetto storico del quadrilatero di edilizia popolare di San Siro. Fondato negli anni Novanta, nel corso dei decenni ha visto cambiare pi\u00f9 volte la sua composizione. Oggi \u00e8 formato da un nucleo stabile di residenti anziani, pi\u00f9 un gruppo variabile di volontari.\u00a0Il Comitato di Quartiere funge da interfaccia con il territorio per le istituzioni e in particolare per ALER, l\u2019Azienda Lombarda Edilizia Residenziale Milano, che a San Siro gestisce la totalit\u00e0 del patrimonio immobiliare rimasto ancora pubblico. Settimanalmente, i membri del Comitato riportano ai funzionari ALER problematiche puntuali e questioni da affrontare relative innanzitutto alla manutenzione degli stabili.<\/p><p>Torno alla riunione settimanale del gruppo dopo mesi di assenza. La sua sede \u00e8 rimasta invariata, ma i poster alle pareti \u2013 due in particolare catturano la mia attenzione, uno sull\u2019analisi logica, l\u2019altro su quella grammaticale \u2013 e la disposizione dei tavoli parlano di nuove collaborazioni avviate con volontari e scuole di italiano per stranieri.<br \/>Provo a sondare le opinioni dei presenti in merito all\u2019ipotesi di demolizione dello stadio. Il Comitato non ha elaborato una posizione collettiva, ma i punti di vista dei singoli membri sembrano comunque coincidere. C\u2019\u00e8 chi propone un ammodernamento, chi la demolizione del terzo anello, chi il trasferimento delle attivit\u00e0 sportive altrove. Di base per\u00f2 il Meazza costituisce innanzitutto un luogo della memoria, pi\u00f9 che della \u201crigenerazione\u201d. Gianni mi racconta di quando da ragazzo la domenica scavalcava i cancelli per intrufolarsi a vedere le partite di pallone. Ida ha un figlio che ha fatto parte degli ultr\u00e0 del Milan, negli anni in cui il tifo estremo e i movimenti sociali avevano trovato una curiosa comunione.<\/p>\t\t\t\t\t\t\t\t<\/div>\n\t\t\t\t<\/div>\n\t\t\t\t\t<\/div>\n\t\t\t\t<\/div>\n\t\t<div class=\"elementor-element elementor-element-c445a86 e-con-full e-flex e-con e-child\" data-id=\"c445a86\" data-element_type=\"container\" data-e-type=\"container\">\n\t\t\t\t<div class=\"elementor-element elementor-element-9e6aba9 elementor-widget elementor-widget-image\" data-id=\"9e6aba9\" data-element_type=\"widget\" data-e-type=\"widget\" data-widget_type=\"image.default\">\n\t\t\t\t<div class=\"elementor-widget-container\">\n\t\t\t\t\t\t\t\t\t\t\t\t\t\t\t<img fetchpriority=\"high\" decoding=\"async\" width=\"770\" height=\"577\" src=\"https:\/\/www.curalab.polimi.it\/wp-content\/uploads\/2024\/07\/Vicino-Lontano.jpg\" class=\"attachment-large size-large wp-image-3254\" alt=\"\" srcset=\"https:\/\/www.curalab.polimi.it\/wp-content\/uploads\/2024\/07\/Vicino-Lontano.jpg 770w, https:\/\/www.curalab.polimi.it\/wp-content\/uploads\/2024\/07\/Vicino-Lontano-300x225.jpg 300w, https:\/\/www.curalab.polimi.it\/wp-content\/uploads\/2024\/07\/Vicino-Lontano-768x576.jpg 768w\" sizes=\"(max-width: 770px) 85vw, 770px\" \/>\t\t\t\t\t\t\t\t\t\t\t\t\t\t\t<\/div>\n\t\t\t\t<\/div>\n\t\t\t\t<div class=\"elementor-element elementor-element-7efab84 elementor-widget elementor-widget-text-editor\" data-id=\"7efab84\" data-element_type=\"widget\" data-e-type=\"widget\" data-widget_type=\"text-editor.default\">\n\t\t\t\t<div class=\"elementor-widget-container\">\n\t\t\t\t\t\t\t\t\t<p>Il progetto di rifacimento viene descritto come inutile. Di nuovo, percepisco la lontananza relativa di un mega intervento di cui non si conoscono tempi e modalit\u00e0 di realizzazione. Ida, ad esempio, \u00e8 convinta che i lavori di rifacimento potrebbero riqualificare anche una delle vie che attraversano il quadrilatero di edilizia residenziale pubblica, cosa in realt\u00e0 poco probabile. Gianni si lamenta del fatto che le case in costruzione inserite nel progetto di riqualificazione dell\u2019ex trotto avranno prezzi al metro quadro insostenibili per giovani coppie o anziani. Del Dibattito Pubblico i membri del Comitato non sanno nulla e nessuno ha chiesto la loro opinione.<br \/>La discussione si sposta in fretta su altre tematiche. Un residente si lamenta della presenza di rifiuti nel proprio cortile. Gianni condivide la difficolt\u00e0 di trovare un muratore in grado di fare una fattura per un lavoro di ristrutturazione di un piccolo magazzino che verr\u00e0 utilizzato per raccogliere vestiti usati e beni alimentari da distribuire in quartiere. Spiega che molti residenti impiegati nel settore edile guadagnano intorno alle 7 euro in nero.<br \/>Un giornalista di un quotidiano nazionale fa il suo ingresso armato di telecamera. Vuole conoscere l\u2019opinione dei membri del Comitato sulle primarie del Partito Democratico. Le interviste si trasformano in elenchi di problematiche che si accumulano le une sulle altre, si intersecano in una matassa non sbrogliabile. Individuano wicked problems, direbbero gli urbanisti, difficili addirittura da riconoscere e illustrare. Raccontare San Siro \u00e8 un\u2019impresa faticosa a chi ha solamente un\u2019ora a disposizione. Cos\u00ec\u2019 impostato, il dispositivo narrativo del giornalismo non riesce a cogliere la complessit\u00e0 delle questioni. Ne conseguono servizi video di tre minuti in cui immagini di edifici sgarrupati si alternano a quelle che sembrano solo lamentele, il tutto accompagnato da colonne sonore drammatiche che costruiscono un immaginario fatto di povert\u00e0 e privazione che non ne indaga le cause e le responsabilit\u00e0 collettive.<\/p><p>Lo stadio e il suo progetto di abbattimento stanno altrove, al di l\u00e0 di un confine simbolico che si affaccia su futurismi urbani troppo distanti. Il Meazza \u00e8 luogo della memoria, ma la materialit\u00e0 dei bisogni primari spingono in un\u2019altra direzione. Le connessioni tra un uno dei pi\u00f9 importanti progetti trasformativi di Milano e le case popolari di San Siro qui sembrano paradossalmente deboli. Si fa fatica a preoccuparsene, se non a latere di azioni considerate prioritarie e basilari.<\/p><p><em>Nota: I nomi propri citati sono fittizi<\/em><\/p>\t\t\t\t\t\t\t\t<\/div>\n\t\t\t\t<\/div>\n\t\t\t\t<\/div>\n\t\t\t\t\t<\/div>\n\t\t\t\t<\/div>\n\t\t\t\t<\/div>\n\t\t","protected":false},"excerpt":{"rendered":"<p>22.02.2023 | Vicino ma lontano \u2013 nota di campo Il Comitato di Quartiere \u00e8 un soggetto storico del quadrilatero di edilizia popolare di San Siro. Fondato negli anni Novanta, nel corso dei decenni ha visto cambiare pi\u00f9 volte la sua composizione. Oggi \u00e8 formato da un nucleo stabile di residenti anziani, pi\u00f9 un gruppo variabile &hellip; <a href=\"https:\/\/www.curalab.polimi.it\/?page_id=3437\" class=\"more-link\">Continue reading<span class=\"screen-reader-text\"> &#8220;OMG! Milano &#8211; Vicino ma lontano&#8221;<\/span><\/a><\/p>\n","protected":false},"author":12,"featured_media":0,"parent":0,"menu_order":0,"comment_status":"closed","ping_status":"closed","template":"elementor_header_footer","meta":{"footnotes":""},"class_list":["post-3437","page","type-page","status-publish","hentry"],"yoast_head":"<!-- This site is optimized with the Yoast SEO plugin v27.4 - https:\/\/yoast.com\/product\/yoast-seo-wordpress\/ -->\n<title>OMG! Milano - Vicino ma lontano - CURA Lab<\/title>\n<meta name=\"robots\" content=\"index, follow, max-snippet:-1, max-image-preview:large, max-video-preview:-1\" \/>\n<link rel=\"canonical\" href=\"https:\/\/www.curalab.polimi.it\/?page_id=3437\" \/>\n<meta property=\"og:locale\" content=\"en_US\" \/>\n<meta property=\"og:type\" content=\"article\" \/>\n<meta property=\"og:title\" content=\"OMG! Milano - Vicino ma lontano - CURA Lab\" \/>\n<meta property=\"og:description\" content=\"22.02.2023 | Vicino ma lontano \u2013 nota di campo Il Comitato di Quartiere \u00e8 un soggetto storico del quadrilatero di edilizia popolare di San Siro. Fondato negli anni Novanta, nel corso dei decenni ha visto cambiare pi\u00f9 volte la sua composizione. Oggi \u00e8 formato da un nucleo stabile di residenti anziani, pi\u00f9 un gruppo variabile &hellip; Continue reading &quot;OMG! Milano &#8211; Vicino ma lontano&quot;\" \/>\n<meta property=\"og:url\" content=\"https:\/\/www.curalab.polimi.it\/?page_id=3437\" \/>\n<meta property=\"og:site_name\" content=\"CURA Lab\" \/>\n<meta property=\"article:modified_time\" content=\"2024-09-23T19:14:13+00:00\" \/>\n<meta property=\"og:image\" content=\"http:\/\/www.curalab.polimi.it\/wp-content\/uploads\/2024\/07\/Vicino-Lontano.jpg\" \/>\n<meta name=\"twitter:card\" content=\"summary_large_image\" \/>\n<meta name=\"twitter:label1\" content=\"Est. reading time\" \/>\n\t<meta name=\"twitter:data1\" content=\"4 minutes\" \/>\n<script type=\"application\/ld+json\" class=\"yoast-schema-graph\">{\"@context\":\"https:\\\/\\\/schema.org\",\"@graph\":[{\"@type\":\"WebPage\",\"@id\":\"https:\\\/\\\/www.curalab.polimi.it\\\/?page_id=3437\",\"url\":\"https:\\\/\\\/www.curalab.polimi.it\\\/?page_id=3437\",\"name\":\"OMG! Milano - Vicino ma lontano - CURA Lab\",\"isPartOf\":{\"@id\":\"https:\\\/\\\/www.curalab.polimi.it\\\/#website\"},\"primaryImageOfPage\":{\"@id\":\"https:\\\/\\\/www.curalab.polimi.it\\\/?page_id=3437#primaryimage\"},\"image\":{\"@id\":\"https:\\\/\\\/www.curalab.polimi.it\\\/?page_id=3437#primaryimage\"},\"thumbnailUrl\":\"http:\\\/\\\/www.curalab.polimi.it\\\/wp-content\\\/uploads\\\/2024\\\/07\\\/Vicino-Lontano.jpg\",\"datePublished\":\"2024-07-13T05:54:40+00:00\",\"dateModified\":\"2024-09-23T19:14:13+00:00\",\"breadcrumb\":{\"@id\":\"https:\\\/\\\/www.curalab.polimi.it\\\/?page_id=3437#breadcrumb\"},\"inLanguage\":\"en-US\",\"potentialAction\":[{\"@type\":\"ReadAction\",\"target\":[\"https:\\\/\\\/www.curalab.polimi.it\\\/?page_id=3437\"]}]},{\"@type\":\"ImageObject\",\"inLanguage\":\"en-US\",\"@id\":\"https:\\\/\\\/www.curalab.polimi.it\\\/?page_id=3437#primaryimage\",\"url\":\"https:\\\/\\\/www.curalab.polimi.it\\\/wp-content\\\/uploads\\\/2024\\\/07\\\/Vicino-Lontano.jpg\",\"contentUrl\":\"https:\\\/\\\/www.curalab.polimi.it\\\/wp-content\\\/uploads\\\/2024\\\/07\\\/Vicino-Lontano.jpg\",\"width\":770,\"height\":577},{\"@type\":\"BreadcrumbList\",\"@id\":\"https:\\\/\\\/www.curalab.polimi.it\\\/?page_id=3437#breadcrumb\",\"itemListElement\":[{\"@type\":\"ListItem\",\"position\":1,\"name\":\"Home\",\"item\":\"https:\\\/\\\/www.curalab.polimi.it\\\/\"},{\"@type\":\"ListItem\",\"position\":2,\"name\":\"OMG! Milano &#8211; Vicino ma lontano\"}]},{\"@type\":\"WebSite\",\"@id\":\"https:\\\/\\\/www.curalab.polimi.it\\\/#website\",\"url\":\"https:\\\/\\\/www.curalab.polimi.it\\\/\",\"name\":\"CURA Lab\",\"description\":\"Dipartimento di Architettura e Studi Urbani, Politecnico di Milano -                           Dipartimento di Scienze Umane per la Formazione &quot;Riccardo Massa&quot;,           Universit\u00e0 degli Studi di Milano Bicocca\",\"publisher\":{\"@id\":\"https:\\\/\\\/www.curalab.polimi.it\\\/#organization\"},\"potentialAction\":[{\"@type\":\"SearchAction\",\"target\":{\"@type\":\"EntryPoint\",\"urlTemplate\":\"https:\\\/\\\/www.curalab.polimi.it\\\/?s={search_term_string}\"},\"query-input\":{\"@type\":\"PropertyValueSpecification\",\"valueRequired\":true,\"valueName\":\"search_term_string\"}}],\"inLanguage\":\"en-US\"},{\"@type\":\"Organization\",\"@id\":\"https:\\\/\\\/www.curalab.polimi.it\\\/#organization\",\"name\":\"CURA Lab\",\"url\":\"https:\\\/\\\/www.curalab.polimi.it\\\/\",\"logo\":{\"@type\":\"ImageObject\",\"inLanguage\":\"en-US\",\"@id\":\"https:\\\/\\\/www.curalab.polimi.it\\\/#\\\/schema\\\/logo\\\/image\\\/\",\"url\":\"https:\\\/\\\/www.curalab.polimi.it\\\/wp-content\\\/uploads\\\/2024\\\/07\\\/cropped-logocuralab2.png\",\"contentUrl\":\"https:\\\/\\\/www.curalab.polimi.it\\\/wp-content\\\/uploads\\\/2024\\\/07\\\/cropped-logocuralab2.png\",\"width\":240,\"height\":112,\"caption\":\"CURA Lab\"},\"image\":{\"@id\":\"https:\\\/\\\/www.curalab.polimi.it\\\/#\\\/schema\\\/logo\\\/image\\\/\"}}]}<\/script>\n<!-- \/ Yoast SEO plugin. -->","yoast_head_json":{"title":"OMG! Milano - Vicino ma lontano - CURA Lab","robots":{"index":"index","follow":"follow","max-snippet":"max-snippet:-1","max-image-preview":"max-image-preview:large","max-video-preview":"max-video-preview:-1"},"canonical":"https:\/\/www.curalab.polimi.it\/?page_id=3437","og_locale":"en_US","og_type":"article","og_title":"OMG! Milano - Vicino ma lontano - CURA Lab","og_description":"22.02.2023 | Vicino ma lontano \u2013 nota di campo Il Comitato di Quartiere \u00e8 un soggetto storico del quadrilatero di edilizia popolare di San Siro. Fondato negli anni Novanta, nel corso dei decenni ha visto cambiare pi\u00f9 volte la sua composizione. Oggi \u00e8 formato da un nucleo stabile di residenti anziani, pi\u00f9 un gruppo variabile &hellip; Continue reading \"OMG! Milano &#8211; Vicino ma lontano\"","og_url":"https:\/\/www.curalab.polimi.it\/?page_id=3437","og_site_name":"CURA Lab","article_modified_time":"2024-09-23T19:14:13+00:00","og_image":[{"url":"http:\/\/www.curalab.polimi.it\/wp-content\/uploads\/2024\/07\/Vicino-Lontano.jpg","type":"","width":"","height":""}],"twitter_card":"summary_large_image","twitter_misc":{"Est. reading time":"4 minutes"},"schema":{"@context":"https:\/\/schema.org","@graph":[{"@type":"WebPage","@id":"https:\/\/www.curalab.polimi.it\/?page_id=3437","url":"https:\/\/www.curalab.polimi.it\/?page_id=3437","name":"OMG! Milano - Vicino ma lontano - CURA Lab","isPartOf":{"@id":"https:\/\/www.curalab.polimi.it\/#website"},"primaryImageOfPage":{"@id":"https:\/\/www.curalab.polimi.it\/?page_id=3437#primaryimage"},"image":{"@id":"https:\/\/www.curalab.polimi.it\/?page_id=3437#primaryimage"},"thumbnailUrl":"http:\/\/www.curalab.polimi.it\/wp-content\/uploads\/2024\/07\/Vicino-Lontano.jpg","datePublished":"2024-07-13T05:54:40+00:00","dateModified":"2024-09-23T19:14:13+00:00","breadcrumb":{"@id":"https:\/\/www.curalab.polimi.it\/?page_id=3437#breadcrumb"},"inLanguage":"en-US","potentialAction":[{"@type":"ReadAction","target":["https:\/\/www.curalab.polimi.it\/?page_id=3437"]}]},{"@type":"ImageObject","inLanguage":"en-US","@id":"https:\/\/www.curalab.polimi.it\/?page_id=3437#primaryimage","url":"https:\/\/www.curalab.polimi.it\/wp-content\/uploads\/2024\/07\/Vicino-Lontano.jpg","contentUrl":"https:\/\/www.curalab.polimi.it\/wp-content\/uploads\/2024\/07\/Vicino-Lontano.jpg","width":770,"height":577},{"@type":"BreadcrumbList","@id":"https:\/\/www.curalab.polimi.it\/?page_id=3437#breadcrumb","itemListElement":[{"@type":"ListItem","position":1,"name":"Home","item":"https:\/\/www.curalab.polimi.it\/"},{"@type":"ListItem","position":2,"name":"OMG! Milano &#8211; Vicino ma lontano"}]},{"@type":"WebSite","@id":"https:\/\/www.curalab.polimi.it\/#website","url":"https:\/\/www.curalab.polimi.it\/","name":"CURA Lab","description":"Dipartimento di Architettura e Studi Urbani, Politecnico di Milano -                           Dipartimento di Scienze Umane per la Formazione &quot;Riccardo Massa&quot;,           Universit\u00e0 degli Studi di Milano Bicocca","publisher":{"@id":"https:\/\/www.curalab.polimi.it\/#organization"},"potentialAction":[{"@type":"SearchAction","target":{"@type":"EntryPoint","urlTemplate":"https:\/\/www.curalab.polimi.it\/?s={search_term_string}"},"query-input":{"@type":"PropertyValueSpecification","valueRequired":true,"valueName":"search_term_string"}}],"inLanguage":"en-US"},{"@type":"Organization","@id":"https:\/\/www.curalab.polimi.it\/#organization","name":"CURA Lab","url":"https:\/\/www.curalab.polimi.it\/","logo":{"@type":"ImageObject","inLanguage":"en-US","@id":"https:\/\/www.curalab.polimi.it\/#\/schema\/logo\/image\/","url":"https:\/\/www.curalab.polimi.it\/wp-content\/uploads\/2024\/07\/cropped-logocuralab2.png","contentUrl":"https:\/\/www.curalab.polimi.it\/wp-content\/uploads\/2024\/07\/cropped-logocuralab2.png","width":240,"height":112,"caption":"CURA Lab"},"image":{"@id":"https:\/\/www.curalab.polimi.it\/#\/schema\/logo\/image\/"}}]}},"_links":{"self":[{"href":"https:\/\/www.curalab.polimi.it\/index.php?rest_route=\/wp\/v2\/pages\/3437","targetHints":{"allow":["GET"]}}],"collection":[{"href":"https:\/\/www.curalab.polimi.it\/index.php?rest_route=\/wp\/v2\/pages"}],"about":[{"href":"https:\/\/www.curalab.polimi.it\/index.php?rest_route=\/wp\/v2\/types\/page"}],"author":[{"embeddable":true,"href":"https:\/\/www.curalab.polimi.it\/index.php?rest_route=\/wp\/v2\/users\/12"}],"replies":[{"embeddable":true,"href":"https:\/\/www.curalab.polimi.it\/index.php?rest_route=%2Fwp%2Fv2%2Fcomments&post=3437"}],"version-history":[{"count":20,"href":"https:\/\/www.curalab.polimi.it\/index.php?rest_route=\/wp\/v2\/pages\/3437\/revisions"}],"predecessor-version":[{"id":5592,"href":"https:\/\/www.curalab.polimi.it\/index.php?rest_route=\/wp\/v2\/pages\/3437\/revisions\/5592"}],"wp:attachment":[{"href":"https:\/\/www.curalab.polimi.it\/index.php?rest_route=%2Fwp%2Fv2%2Fmedia&parent=3437"}],"curies":[{"name":"wp","href":"https:\/\/api.w.org\/{rel}","templated":true}]}}