{"id":3420,"date":"2024-07-12T19:46:34","date_gmt":"2024-07-12T19:46:34","guid":{"rendered":"https:\/\/www.curalab.polimi.it\/?page_id=3420"},"modified":"2024-09-23T19:11:57","modified_gmt":"2024-09-23T19:11:57","slug":"omg-milano-note-a-margine-di-un-colloquio-con-emilio-faroldi","status":"publish","type":"page","link":"https:\/\/www.curalab.polimi.it\/?page_id=3420","title":{"rendered":"OMG! Milano &#8211; Note a margine di un colloquio con Emilio Faroldi"},"content":{"rendered":"\t\t<div data-elementor-type=\"wp-page\" data-elementor-id=\"3420\" class=\"elementor elementor-3420\">\n\t\t\t\t<div class=\"elementor-element elementor-element-fa45510 e-flex e-con-boxed e-con e-parent\" data-id=\"fa45510\" data-element_type=\"container\" data-e-type=\"container\">\n\t\t\t\t\t<div class=\"e-con-inner\">\n\t\t\t\t<div class=\"elementor-element elementor-element-af1619b elementor-widget__width-initial elementor-widget elementor-widget-text-editor\" data-id=\"af1619b\" data-element_type=\"widget\" data-e-type=\"widget\" data-widget_type=\"text-editor.default\">\n\t\t\t\t<div class=\"elementor-widget-container\">\n\t\t\t\t\t\t\t\t\t<p><span style=\"color: #ebb688;\"><em>12.04.2023<\/em><\/span> | <strong>Note a margine di un colloquio con Emilio Faroldi<\/strong><\/p>\t\t\t\t\t\t\t\t<\/div>\n\t\t\t\t<\/div>\n\t\t\t\t\t<\/div>\n\t\t\t\t<\/div>\n\t\t<div class=\"elementor-element elementor-element-d0962a3 e-grid e-con-boxed e-con e-parent\" data-id=\"d0962a3\" data-element_type=\"container\" data-e-type=\"container\">\n\t\t\t\t\t<div class=\"e-con-inner\">\n\t\t<div class=\"elementor-element elementor-element-d0c5496 e-flex e-con-boxed e-con e-child\" data-id=\"d0c5496\" data-element_type=\"container\" data-e-type=\"container\">\n\t\t\t\t\t<div class=\"e-con-inner\">\n\t\t\t\t<div class=\"elementor-element elementor-element-4b40329 elementor-widget elementor-widget-text-editor\" data-id=\"4b40329\" data-element_type=\"widget\" data-e-type=\"widget\" data-widget_type=\"text-editor.default\">\n\t\t\t\t<div class=\"elementor-widget-container\">\n\t\t\t\t\t\t\t\t\t<p>A cura di Francesca Cognetti e Paolo Grassi<br \/>28 marzo 2023, Politecnico di Milano<\/p><p>Emilio Faroldi, professore ordinario e prorettore al Politecnico di Milano, oltre che direttore del Master in Sport Design and Management presso la stessa universit\u00e0, \u00e8 sicuramente un esperto a cui chiedere un\u2019opinione informata sulle vicende riguardanti l\u2019ipotesi di abbattimento e ricostruzione dello stadio di San Siro.<br \/>Propone di incontrarci nel suo ampio ufficio presso il Rettorato. Dietro la sua scrivania una gigantografia di Brasilia, sulla parete a destra alcuni manifesti legati ad eventi del Politecnico sono custoditi da cornici bianche. Sull\u2019altro lato della stanza una libreria di legno scuro accoglie volumi, riviste e alcune foto di famiglia. Ci sediamo intorno a un tavolo e iniziamo a conversare:<\/p><p>\u2013 Qual \u00e8 il vostro punto di vista sullo stadio? \u2013 ci chiede per iniziare.<\/p><p>\u2013 In questo momento vorremmo analizzare il processo trasformativo che lo riguarda \u2013 dichiariamo, ponendoci in ascolto e smarcandoci da posizionamenti assolutisti in modo da instaurare un dialogo costruttivo.<\/p><p>Il suo punto di vista sul progetto aderisce in parte a quello dell\u2019Inter e del Milan, dato che ha seguito queste vicende da lungo tempo, quando nel 2016 si parlava di un nuovo stadio del Milan presso l\u2019area della Fiera di Milano (mentre l\u2019Inter sarebbe rimasto al Meazza). Spiega che l\u2019eccezionalit\u00e0 della proposta discussa con il Dibattito Pubblico stava nella collaborazione tra i due club. Faroldi utilizza spesso esempi tratti da altri paesi europei per sostenere le sue argomentazioni. Cita nomi di club e di stadi, dati quantitativi e normative. Non esistono altri casi in cui due squadre avversarie abbiano proposto di costruire uno stadio insieme. Secondo Faroldi tale elemento costituisce un punto di forza che l\u2019amministrazione non dovrebbe sottostimare, a maggior ragione considerando l\u2019importanza delle due squadre, a livello nazionale e internazionale.<\/p>\t\t\t\t\t\t\t\t<\/div>\n\t\t\t\t<\/div>\n\t\t\t\t\t<\/div>\n\t\t\t\t<\/div>\n\t\t<div class=\"elementor-element elementor-element-0013053 e-con-full e-flex e-con e-child\" data-id=\"0013053\" data-element_type=\"container\" data-e-type=\"container\">\n\t\t\t\t<div class=\"elementor-element elementor-element-6ed2924 elementor-widget elementor-widget-image\" data-id=\"6ed2924\" data-element_type=\"widget\" data-e-type=\"widget\" data-widget_type=\"image.default\">\n\t\t\t\t<div class=\"elementor-widget-container\">\n\t\t\t\t\t\t\t\t\t\t\t\t\t\t\t<img fetchpriority=\"high\" decoding=\"async\" width=\"800\" height=\"600\" src=\"https:\/\/www.curalab.polimi.it\/wp-content\/uploads\/2024\/07\/Faroldi.jpg\" class=\"attachment-large size-large wp-image-3244\" alt=\"\" srcset=\"https:\/\/www.curalab.polimi.it\/wp-content\/uploads\/2024\/07\/Faroldi.jpg 800w, https:\/\/www.curalab.polimi.it\/wp-content\/uploads\/2024\/07\/Faroldi-300x225.jpg 300w, https:\/\/www.curalab.polimi.it\/wp-content\/uploads\/2024\/07\/Faroldi-768x576.jpg 768w\" sizes=\"(max-width: 800px) 85vw, 800px\" \/>\t\t\t\t\t\t\t\t\t\t\t\t\t\t\t<\/div>\n\t\t\t\t<\/div>\n\t\t\t\t<div class=\"elementor-element elementor-element-0ff180c elementor-widget elementor-widget-text-editor\" data-id=\"0ff180c\" data-element_type=\"widget\" data-e-type=\"widget\" data-widget_type=\"text-editor.default\">\n\t\t\t\t<div class=\"elementor-widget-container\">\n\t\t\t\t\t\t\t\t\t<p>Per Faroldi la costruzione di uno stadio \u00e8 innanzitutto un\u2019opportunit\u00e0, un modo per creare un\u2019infrastruttura urbana capace di trasformare e rigenerare un pezzo intero di citt\u00e0. I mondiali di calcio del \u201990 hanno da questo punto di vista rappresentato un\u2019occasione perduta: non si \u00e8 colta l\u2019opportunit\u00e0 di fare dei maggiori stadi italiani delle infrastrutture capaci di innervare il territorio, con funzioni pubbliche importanti. Lo stadio \u00e8 \u201cla punta dell\u2019iceberg\u201d di un universo che collega i ragazzi dei vivai ai calciatori pi\u00f9 affermati, passando per attivit\u00e0 economiche, culturali e sociali e il fenomeno del \u201ctifo\u201d. Lo stadio \u00e8 un edificio attrattore e attrattivo, certo difficile da gestire per i grandi flussi che mobilita, paragonato da Faroldi a grandi edifici quali San Pietro, o la Mecca. Questa gestione ha dei costi molto alti che non vengono coperti dai biglietti di ingresso. Oggi i proventi del calcio sono legati ad altro e comunque l\u2019investimento ha bisogno di altre funzioni per essere remunerativo.<br \/>Lo stadio Meazza \u00e8 una struttura obsoleta, forse ristrutturabile, ma di certo vecchia e non pi\u00f9 efficiente. Su questo punto Faroldi \u00e8 categorico: troppo cemento, poca sicurezza, troppi posti a sedere. Non \u00e8 neanche possibile installare una rete wi-fi efficiente, che in questo momento non \u00e8 presente. Lo stadio Meazza non ha valore storico. La sua importanza \u00e8 piuttosto legata a una dimensione simbolica, alle emozioni che \u00e8 in grado di produrre:<\/p><p>\u2013 Prendete il vecchio Wembley. Lo hanno completamente rifatto, ma conserva la sua rilevanza, anche per la storia che incarna, a prescindere dalla sua forma architettonica \u2013<\/p><p>Ci\u00f2 detto, la demolizione non sembra una strada realmente percorribile: si parla di 450 milioni di euro contro i 200 che servirebbero per la costruzione di uno nuovo. Le altre due opzioni riguardano l\u2019abbattimento e la ricostruzione di un nuovo stadio o la costruzione di un secondo stadio, adibendo il Meazza ad altri usi. Faroldi, tuttavia, non da cenno all\u2019impatto ambientale di simili operazioni.<br \/>Inoltre, a suo parere, lo Stadio andrebbe mantenuto l\u00ec: su quel territorio ha contribuito a costruire e consolidare la \u201cvocazione sportiva\u201d di San Siro. Il quartiere ha costruito negli anni quella sua connotazione, anche attraverso la presenza degli ippodromi e dei parchi, che non pu\u00f2 essere spazzata via, pena uno stravolgimento dell\u2019attuale assetto urbano dell\u2019area. Il rischio \u00e8 quello di avere uno stadio vuoto, un abbandono che trainerebbe degrado e che potrebbe sfociare in una nuova speculazione edilizia. Gli stadi, se pensati in modo complesso, costituiscono una funziona urbana: devono quindi rimanere in citt\u00e0, al pari dei campus universitari.<br \/>La questione critica sollevata da Faroldi riguarda il ruolo degli attori istituzionali e la mancanza di una regia forte, di una visione e di chiare linee di azione, unite a una marcata indecisione nell\u2019orientare la proposta. Non si tratta quindi di negare la necessit\u00e0 del progetto, ma di coglierne le opportunit\u00e0 di sviluppo. Faroldi critica inoltre i tempi del Dibattito Pubblico, arrivato in ritardo rispetto al processo in atto.<br \/>Proviamo a problematizzare la sua posizione. Gli chiediamo se sia davvero possibile sganciare totalmente la disposizione sportiva dell\u2019area dalle architetture che oggi la caratterizzano. Faroldi \u00e8 convinto di s\u00ec: gli spazi si scrivono e si riscrivono da sempre. Non dobbiamo averne paura.<br \/>Ci chiediamo se tale affermazione valga sempre e comunque e a quali condizioni. Emerge qui nuovamente la centralit\u00e0 della dimensione politica e di chi \u00e8 chiamato a garantire l\u2019interesse pubblico.<\/p>\t\t\t\t\t\t\t\t<\/div>\n\t\t\t\t<\/div>\n\t\t\t\t<\/div>\n\t\t\t\t\t<\/div>\n\t\t\t\t<\/div>\n\t\t\t\t<\/div>\n\t\t","protected":false},"excerpt":{"rendered":"<p>12.04.2023 | Note a margine di un colloquio con Emilio Faroldi A cura di Francesca Cognetti e Paolo Grassi28 marzo 2023, Politecnico di Milano Emilio Faroldi, professore ordinario e prorettore al Politecnico di Milano, oltre che direttore del Master in Sport Design and Management presso la stessa universit\u00e0, \u00e8 sicuramente un esperto a cui chiedere &hellip; <a href=\"https:\/\/www.curalab.polimi.it\/?page_id=3420\" class=\"more-link\">Continue reading<span class=\"screen-reader-text\"> &#8220;OMG! Milano &#8211; Note a margine di un colloquio con Emilio Faroldi&#8221;<\/span><\/a><\/p>\n","protected":false},"author":12,"featured_media":0,"parent":0,"menu_order":0,"comment_status":"closed","ping_status":"closed","template":"elementor_header_footer","meta":{"footnotes":""},"class_list":["post-3420","page","type-page","status-publish","hentry"],"yoast_head":"<!-- This site is optimized with the Yoast SEO plugin v27.4 - https:\/\/yoast.com\/product\/yoast-seo-wordpress\/ -->\n<title>OMG! Milano - Note a margine di un colloquio con Emilio Faroldi - CURA Lab<\/title>\n<meta name=\"robots\" content=\"index, follow, max-snippet:-1, max-image-preview:large, max-video-preview:-1\" \/>\n<link rel=\"canonical\" href=\"https:\/\/www.curalab.polimi.it\/?page_id=3420\" \/>\n<meta property=\"og:locale\" content=\"en_US\" \/>\n<meta property=\"og:type\" content=\"article\" \/>\n<meta property=\"og:title\" content=\"OMG! Milano - Note a margine di un colloquio con Emilio Faroldi - CURA Lab\" \/>\n<meta property=\"og:description\" content=\"12.04.2023 | Note a margine di un colloquio con Emilio Faroldi A cura di Francesca Cognetti e Paolo Grassi28 marzo 2023, Politecnico di Milano Emilio Faroldi, professore ordinario e prorettore al Politecnico di Milano, oltre che direttore del Master in Sport Design and Management presso la stessa universit\u00e0, \u00e8 sicuramente un esperto a cui chiedere &hellip; Continue reading &quot;OMG! Milano &#8211; Note a margine di un colloquio con Emilio Faroldi&quot;\" \/>\n<meta property=\"og:url\" content=\"https:\/\/www.curalab.polimi.it\/?page_id=3420\" \/>\n<meta property=\"og:site_name\" content=\"CURA Lab\" \/>\n<meta property=\"article:modified_time\" content=\"2024-09-23T19:11:57+00:00\" \/>\n<meta property=\"og:image\" content=\"http:\/\/www.curalab.polimi.it\/wp-content\/uploads\/2024\/07\/Faroldi.jpg\" \/>\n<meta name=\"twitter:card\" content=\"summary_large_image\" \/>\n<meta name=\"twitter:label1\" content=\"Est. reading time\" \/>\n\t<meta name=\"twitter:data1\" content=\"4 minutes\" \/>\n<script type=\"application\/ld+json\" class=\"yoast-schema-graph\">{\"@context\":\"https:\\\/\\\/schema.org\",\"@graph\":[{\"@type\":\"WebPage\",\"@id\":\"https:\\\/\\\/www.curalab.polimi.it\\\/?page_id=3420\",\"url\":\"https:\\\/\\\/www.curalab.polimi.it\\\/?page_id=3420\",\"name\":\"OMG! Milano - Note a margine di un colloquio con Emilio Faroldi - CURA Lab\",\"isPartOf\":{\"@id\":\"https:\\\/\\\/www.curalab.polimi.it\\\/#website\"},\"primaryImageOfPage\":{\"@id\":\"https:\\\/\\\/www.curalab.polimi.it\\\/?page_id=3420#primaryimage\"},\"image\":{\"@id\":\"https:\\\/\\\/www.curalab.polimi.it\\\/?page_id=3420#primaryimage\"},\"thumbnailUrl\":\"http:\\\/\\\/www.curalab.polimi.it\\\/wp-content\\\/uploads\\\/2024\\\/07\\\/Faroldi.jpg\",\"datePublished\":\"2024-07-12T19:46:34+00:00\",\"dateModified\":\"2024-09-23T19:11:57+00:00\",\"breadcrumb\":{\"@id\":\"https:\\\/\\\/www.curalab.polimi.it\\\/?page_id=3420#breadcrumb\"},\"inLanguage\":\"en-US\",\"potentialAction\":[{\"@type\":\"ReadAction\",\"target\":[\"https:\\\/\\\/www.curalab.polimi.it\\\/?page_id=3420\"]}]},{\"@type\":\"ImageObject\",\"inLanguage\":\"en-US\",\"@id\":\"https:\\\/\\\/www.curalab.polimi.it\\\/?page_id=3420#primaryimage\",\"url\":\"https:\\\/\\\/www.curalab.polimi.it\\\/wp-content\\\/uploads\\\/2024\\\/07\\\/Faroldi.jpg\",\"contentUrl\":\"https:\\\/\\\/www.curalab.polimi.it\\\/wp-content\\\/uploads\\\/2024\\\/07\\\/Faroldi.jpg\",\"width\":800,\"height\":600},{\"@type\":\"BreadcrumbList\",\"@id\":\"https:\\\/\\\/www.curalab.polimi.it\\\/?page_id=3420#breadcrumb\",\"itemListElement\":[{\"@type\":\"ListItem\",\"position\":1,\"name\":\"Home\",\"item\":\"https:\\\/\\\/www.curalab.polimi.it\\\/\"},{\"@type\":\"ListItem\",\"position\":2,\"name\":\"OMG! Milano &#8211; Note a margine di un colloquio con Emilio Faroldi\"}]},{\"@type\":\"WebSite\",\"@id\":\"https:\\\/\\\/www.curalab.polimi.it\\\/#website\",\"url\":\"https:\\\/\\\/www.curalab.polimi.it\\\/\",\"name\":\"CURA Lab\",\"description\":\"Dipartimento di Architettura e Studi Urbani, Politecnico di Milano -                           Dipartimento di Scienze Umane per la Formazione &quot;Riccardo Massa&quot;,           Universit\u00e0 degli Studi di Milano Bicocca\",\"publisher\":{\"@id\":\"https:\\\/\\\/www.curalab.polimi.it\\\/#organization\"},\"potentialAction\":[{\"@type\":\"SearchAction\",\"target\":{\"@type\":\"EntryPoint\",\"urlTemplate\":\"https:\\\/\\\/www.curalab.polimi.it\\\/?s={search_term_string}\"},\"query-input\":{\"@type\":\"PropertyValueSpecification\",\"valueRequired\":true,\"valueName\":\"search_term_string\"}}],\"inLanguage\":\"en-US\"},{\"@type\":\"Organization\",\"@id\":\"https:\\\/\\\/www.curalab.polimi.it\\\/#organization\",\"name\":\"CURA Lab\",\"url\":\"https:\\\/\\\/www.curalab.polimi.it\\\/\",\"logo\":{\"@type\":\"ImageObject\",\"inLanguage\":\"en-US\",\"@id\":\"https:\\\/\\\/www.curalab.polimi.it\\\/#\\\/schema\\\/logo\\\/image\\\/\",\"url\":\"https:\\\/\\\/www.curalab.polimi.it\\\/wp-content\\\/uploads\\\/2024\\\/07\\\/cropped-logocuralab2.png\",\"contentUrl\":\"https:\\\/\\\/www.curalab.polimi.it\\\/wp-content\\\/uploads\\\/2024\\\/07\\\/cropped-logocuralab2.png\",\"width\":240,\"height\":112,\"caption\":\"CURA Lab\"},\"image\":{\"@id\":\"https:\\\/\\\/www.curalab.polimi.it\\\/#\\\/schema\\\/logo\\\/image\\\/\"}}]}<\/script>\n<!-- \/ Yoast SEO plugin. -->","yoast_head_json":{"title":"OMG! Milano - Note a margine di un colloquio con Emilio Faroldi - CURA Lab","robots":{"index":"index","follow":"follow","max-snippet":"max-snippet:-1","max-image-preview":"max-image-preview:large","max-video-preview":"max-video-preview:-1"},"canonical":"https:\/\/www.curalab.polimi.it\/?page_id=3420","og_locale":"en_US","og_type":"article","og_title":"OMG! Milano - Note a margine di un colloquio con Emilio Faroldi - CURA Lab","og_description":"12.04.2023 | Note a margine di un colloquio con Emilio Faroldi A cura di Francesca Cognetti e Paolo Grassi28 marzo 2023, Politecnico di Milano Emilio Faroldi, professore ordinario e prorettore al Politecnico di Milano, oltre che direttore del Master in Sport Design and Management presso la stessa universit\u00e0, \u00e8 sicuramente un esperto a cui chiedere &hellip; Continue reading \"OMG! Milano &#8211; Note a margine di un colloquio con Emilio Faroldi\"","og_url":"https:\/\/www.curalab.polimi.it\/?page_id=3420","og_site_name":"CURA Lab","article_modified_time":"2024-09-23T19:11:57+00:00","og_image":[{"url":"http:\/\/www.curalab.polimi.it\/wp-content\/uploads\/2024\/07\/Faroldi.jpg","type":"","width":"","height":""}],"twitter_card":"summary_large_image","twitter_misc":{"Est. reading time":"4 minutes"},"schema":{"@context":"https:\/\/schema.org","@graph":[{"@type":"WebPage","@id":"https:\/\/www.curalab.polimi.it\/?page_id=3420","url":"https:\/\/www.curalab.polimi.it\/?page_id=3420","name":"OMG! Milano - Note a margine di un colloquio con Emilio Faroldi - CURA Lab","isPartOf":{"@id":"https:\/\/www.curalab.polimi.it\/#website"},"primaryImageOfPage":{"@id":"https:\/\/www.curalab.polimi.it\/?page_id=3420#primaryimage"},"image":{"@id":"https:\/\/www.curalab.polimi.it\/?page_id=3420#primaryimage"},"thumbnailUrl":"http:\/\/www.curalab.polimi.it\/wp-content\/uploads\/2024\/07\/Faroldi.jpg","datePublished":"2024-07-12T19:46:34+00:00","dateModified":"2024-09-23T19:11:57+00:00","breadcrumb":{"@id":"https:\/\/www.curalab.polimi.it\/?page_id=3420#breadcrumb"},"inLanguage":"en-US","potentialAction":[{"@type":"ReadAction","target":["https:\/\/www.curalab.polimi.it\/?page_id=3420"]}]},{"@type":"ImageObject","inLanguage":"en-US","@id":"https:\/\/www.curalab.polimi.it\/?page_id=3420#primaryimage","url":"https:\/\/www.curalab.polimi.it\/wp-content\/uploads\/2024\/07\/Faroldi.jpg","contentUrl":"https:\/\/www.curalab.polimi.it\/wp-content\/uploads\/2024\/07\/Faroldi.jpg","width":800,"height":600},{"@type":"BreadcrumbList","@id":"https:\/\/www.curalab.polimi.it\/?page_id=3420#breadcrumb","itemListElement":[{"@type":"ListItem","position":1,"name":"Home","item":"https:\/\/www.curalab.polimi.it\/"},{"@type":"ListItem","position":2,"name":"OMG! Milano &#8211; Note a margine di un colloquio con Emilio Faroldi"}]},{"@type":"WebSite","@id":"https:\/\/www.curalab.polimi.it\/#website","url":"https:\/\/www.curalab.polimi.it\/","name":"CURA Lab","description":"Dipartimento di Architettura e Studi Urbani, Politecnico di Milano -                           Dipartimento di Scienze Umane per la Formazione &quot;Riccardo Massa&quot;,           Universit\u00e0 degli Studi di Milano Bicocca","publisher":{"@id":"https:\/\/www.curalab.polimi.it\/#organization"},"potentialAction":[{"@type":"SearchAction","target":{"@type":"EntryPoint","urlTemplate":"https:\/\/www.curalab.polimi.it\/?s={search_term_string}"},"query-input":{"@type":"PropertyValueSpecification","valueRequired":true,"valueName":"search_term_string"}}],"inLanguage":"en-US"},{"@type":"Organization","@id":"https:\/\/www.curalab.polimi.it\/#organization","name":"CURA Lab","url":"https:\/\/www.curalab.polimi.it\/","logo":{"@type":"ImageObject","inLanguage":"en-US","@id":"https:\/\/www.curalab.polimi.it\/#\/schema\/logo\/image\/","url":"https:\/\/www.curalab.polimi.it\/wp-content\/uploads\/2024\/07\/cropped-logocuralab2.png","contentUrl":"https:\/\/www.curalab.polimi.it\/wp-content\/uploads\/2024\/07\/cropped-logocuralab2.png","width":240,"height":112,"caption":"CURA Lab"},"image":{"@id":"https:\/\/www.curalab.polimi.it\/#\/schema\/logo\/image\/"}}]}},"_links":{"self":[{"href":"https:\/\/www.curalab.polimi.it\/index.php?rest_route=\/wp\/v2\/pages\/3420","targetHints":{"allow":["GET"]}}],"collection":[{"href":"https:\/\/www.curalab.polimi.it\/index.php?rest_route=\/wp\/v2\/pages"}],"about":[{"href":"https:\/\/www.curalab.polimi.it\/index.php?rest_route=\/wp\/v2\/types\/page"}],"author":[{"embeddable":true,"href":"https:\/\/www.curalab.polimi.it\/index.php?rest_route=\/wp\/v2\/users\/12"}],"replies":[{"embeddable":true,"href":"https:\/\/www.curalab.polimi.it\/index.php?rest_route=%2Fwp%2Fv2%2Fcomments&post=3420"}],"version-history":[{"count":25,"href":"https:\/\/www.curalab.polimi.it\/index.php?rest_route=\/wp\/v2\/pages\/3420\/revisions"}],"predecessor-version":[{"id":5586,"href":"https:\/\/www.curalab.polimi.it\/index.php?rest_route=\/wp\/v2\/pages\/3420\/revisions\/5586"}],"wp:attachment":[{"href":"https:\/\/www.curalab.polimi.it\/index.php?rest_route=%2Fwp%2Fv2%2Fmedia&parent=3420"}],"curies":[{"name":"wp","href":"https:\/\/api.w.org\/{rel}","templated":true}]}}