{"id":1978,"date":"2024-06-12T12:36:04","date_gmt":"2024-06-12T12:36:04","guid":{"rendered":"https:\/\/www.curalab.polimi.it\/?page_id=1978"},"modified":"2024-12-08T18:48:01","modified_gmt":"2024-12-08T18:48:01","slug":"collaborative-research-soholab","status":"publish","type":"page","link":"https:\/\/www.curalab.polimi.it\/?page_id=1978","title":{"rendered":"Collaborative research &#8211; SoHoLab"},"content":{"rendered":"\t\t<div data-elementor-type=\"wp-page\" data-elementor-id=\"1978\" class=\"elementor elementor-1978\">\n\t\t\t\t<div class=\"elementor-element elementor-element-fe62c04 elementor-hidden-desktop e-flex e-con-boxed e-con e-parent\" data-id=\"fe62c04\" data-element_type=\"container\" data-e-type=\"container\">\n\t\t\t\t\t<div class=\"e-con-inner\">\n\t\t\t\t<div class=\"elementor-element elementor-element-b7bd012 elementor-widget__width-initial elementor-widget elementor-widget-text-editor\" data-id=\"b7bd012\" data-element_type=\"widget\" data-e-type=\"widget\" data-widget_type=\"text-editor.default\">\n\t\t\t\t<div class=\"elementor-widget-container\">\n\t\t\t\t\t\t\t\t\t<p><strong>SoHoLab. The regeneration of large-scale social housing estates through living labs<\/strong><\/p>\t\t\t\t\t\t\t\t<\/div>\n\t\t\t\t<\/div>\n\t\t\t\t\t<\/div>\n\t\t\t\t<\/div>\n\t\t<div class=\"elementor-element elementor-element-c45d2fa e-grid elementor-hidden-tablet elementor-hidden-mobile elementor-hidden-laptop e-con-boxed e-con e-parent\" data-id=\"c45d2fa\" data-element_type=\"container\" data-e-type=\"container\">\n\t\t\t\t\t<div class=\"e-con-inner\">\n\t\t<div class=\"elementor-element elementor-element-5839006 e-flex e-con-boxed e-con e-child\" data-id=\"5839006\" data-element_type=\"container\" data-e-type=\"container\">\n\t\t\t\t\t<div class=\"e-con-inner\">\n\t\t<div class=\"elementor-element elementor-element-4bb5b13 e-con-full e-flex e-con e-child\" data-id=\"4bb5b13\" data-element_type=\"container\" data-e-type=\"container\">\n\t\t\t\t<div class=\"elementor-element elementor-element-be716cb elementor-widget__width-initial elementor-widget elementor-widget-text-editor\" data-id=\"be716cb\" data-element_type=\"widget\" data-e-type=\"widget\" data-widget_type=\"text-editor.default\">\n\t\t\t\t<div class=\"elementor-widget-container\">\n\t\t\t\t\t\t\t\t\t<p><strong>SoHoLab.<br \/>The regeneration of large-scale social housing estates through living labs<\/strong><\/p>\t\t\t\t\t\t\t\t<\/div>\n\t\t\t\t<\/div>\n\t\t\t\t<div class=\"elementor-element elementor-element-6f3d8b0 elementor-widget elementor-widget-text-editor\" data-id=\"6f3d8b0\" data-element_type=\"widget\" data-e-type=\"widget\" data-widget_type=\"text-editor.default\">\n\t\t\t\t<div class=\"elementor-widget-container\">\n\t\t\t\t\t\t\t\t\t<p><em>Progetto co-finanziato attraverso il Bando ENSUF (ERA-NET Cofund Smart Urban Futures) nell\u2019ambito del Joint Programming Initiative (JPI) Urban Europe lanciato dalla Commissione europea e finanziato dall\u2019Unione europea tramite il programma di ricerca e innovazione Horizon 2020.<br \/><\/em>Partners del progetto: <em>Cosmopolis \u2013 Vrije Universiteit Brussel, Soci\u00e9t\u00e9 du Logement de la R\u00e9gion Bruxelles Capitale, Samenlevingsopbouw, Habitat et R\u00e9novation, DAStU \u2013 Politecnico di Milano, \u00c9upolis Lombardia, Osservatorio Regionale sulla Condizione Abitativa \u2013 Regione Lombardia, Azienda Lombarda Edilizia Residenziale, Associazione Temporiuso, AHTTEP \u2013 AUSSER \u2013 \u00c9cole Nationale Sup\u00e9rieure d\u2019Architecture Paris La Villette, AA Feraru, Immobili\u00e8re 3F<br \/><\/em>Periodo: <em>2017-2020<\/em><\/p><p>L&#8217;obiettivo del progetto \u00e8 stato quello di testare e valutare gli approcci LivingLab per capire come abitanti, associazioni e stakeholder locali possano essere coinvolti efficacemente nella rigenerazione di grandi complessi di edilizia sociale. Le esperienze di ricerca-azione si sono sviluppate in tre contesti urbani (Bruxelles in Belgio, Milano in Italia e Parigi in Francia) anche in una logica comparativa.<\/p>\t\t\t\t\t\t\t\t<\/div>\n\t\t\t\t<\/div>\n\t\t\t\t<\/div>\n\t\t\t\t\t<\/div>\n\t\t\t\t<\/div>\n\t\t<div class=\"elementor-element elementor-element-3585638 e-flex e-con-boxed e-con e-child\" data-id=\"3585638\" data-element_type=\"container\" data-e-type=\"container\">\n\t\t\t\t\t<div class=\"e-con-inner\">\n\t\t\t\t<div class=\"elementor-element elementor-element-e522b16 elementor-widget elementor-widget-image\" data-id=\"e522b16\" data-element_type=\"widget\" data-e-type=\"widget\" data-widget_type=\"image.default\">\n\t\t\t\t<div class=\"elementor-widget-container\">\n\t\t\t\t\t\t\t\t\t\t\t\t\t\t\t<img fetchpriority=\"high\" decoding=\"async\" width=\"1200\" height=\"1600\" src=\"https:\/\/www.curalab.polimi.it\/wp-content\/uploads\/2024\/05\/SOHO.jpg\" class=\"attachment-full size-full wp-image-1363\" alt=\"\" srcset=\"https:\/\/www.curalab.polimi.it\/wp-content\/uploads\/2024\/05\/SOHO.jpg 1200w, https:\/\/www.curalab.polimi.it\/wp-content\/uploads\/2024\/05\/SOHO-225x300.jpg 225w, https:\/\/www.curalab.polimi.it\/wp-content\/uploads\/2024\/05\/SOHO-768x1024.jpg 768w, https:\/\/www.curalab.polimi.it\/wp-content\/uploads\/2024\/05\/SOHO-1152x1536.jpg 1152w\" sizes=\"(max-width: 709px) 85vw, (max-width: 909px) 67vw, (max-width: 1362px) 62vw, 840px\" \/>\t\t\t\t\t\t\t\t\t\t\t\t\t\t\t<\/div>\n\t\t\t\t<\/div>\n\t\t\t\t\t<\/div>\n\t\t\t\t<\/div>\n\t\t\t\t\t<\/div>\n\t\t\t\t<\/div>\n\t\t<div class=\"elementor-element elementor-element-ae9b377 elementor-hidden-desktop e-flex e-con-boxed e-con e-parent\" data-id=\"ae9b377\" data-element_type=\"container\" data-e-type=\"container\">\n\t\t\t\t\t<div class=\"e-con-inner\">\n\t\t\t\t<div class=\"elementor-element elementor-element-3a06a3b elementor-hidden-mobile elementor-widget elementor-widget-text-editor\" data-id=\"3a06a3b\" data-element_type=\"widget\" data-e-type=\"widget\" data-widget_type=\"text-editor.default\">\n\t\t\t\t<div class=\"elementor-widget-container\">\n\t\t\t\t\t\t\t\t\t<p><em>Progetto co-finanziato attraverso il Bando ENSUF (ERA-NET Cofund Smart Urban Futures) nell\u2019ambito del Joint Programming Initiative (JPI) Urban Europe lanciato dalla Commissione europea e finanziato dall\u2019Unione europea tramite il programma di ricerca e innovazione Horizon 2020.<\/em><\/p><p>Partners del progetto:\u00a0Cosmopolis \u2013 Vrije Universiteit Brussel, Soci\u00e9t\u00e9 du Logement de la R\u00e9gion Bruxelles Capitale, Samenlevingsopbouw, Habitat et R\u00e9novation, DAStU \u2013 Politecnico di Milano, \u00c9upolis Lombardia, Osservatorio Regionale sulla Condizione Abitativa \u2013 Regione Lombardia, Azienda Lombarda Edilizia Residenziale, Associazione Temporiuso, AHTTEP \u2013 AUSSER \u2013 \u00c9cole Nationale Sup\u00e9rieure d\u2019Architecture Paris La Villette, AA Feraru, Immobili\u00e8re 3F<\/p><p>Periodo:\u00a02017-2020<\/p><p>L&#8217; obiettivo del progetto \u00e8 stato quello di testare e valutare gli approcci LivingLab per capire come abitanti, associazioni e stakeholder locali possano essere coinvolti efficacemente nella rigenerazione di grandi complessi di edilizia sociale. Le esperienze di ricerca-azione si sono sviluppate in tre contesti urbani (Bruxelles in Belgio, Milano in Italia e Parigi in Francia) anche in una logica comparativa.<em><br \/><\/em><\/p>\t\t\t\t\t\t\t\t<\/div>\n\t\t\t\t<\/div>\n\t\t\t\t<div class=\"elementor-element elementor-element-69ac859 elementor-hidden-desktop elementor-hidden-laptop elementor-hidden-tablet elementor-widget elementor-widget-text-editor\" data-id=\"69ac859\" data-element_type=\"widget\" data-e-type=\"widget\" data-widget_type=\"text-editor.default\">\n\t\t\t\t<div class=\"elementor-widget-container\">\n\t\t\t\t\t\t\t\t\t<p><em>Progetto co-finanziato attraverso il Bando ENSUF (ERA-NET Cofund Smart Urban Futures) nell\u2019ambito del Joint Programming Initiative (JPI) Urban Europe lanciato dalla Commissione europea e finanziato dall\u2019Unione europea tramite il programma di ricerca e innovazione Horizon 2020.<\/em><\/p>\n<p>Partners del progetto:&nbsp;Cosmopolis \u2013 Vrije Universiteit Brussel, Soci\u00e9t\u00e9 du Logement de la R\u00e9gion Bruxelles Capitale, Samenlevingsopbouw, Habitat et R\u00e9novation, DAStU \u2013 Politecnico di Milano, \u00c9upolis Lombardia, Osservatorio Regionale sulla Condizione Abitativa \u2013 Regione Lombardia, Azienda Lombarda Edilizia Residenziale, Associazione Temporiuso, AHTTEP \u2013 AUSSER \u2013 \u00c9cole Nationale Sup\u00e9rieure d\u2019Architecture Paris La Villette, AA Feraru, Immobili\u00e8re 3F<\/p>\n<p>Periodo:&nbsp;2017-2020<\/p>\t\t\t\t\t\t\t\t<\/div>\n\t\t\t\t<\/div>\n\t\t\t\t<div class=\"elementor-element elementor-element-8cffb56 elementor-hidden-desktop elementor-hidden-laptop elementor-hidden-tablet elementor-widget elementor-widget-text-editor\" data-id=\"8cffb56\" data-element_type=\"widget\" data-e-type=\"widget\" data-widget_type=\"text-editor.default\">\n\t\t\t\t<div class=\"elementor-widget-container\">\n\t\t\t\t\t\t\t\t\t<p>L&#8217; obiettivo del progetto \u00e8 stato quello di testare e valutare gli approcci LivingLab per capire come abitanti, associazioni e stakeholder locali possano essere coinvolti efficacemente nella rigenerazione di grandi complessi di edilizia sociale. Le esperienze di ricerca-azione si sono sviluppate in tre contesti urbani (Bruxelles in Belgio, Milano in Italia e Parigi in Francia) anche in una logica comparativa.<\/p>\t\t\t\t\t\t\t\t<\/div>\n\t\t\t\t<\/div>\n\t\t\t\t<div class=\"elementor-element elementor-element-a9e75e6 elementor-widget elementor-widget-image\" data-id=\"a9e75e6\" data-element_type=\"widget\" data-e-type=\"widget\" data-widget_type=\"image.default\">\n\t\t\t\t<div class=\"elementor-widget-container\">\n\t\t\t\t\t\t\t\t\t\t\t\t\t\t\t<img decoding=\"async\" width=\"840\" height=\"672\" src=\"https:\/\/www.curalab.polimi.it\/wp-content\/uploads\/2024\/06\/SOHO-1024x819.jpg\" class=\"attachment-large size-large wp-image-2107\" alt=\"\" srcset=\"https:\/\/www.curalab.polimi.it\/wp-content\/uploads\/2024\/06\/SOHO-1024x819.jpg 1024w, https:\/\/www.curalab.polimi.it\/wp-content\/uploads\/2024\/06\/SOHO-300x240.jpg 300w, https:\/\/www.curalab.polimi.it\/wp-content\/uploads\/2024\/06\/SOHO-768x614.jpg 768w, https:\/\/www.curalab.polimi.it\/wp-content\/uploads\/2024\/06\/elementor\/thumbs\/SOHO-qqdzbdu4ekwizzzv1bfqi3cgxgl9ueuh3gfz9aqygg.jpg 750w, https:\/\/www.curalab.polimi.it\/wp-content\/uploads\/2024\/06\/SOHO.jpg 1200w\" sizes=\"(max-width: 709px) 85vw, (max-width: 909px) 67vw, (max-width: 1362px) 62vw, 840px\" \/>\t\t\t\t\t\t\t\t\t\t\t\t\t\t\t<\/div>\n\t\t\t\t<\/div>\n\t\t\t\t\t<\/div>\n\t\t\t\t<\/div>\n\t\t\t\t<\/div>\n\t\t","protected":false},"excerpt":{"rendered":"<p>SoHoLab. The regeneration of large-scale social housing estates through living labs SoHoLab.The regeneration of large-scale social housing estates through living labs Progetto co-finanziato attraverso il Bando ENSUF (ERA-NET Cofund Smart Urban Futures) nell\u2019ambito del Joint Programming Initiative (JPI) Urban Europe lanciato dalla Commissione europea e finanziato dall\u2019Unione europea tramite il programma di ricerca e innovazione &hellip; <a href=\"https:\/\/www.curalab.polimi.it\/?page_id=1978\" class=\"more-link\">Continue reading<span class=\"screen-reader-text\"> &#8220;Collaborative research &#8211; SoHoLab&#8221;<\/span><\/a><\/p>\n","protected":false},"author":12,"featured_media":0,"parent":0,"menu_order":0,"comment_status":"closed","ping_status":"closed","template":"elementor_header_footer","meta":{"footnotes":""},"class_list":["post-1978","page","type-page","status-publish","hentry"],"yoast_head":"<!-- This site is optimized with the Yoast SEO plugin v27.4 - https:\/\/yoast.com\/product\/yoast-seo-wordpress\/ -->\n<title>Collaborative research - SoHoLab - CURA Lab<\/title>\n<meta name=\"robots\" content=\"index, follow, max-snippet:-1, max-image-preview:large, max-video-preview:-1\" \/>\n<link rel=\"canonical\" href=\"https:\/\/www.curalab.polimi.it\/?page_id=1978\" \/>\n<meta property=\"og:locale\" content=\"en_US\" \/>\n<meta property=\"og:type\" content=\"article\" \/>\n<meta property=\"og:title\" content=\"Collaborative research - SoHoLab - CURA Lab\" \/>\n<meta property=\"og:description\" content=\"SoHoLab. The regeneration of large-scale social housing estates through living labs SoHoLab.The regeneration of large-scale social housing estates through living labs Progetto co-finanziato attraverso il Bando ENSUF (ERA-NET Cofund Smart Urban Futures) nell\u2019ambito del Joint Programming Initiative (JPI) Urban Europe lanciato dalla Commissione europea e finanziato dall\u2019Unione europea tramite il programma di ricerca e innovazione &hellip; Continue reading &quot;Collaborative research &#8211; SoHoLab&quot;\" \/>\n<meta property=\"og:url\" content=\"https:\/\/www.curalab.polimi.it\/?page_id=1978\" \/>\n<meta property=\"og:site_name\" content=\"CURA Lab\" \/>\n<meta property=\"article:modified_time\" content=\"2024-12-08T18:48:01+00:00\" \/>\n<meta property=\"og:image\" content=\"https:\/\/www.curalab.polimi.it\/wp-content\/uploads\/2024\/05\/SOHO.jpg\" \/>\n\t<meta property=\"og:image:width\" content=\"1200\" \/>\n\t<meta property=\"og:image:height\" content=\"1600\" \/>\n\t<meta property=\"og:image:type\" content=\"image\/jpeg\" \/>\n<meta name=\"twitter:card\" content=\"summary_large_image\" \/>\n<meta name=\"twitter:label1\" content=\"Est. reading time\" \/>\n\t<meta name=\"twitter:data1\" content=\"3 minutes\" \/>\n<script type=\"application\/ld+json\" class=\"yoast-schema-graph\">{\"@context\":\"https:\\\/\\\/schema.org\",\"@graph\":[{\"@type\":\"WebPage\",\"@id\":\"https:\\\/\\\/www.curalab.polimi.it\\\/?page_id=1978\",\"url\":\"https:\\\/\\\/www.curalab.polimi.it\\\/?page_id=1978\",\"name\":\"Collaborative research - SoHoLab - CURA Lab\",\"isPartOf\":{\"@id\":\"https:\\\/\\\/www.curalab.polimi.it\\\/#website\"},\"primaryImageOfPage\":{\"@id\":\"https:\\\/\\\/www.curalab.polimi.it\\\/?page_id=1978#primaryimage\"},\"image\":{\"@id\":\"https:\\\/\\\/www.curalab.polimi.it\\\/?page_id=1978#primaryimage\"},\"thumbnailUrl\":\"http:\\\/\\\/www.curalab.polimi.it\\\/wp-content\\\/uploads\\\/2024\\\/05\\\/SOHO.jpg\",\"datePublished\":\"2024-06-12T12:36:04+00:00\",\"dateModified\":\"2024-12-08T18:48:01+00:00\",\"breadcrumb\":{\"@id\":\"https:\\\/\\\/www.curalab.polimi.it\\\/?page_id=1978#breadcrumb\"},\"inLanguage\":\"en-US\",\"potentialAction\":[{\"@type\":\"ReadAction\",\"target\":[\"https:\\\/\\\/www.curalab.polimi.it\\\/?page_id=1978\"]}]},{\"@type\":\"ImageObject\",\"inLanguage\":\"en-US\",\"@id\":\"https:\\\/\\\/www.curalab.polimi.it\\\/?page_id=1978#primaryimage\",\"url\":\"https:\\\/\\\/www.curalab.polimi.it\\\/wp-content\\\/uploads\\\/2024\\\/05\\\/SOHO.jpg\",\"contentUrl\":\"https:\\\/\\\/www.curalab.polimi.it\\\/wp-content\\\/uploads\\\/2024\\\/05\\\/SOHO.jpg\",\"width\":1200,\"height\":1600},{\"@type\":\"BreadcrumbList\",\"@id\":\"https:\\\/\\\/www.curalab.polimi.it\\\/?page_id=1978#breadcrumb\",\"itemListElement\":[{\"@type\":\"ListItem\",\"position\":1,\"name\":\"Home\",\"item\":\"https:\\\/\\\/www.curalab.polimi.it\\\/\"},{\"@type\":\"ListItem\",\"position\":2,\"name\":\"Collaborative research &#8211; SoHoLab\"}]},{\"@type\":\"WebSite\",\"@id\":\"https:\\\/\\\/www.curalab.polimi.it\\\/#website\",\"url\":\"https:\\\/\\\/www.curalab.polimi.it\\\/\",\"name\":\"CURA Lab\",\"description\":\"Dipartimento di Architettura e Studi Urbani, Politecnico di Milano -                           Dipartimento di Scienze Umane per la Formazione &quot;Riccardo Massa&quot;,           Universit\u00e0 degli Studi di Milano Bicocca\",\"publisher\":{\"@id\":\"https:\\\/\\\/www.curalab.polimi.it\\\/#organization\"},\"potentialAction\":[{\"@type\":\"SearchAction\",\"target\":{\"@type\":\"EntryPoint\",\"urlTemplate\":\"https:\\\/\\\/www.curalab.polimi.it\\\/?s={search_term_string}\"},\"query-input\":{\"@type\":\"PropertyValueSpecification\",\"valueRequired\":true,\"valueName\":\"search_term_string\"}}],\"inLanguage\":\"en-US\"},{\"@type\":\"Organization\",\"@id\":\"https:\\\/\\\/www.curalab.polimi.it\\\/#organization\",\"name\":\"CURA Lab\",\"url\":\"https:\\\/\\\/www.curalab.polimi.it\\\/\",\"logo\":{\"@type\":\"ImageObject\",\"inLanguage\":\"en-US\",\"@id\":\"https:\\\/\\\/www.curalab.polimi.it\\\/#\\\/schema\\\/logo\\\/image\\\/\",\"url\":\"https:\\\/\\\/www.curalab.polimi.it\\\/wp-content\\\/uploads\\\/2024\\\/07\\\/cropped-logocuralab2.png\",\"contentUrl\":\"https:\\\/\\\/www.curalab.polimi.it\\\/wp-content\\\/uploads\\\/2024\\\/07\\\/cropped-logocuralab2.png\",\"width\":240,\"height\":112,\"caption\":\"CURA Lab\"},\"image\":{\"@id\":\"https:\\\/\\\/www.curalab.polimi.it\\\/#\\\/schema\\\/logo\\\/image\\\/\"}}]}<\/script>\n<!-- \/ Yoast SEO plugin. -->","yoast_head_json":{"title":"Collaborative research - SoHoLab - CURA Lab","robots":{"index":"index","follow":"follow","max-snippet":"max-snippet:-1","max-image-preview":"max-image-preview:large","max-video-preview":"max-video-preview:-1"},"canonical":"https:\/\/www.curalab.polimi.it\/?page_id=1978","og_locale":"en_US","og_type":"article","og_title":"Collaborative research - SoHoLab - CURA Lab","og_description":"SoHoLab. The regeneration of large-scale social housing estates through living labs SoHoLab.The regeneration of large-scale social housing estates through living labs Progetto co-finanziato attraverso il Bando ENSUF (ERA-NET Cofund Smart Urban Futures) nell\u2019ambito del Joint Programming Initiative (JPI) Urban Europe lanciato dalla Commissione europea e finanziato dall\u2019Unione europea tramite il programma di ricerca e innovazione &hellip; Continue reading \"Collaborative research &#8211; SoHoLab\"","og_url":"https:\/\/www.curalab.polimi.it\/?page_id=1978","og_site_name":"CURA Lab","article_modified_time":"2024-12-08T18:48:01+00:00","og_image":[{"width":1200,"height":1600,"url":"https:\/\/www.curalab.polimi.it\/wp-content\/uploads\/2024\/05\/SOHO.jpg","type":"image\/jpeg"}],"twitter_card":"summary_large_image","twitter_misc":{"Est. reading time":"3 minutes"},"schema":{"@context":"https:\/\/schema.org","@graph":[{"@type":"WebPage","@id":"https:\/\/www.curalab.polimi.it\/?page_id=1978","url":"https:\/\/www.curalab.polimi.it\/?page_id=1978","name":"Collaborative research - SoHoLab - CURA Lab","isPartOf":{"@id":"https:\/\/www.curalab.polimi.it\/#website"},"primaryImageOfPage":{"@id":"https:\/\/www.curalab.polimi.it\/?page_id=1978#primaryimage"},"image":{"@id":"https:\/\/www.curalab.polimi.it\/?page_id=1978#primaryimage"},"thumbnailUrl":"http:\/\/www.curalab.polimi.it\/wp-content\/uploads\/2024\/05\/SOHO.jpg","datePublished":"2024-06-12T12:36:04+00:00","dateModified":"2024-12-08T18:48:01+00:00","breadcrumb":{"@id":"https:\/\/www.curalab.polimi.it\/?page_id=1978#breadcrumb"},"inLanguage":"en-US","potentialAction":[{"@type":"ReadAction","target":["https:\/\/www.curalab.polimi.it\/?page_id=1978"]}]},{"@type":"ImageObject","inLanguage":"en-US","@id":"https:\/\/www.curalab.polimi.it\/?page_id=1978#primaryimage","url":"https:\/\/www.curalab.polimi.it\/wp-content\/uploads\/2024\/05\/SOHO.jpg","contentUrl":"https:\/\/www.curalab.polimi.it\/wp-content\/uploads\/2024\/05\/SOHO.jpg","width":1200,"height":1600},{"@type":"BreadcrumbList","@id":"https:\/\/www.curalab.polimi.it\/?page_id=1978#breadcrumb","itemListElement":[{"@type":"ListItem","position":1,"name":"Home","item":"https:\/\/www.curalab.polimi.it\/"},{"@type":"ListItem","position":2,"name":"Collaborative research &#8211; SoHoLab"}]},{"@type":"WebSite","@id":"https:\/\/www.curalab.polimi.it\/#website","url":"https:\/\/www.curalab.polimi.it\/","name":"CURA Lab","description":"Dipartimento di Architettura e Studi Urbani, Politecnico di Milano -                           Dipartimento di Scienze Umane per la Formazione &quot;Riccardo Massa&quot;,           Universit\u00e0 degli Studi di Milano Bicocca","publisher":{"@id":"https:\/\/www.curalab.polimi.it\/#organization"},"potentialAction":[{"@type":"SearchAction","target":{"@type":"EntryPoint","urlTemplate":"https:\/\/www.curalab.polimi.it\/?s={search_term_string}"},"query-input":{"@type":"PropertyValueSpecification","valueRequired":true,"valueName":"search_term_string"}}],"inLanguage":"en-US"},{"@type":"Organization","@id":"https:\/\/www.curalab.polimi.it\/#organization","name":"CURA Lab","url":"https:\/\/www.curalab.polimi.it\/","logo":{"@type":"ImageObject","inLanguage":"en-US","@id":"https:\/\/www.curalab.polimi.it\/#\/schema\/logo\/image\/","url":"https:\/\/www.curalab.polimi.it\/wp-content\/uploads\/2024\/07\/cropped-logocuralab2.png","contentUrl":"https:\/\/www.curalab.polimi.it\/wp-content\/uploads\/2024\/07\/cropped-logocuralab2.png","width":240,"height":112,"caption":"CURA Lab"},"image":{"@id":"https:\/\/www.curalab.polimi.it\/#\/schema\/logo\/image\/"}}]}},"_links":{"self":[{"href":"https:\/\/www.curalab.polimi.it\/index.php?rest_route=\/wp\/v2\/pages\/1978","targetHints":{"allow":["GET"]}}],"collection":[{"href":"https:\/\/www.curalab.polimi.it\/index.php?rest_route=\/wp\/v2\/pages"}],"about":[{"href":"https:\/\/www.curalab.polimi.it\/index.php?rest_route=\/wp\/v2\/types\/page"}],"author":[{"embeddable":true,"href":"https:\/\/www.curalab.polimi.it\/index.php?rest_route=\/wp\/v2\/users\/12"}],"replies":[{"embeddable":true,"href":"https:\/\/www.curalab.polimi.it\/index.php?rest_route=%2Fwp%2Fv2%2Fcomments&post=1978"}],"version-history":[{"count":70,"href":"https:\/\/www.curalab.polimi.it\/index.php?rest_route=\/wp\/v2\/pages\/1978\/revisions"}],"predecessor-version":[{"id":6226,"href":"https:\/\/www.curalab.polimi.it\/index.php?rest_route=\/wp\/v2\/pages\/1978\/revisions\/6226"}],"wp:attachment":[{"href":"https:\/\/www.curalab.polimi.it\/index.php?rest_route=%2Fwp%2Fv2%2Fmedia&parent=1978"}],"curies":[{"name":"wp","href":"https:\/\/api.w.org\/{rel}","templated":true}]}}