{"id":1771,"date":"2024-06-08T10:04:36","date_gmt":"2024-06-08T10:04:36","guid":{"rendered":"https:\/\/www.curalab.polimi.it\/?page_id=1771"},"modified":"2024-12-08T19:35:51","modified_gmt":"2024-12-08T19:35:51","slug":"collaborative-research-2","status":"publish","type":"page","link":"https:\/\/www.curalab.polimi.it\/?page_id=1771","title":{"rendered":"Collaborative research &#8211; Reinventare la cittadinanza"},"content":{"rendered":"\t\t<div data-elementor-type=\"wp-page\" data-elementor-id=\"1771\" class=\"elementor elementor-1771\">\n\t\t\t\t<div class=\"elementor-element elementor-element-9441168 elementor-hidden-desktop e-flex e-con-boxed e-con e-parent\" data-id=\"9441168\" data-element_type=\"container\" data-e-type=\"container\">\n\t\t\t\t\t<div class=\"e-con-inner\">\n\t\t\t\t<div class=\"elementor-element elementor-element-76ba489 elementor-widget-tablet__width-initial elementor-widget elementor-widget-text-editor\" data-id=\"76ba489\" data-element_type=\"widget\" data-e-type=\"widget\" data-widget_type=\"text-editor.default\">\n\t\t\t\t<div class=\"elementor-widget-container\">\n\t\t\t\t\t\t\t\t\t<p><strong>Reinventare la cittadinanza. Percorsi di capacitazione di reti e gruppi sociali <\/strong><strong>nel quartiere di San Siro<\/strong><\/p>\t\t\t\t\t\t\t\t<\/div>\n\t\t\t\t<\/div>\n\t\t\t\t\t<\/div>\n\t\t\t\t<\/div>\n\t\t<div class=\"elementor-element elementor-element-c8c7230 e-grid elementor-hidden-tablet elementor-hidden-mobile elementor-hidden-laptop e-con-boxed e-con e-parent\" data-id=\"c8c7230\" data-element_type=\"container\" data-e-type=\"container\">\n\t\t\t\t\t<div class=\"e-con-inner\">\n\t\t<div class=\"elementor-element elementor-element-1ba4f08 e-flex e-con-boxed e-con e-child\" data-id=\"1ba4f08\" data-element_type=\"container\" data-e-type=\"container\">\n\t\t\t\t\t<div class=\"e-con-inner\">\n\t\t\t\t<div class=\"elementor-element elementor-element-5166b60 elementor-widget-tablet__width-initial elementor-widget elementor-widget-text-editor\" data-id=\"5166b60\" data-element_type=\"widget\" data-e-type=\"widget\" data-widget_type=\"text-editor.default\">\n\t\t\t\t<div class=\"elementor-widget-container\">\n\t\t\t\t\t\t\t\t\t<p><strong>Reinventare la cittadinanza. Percorsi di capacitazione di reti e gruppi sociali <\/strong><strong>nel quartiere di San Siro<\/strong><\/p>\t\t\t\t\t\t\t\t<\/div>\n\t\t\t\t<\/div>\n\t\t\t\t<div class=\"elementor-element elementor-element-e04a801 elementor-widget elementor-widget-text-editor\" data-id=\"e04a801\" data-element_type=\"widget\" data-e-type=\"widget\" data-widget_type=\"text-editor.default\">\n\t\t\t\t<div class=\"elementor-widget-container\">\n\t\t\t\t\t\t\t\t\t<p>Finanziato nell\u2019ambito di:\u00a0 <em>FONDO ASILO, MIGRAZIONE E INTEGRAZIONE 2014-2020 (FAMI) &#8211; Obiettivo Specifico 2 Integrazione\/Migrazione legale &#8211; Obiettivo Nazionale 3 Capacity Building Circolare Prefetture 2022-V sportello &#8211; Progetto 3867<br \/><\/em>Partners del progetto: <em>Prefettura di Milano (capofila), DASTU \u2013 Politecnico di Milano, Universit\u00e0 Bicocca, Universit\u00e0 Bocconi, Ass. Comunit\u00e0 Nuova, Ass. Milano Mediterranea, Itinerari Paralleli impresa sociale<br \/><\/em>Periodo: <em>2023<\/em><\/p><p>ll progetto sperimenta un\u2019azione integrata di capacity building rivolta soggetti pubblici e privati attivi nel quartiere ERP di San Siro, a diversa scala e con diverso ruolo, per rafforzarne la capacita\u0300 di analisi delle dinamiche emergenti, risposta ai bisogni e trattamento di situazioni di precarieta\u0300 e promozione della partecipazione di giovani e adulti con background migratorio alle iniziative della comunita\u0300. Attraverso differenti azioni specifiche \u2013 formazione, animazione territoriale, produzione artistico-culturale \u2013 i partner di progetto hanno lavorato alla costruzione di nuovi spazi di autorappresentazione e attivazione in particolare rivolti alle giovani generazioni.<\/p><p>Per vedere il progetto fotografico a cura di Marco Ferrario: <span style=\"color: #33cccc;\"><a style=\"color: #33cccc;\" href=\"https:\/\/www.marcoferrario.com\/Documentary\/San-Siro-Project\/thumbs\">https:\/\/www.marcoferrario.com\/Documentary\/San-Siro-Project\/thumbs<\/a><\/span><\/p><p>Per saperne di pi\u00f9 sul progetto:<br \/><span style=\"color: #33cccc;\"><a style=\"color: #33cccc;\" href=\"https:\/\/www.iodonna.it\/attualita\/costume-e-societa\/2023\/12\/14\/s-siro-milano-i-sogni-dei-ragazzi-oltre-la-trap\/\">https:\/\/www.iodonna.it\/attualita\/costume-e-societa\/2023\/12\/14\/s-siro-milano-i-sogni-dei-ragazzi-oltre-la-trap\/<\/a><\/span><\/p><p><span style=\"color: #33cccc;\"><a style=\"color: #33cccc;\" href=\"https:\/\/che-fare.com\/almanacco\/societa\/youve-got-the-love-i-ragazzi-di-san-siro-alle-prese-con-il-loro-futuro\/\">https:\/\/che-fare.com\/almanacco\/societa\/youve-got-the-love-i-ragazzi-di-san-siro-alle-prese-con-il-loro-futuro\/<\/a><\/span><\/p>\t\t\t\t\t\t\t\t<\/div>\n\t\t\t\t<\/div>\n\t\t\t\t\t<\/div>\n\t\t\t\t<\/div>\n\t\t<div class=\"elementor-element elementor-element-34195c7 e-con-full e-flex e-con e-child\" data-id=\"34195c7\" data-element_type=\"container\" data-e-type=\"container\">\n\t\t\t\t<div class=\"elementor-element elementor-element-0810eae elementor-widget elementor-widget-image\" data-id=\"0810eae\" data-element_type=\"widget\" data-e-type=\"widget\" data-widget_type=\"image.default\">\n\t\t\t\t<div class=\"elementor-widget-container\">\n\t\t\t\t\t\t\t\t\t\t\t\t\t\t\t<img fetchpriority=\"high\" decoding=\"async\" width=\"723\" height=\"1024\" src=\"https:\/\/www.curalab.polimi.it\/wp-content\/uploads\/2024\/05\/FAMI-723x1024.png\" class=\"attachment-large size-large wp-image-1356\" alt=\"\" srcset=\"https:\/\/www.curalab.polimi.it\/wp-content\/uploads\/2024\/05\/FAMI-723x1024.png 723w, https:\/\/www.curalab.polimi.it\/wp-content\/uploads\/2024\/05\/FAMI-212x300.png 212w, https:\/\/www.curalab.polimi.it\/wp-content\/uploads\/2024\/05\/FAMI-768x1088.png 768w, https:\/\/www.curalab.polimi.it\/wp-content\/uploads\/2024\/05\/FAMI.png 778w\" sizes=\"(max-width: 723px) 85vw, 723px\" \/>\t\t\t\t\t\t\t\t\t\t\t\t\t\t\t<\/div>\n\t\t\t\t<\/div>\n\t\t\t\t<div class=\"elementor-element elementor-element-c3a167c elementor-widget elementor-widget-text-editor\" data-id=\"c3a167c\" data-element_type=\"widget\" data-e-type=\"widget\" data-widget_type=\"text-editor.default\">\n\t\t\t\t<div class=\"elementor-widget-container\">\n\t\t\t\t\t\t\t\t\t<p style=\"text-align: center;\"><em>Crediti fotografici: Marco Ferrario<\/em><\/p>\t\t\t\t\t\t\t\t<\/div>\n\t\t\t\t<\/div>\n\t\t\t\t<\/div>\n\t\t\t\t\t<\/div>\n\t\t\t\t<\/div>\n\t\t<div class=\"elementor-element elementor-element-75a7491 elementor-hidden-desktop e-flex e-con-boxed e-con e-parent\" data-id=\"75a7491\" data-element_type=\"container\" data-e-type=\"container\">\n\t\t\t\t\t<div class=\"e-con-inner\">\n\t\t\t\t<div class=\"elementor-element elementor-element-c31dfe9 elementor-widget elementor-widget-text-editor\" data-id=\"c31dfe9\" data-element_type=\"widget\" data-e-type=\"widget\" data-widget_type=\"text-editor.default\">\n\t\t\t\t<div class=\"elementor-widget-container\">\n\t\t\t\t\t\t\t\t\t<p>Finanziato nell\u2019ambito di:\u00a0\u00a0<em>FONDO ASILO, MIGRAZIONE E INTEGRAZIONE 2014-2020 (FAMI) &#8211; Obiettivo Specifico 2 Integrazione\/Migrazione legale &#8211; Obiettivo Nazionale 3 Capacity Building Circolare Prefetture 2022-V sportello &#8211; Progetto 3867<\/em><\/p><p>Partners del progetto:\u00a0<em>Prefettura di Milano (capofila), DASTU \u2013 Politecnico di Milano, Universit\u00e0 Bicocca, Universit\u00e0 Bocconi, Ass. Comunit\u00e0 Nuova, Ass. Milano Mediterranea, Itinerari Paralleli impresa sociale<\/em><\/p><p>Periodo:\u00a0<em>2023<\/em><\/p>\t\t\t\t\t\t\t\t<\/div>\n\t\t\t\t<\/div>\n\t\t\t\t<div class=\"elementor-element elementor-element-3def9e7 elementor-widget elementor-widget-text-editor\" data-id=\"3def9e7\" data-element_type=\"widget\" data-e-type=\"widget\" data-widget_type=\"text-editor.default\">\n\t\t\t\t<div class=\"elementor-widget-container\">\n\t\t\t\t\t\t\t\t\t<p style=\"text-align: center;\"><em>Crediti fotografici: Marco Ferrario<\/em><\/p>\t\t\t\t\t\t\t\t<\/div>\n\t\t\t\t<\/div>\n\t\t<div class=\"elementor-element elementor-element-5b515e0 e-con-full e-flex e-con e-child\" data-id=\"5b515e0\" data-element_type=\"container\" data-e-type=\"container\">\n\t\t\t\t<div class=\"elementor-element elementor-element-d596c69 elementor-widget elementor-widget-image\" data-id=\"d596c69\" data-element_type=\"widget\" data-e-type=\"widget\" data-widget_type=\"image.default\">\n\t\t\t\t<div class=\"elementor-widget-container\">\n\t\t\t\t\t\t\t\t\t\t\t\t\t\t\t<img decoding=\"async\" width=\"768\" height=\"614\" src=\"https:\/\/www.curalab.polimi.it\/wp-content\/uploads\/2024\/06\/FAMI-768x614.jpg\" class=\"attachment-medium_large size-medium_large wp-image-2101\" alt=\"\" srcset=\"https:\/\/www.curalab.polimi.it\/wp-content\/uploads\/2024\/06\/FAMI-768x614.jpg 768w, https:\/\/www.curalab.polimi.it\/wp-content\/uploads\/2024\/06\/FAMI-300x240.jpg 300w, https:\/\/www.curalab.polimi.it\/wp-content\/uploads\/2024\/06\/FAMI-1024x819.jpg 1024w, https:\/\/www.curalab.polimi.it\/wp-content\/uploads\/2024\/06\/FAMI-1200x960.jpg 1200w, https:\/\/www.curalab.polimi.it\/wp-content\/uploads\/2024\/06\/elementor\/thumbs\/FAMI-qqdzat5o8847wktwe2hxz8kbuzf752kdom3ap7lm9c.jpg 750w, https:\/\/www.curalab.polimi.it\/wp-content\/uploads\/2024\/06\/FAMI.jpg 1378w\" sizes=\"(max-width: 768px) 85vw, 768px\" \/>\t\t\t\t\t\t\t\t\t\t\t\t\t\t\t<\/div>\n\t\t\t\t<\/div>\n\t\t\t\t<\/div>\n\t\t\t\t<div class=\"elementor-element elementor-element-c155515 elementor-widget elementor-widget-text-editor\" data-id=\"c155515\" data-element_type=\"widget\" data-e-type=\"widget\" data-widget_type=\"text-editor.default\">\n\t\t\t\t<div class=\"elementor-widget-container\">\n\t\t\t\t\t\t\t\t\t<p>ll progetto sperimenta un\u2019azione integrata di capacity building rivolta soggetti pubblici e privati attivi nel quartiere ERP di San Siro, a diversa scala e con diverso ruolo, per rafforzarne la capacita\u0300 di analisi delle dinamiche emergenti, risposta ai bisogni e trattamento di situazioni di precarieta\u0300 e promozione della partecipazione di giovani e adulti con background migratorio alle iniziative della comunita\u0300. Attraverso differenti azioni specifiche \u2013 formazione, animazione territoriale, produzione artistico-culturale \u2013 i partner di progetto hanno lavorato alla costruzione di nuovi spazi di autorappresentazione e attivazione in particolare rivolti alle giovani generazioni.<\/p><p style=\"text-align: left;\">Per vedere il progetto fotografico a cura di Marco Ferrario: <span style=\"color: #33cccc;\"><a style=\"color: #33cccc;\" href=\"https:\/\/www.marcoferrario.com\/Documentary\/San-Siro-Project\/thumbs\"><span style=\"color: #00ccff;\">link<\/span><\/a><\/span><\/p><p>Per saperne di pi\u00f9 sul progetto: <span style=\"color: #33cccc;\"><a style=\"color: #33cccc;\" href=\"https:\/\/www.iodonna.it\/attualita\/costume-e-societa\/2023\/12\/14\/s-siro-milano-i-sogni-dei-ragazzi-oltre-la-trap\/\"><span style=\"color: #00ccff;\">link1<\/span><\/a><\/span> <a href=\"https:\/\/che-fare.com\/almanacco\/societa\/youve-got-the-love-i-ragazzi-di-san-siro-alle-prese-con-il-loro-futuro\/\"><span style=\"color: #33cccc;\"><span style=\"color: #00ccff;\">link2<\/span><\/span><\/a><\/p>\t\t\t\t\t\t\t\t<\/div>\n\t\t\t\t<\/div>\n\t\t\t\t\t<\/div>\n\t\t\t\t<\/div>\n\t\t\t\t<\/div>\n\t\t","protected":false},"excerpt":{"rendered":"<p>Reinventare la cittadinanza. Percorsi di capacitazione di reti e gruppi sociali nel quartiere di San Siro Reinventare la cittadinanza. Percorsi di capacitazione di reti e gruppi sociali nel quartiere di San Siro Finanziato nell\u2019ambito di:\u00a0 FONDO ASILO, MIGRAZIONE E INTEGRAZIONE 2014-2020 (FAMI) &#8211; Obiettivo Specifico 2 Integrazione\/Migrazione legale &#8211; Obiettivo Nazionale 3 Capacity Building Circolare &hellip; <a href=\"https:\/\/www.curalab.polimi.it\/?page_id=1771\" class=\"more-link\">Continue reading<span class=\"screen-reader-text\"> &#8220;Collaborative research &#8211; Reinventare la cittadinanza&#8221;<\/span><\/a><\/p>\n","protected":false},"author":12,"featured_media":0,"parent":0,"menu_order":0,"comment_status":"closed","ping_status":"closed","template":"elementor_header_footer","meta":{"footnotes":""},"class_list":["post-1771","page","type-page","status-publish","hentry"],"yoast_head":"<!-- This site is optimized with the Yoast SEO plugin v27.4 - https:\/\/yoast.com\/product\/yoast-seo-wordpress\/ -->\n<title>Collaborative research - Reinventare la cittadinanza - CURA Lab<\/title>\n<meta name=\"robots\" content=\"index, follow, max-snippet:-1, max-image-preview:large, max-video-preview:-1\" \/>\n<link rel=\"canonical\" href=\"https:\/\/www.curalab.polimi.it\/?page_id=1771\" \/>\n<meta property=\"og:locale\" content=\"en_US\" \/>\n<meta property=\"og:type\" content=\"article\" \/>\n<meta property=\"og:title\" content=\"Collaborative research - Reinventare la cittadinanza - CURA Lab\" \/>\n<meta property=\"og:description\" content=\"Reinventare la cittadinanza. Percorsi di capacitazione di reti e gruppi sociali nel quartiere di San Siro Reinventare la cittadinanza. Percorsi di capacitazione di reti e gruppi sociali nel quartiere di San Siro Finanziato nell\u2019ambito di:\u00a0 FONDO ASILO, MIGRAZIONE E INTEGRAZIONE 2014-2020 (FAMI) &#8211; Obiettivo Specifico 2 Integrazione\/Migrazione legale &#8211; Obiettivo Nazionale 3 Capacity Building Circolare &hellip; Continue reading &quot;Collaborative research &#8211; Reinventare la cittadinanza&quot;\" \/>\n<meta property=\"og:url\" content=\"https:\/\/www.curalab.polimi.it\/?page_id=1771\" \/>\n<meta property=\"og:site_name\" content=\"CURA Lab\" \/>\n<meta property=\"article:modified_time\" content=\"2024-12-08T19:35:51+00:00\" \/>\n<meta property=\"og:image\" content=\"https:\/\/www.curalab.polimi.it\/wp-content\/uploads\/2024\/05\/FAMI.png\" \/>\n\t<meta property=\"og:image:width\" content=\"778\" \/>\n\t<meta property=\"og:image:height\" content=\"1102\" \/>\n\t<meta property=\"og:image:type\" content=\"image\/png\" \/>\n<meta name=\"twitter:card\" content=\"summary_large_image\" \/>\n<meta name=\"twitter:label1\" content=\"Est. reading time\" \/>\n\t<meta name=\"twitter:data1\" content=\"2 minutes\" \/>\n<script type=\"application\/ld+json\" class=\"yoast-schema-graph\">{\"@context\":\"https:\\\/\\\/schema.org\",\"@graph\":[{\"@type\":\"WebPage\",\"@id\":\"https:\\\/\\\/www.curalab.polimi.it\\\/?page_id=1771\",\"url\":\"https:\\\/\\\/www.curalab.polimi.it\\\/?page_id=1771\",\"name\":\"Collaborative research - Reinventare la cittadinanza - CURA Lab\",\"isPartOf\":{\"@id\":\"https:\\\/\\\/www.curalab.polimi.it\\\/#website\"},\"primaryImageOfPage\":{\"@id\":\"https:\\\/\\\/www.curalab.polimi.it\\\/?page_id=1771#primaryimage\"},\"image\":{\"@id\":\"https:\\\/\\\/www.curalab.polimi.it\\\/?page_id=1771#primaryimage\"},\"thumbnailUrl\":\"http:\\\/\\\/www.curalab.polimi.it\\\/wp-content\\\/uploads\\\/2024\\\/05\\\/FAMI-723x1024.png\",\"datePublished\":\"2024-06-08T10:04:36+00:00\",\"dateModified\":\"2024-12-08T19:35:51+00:00\",\"breadcrumb\":{\"@id\":\"https:\\\/\\\/www.curalab.polimi.it\\\/?page_id=1771#breadcrumb\"},\"inLanguage\":\"en-US\",\"potentialAction\":[{\"@type\":\"ReadAction\",\"target\":[\"https:\\\/\\\/www.curalab.polimi.it\\\/?page_id=1771\"]}]},{\"@type\":\"ImageObject\",\"inLanguage\":\"en-US\",\"@id\":\"https:\\\/\\\/www.curalab.polimi.it\\\/?page_id=1771#primaryimage\",\"url\":\"https:\\\/\\\/www.curalab.polimi.it\\\/wp-content\\\/uploads\\\/2024\\\/05\\\/FAMI.png\",\"contentUrl\":\"https:\\\/\\\/www.curalab.polimi.it\\\/wp-content\\\/uploads\\\/2024\\\/05\\\/FAMI.png\",\"width\":778,\"height\":1102},{\"@type\":\"BreadcrumbList\",\"@id\":\"https:\\\/\\\/www.curalab.polimi.it\\\/?page_id=1771#breadcrumb\",\"itemListElement\":[{\"@type\":\"ListItem\",\"position\":1,\"name\":\"Home\",\"item\":\"https:\\\/\\\/www.curalab.polimi.it\\\/\"},{\"@type\":\"ListItem\",\"position\":2,\"name\":\"Collaborative research &#8211; Reinventare la cittadinanza\"}]},{\"@type\":\"WebSite\",\"@id\":\"https:\\\/\\\/www.curalab.polimi.it\\\/#website\",\"url\":\"https:\\\/\\\/www.curalab.polimi.it\\\/\",\"name\":\"CURA Lab\",\"description\":\"Dipartimento di Architettura e Studi Urbani, Politecnico di Milano -                           Dipartimento di Scienze Umane per la Formazione &quot;Riccardo Massa&quot;,           Universit\u00e0 degli Studi di Milano Bicocca\",\"publisher\":{\"@id\":\"https:\\\/\\\/www.curalab.polimi.it\\\/#organization\"},\"potentialAction\":[{\"@type\":\"SearchAction\",\"target\":{\"@type\":\"EntryPoint\",\"urlTemplate\":\"https:\\\/\\\/www.curalab.polimi.it\\\/?s={search_term_string}\"},\"query-input\":{\"@type\":\"PropertyValueSpecification\",\"valueRequired\":true,\"valueName\":\"search_term_string\"}}],\"inLanguage\":\"en-US\"},{\"@type\":\"Organization\",\"@id\":\"https:\\\/\\\/www.curalab.polimi.it\\\/#organization\",\"name\":\"CURA Lab\",\"url\":\"https:\\\/\\\/www.curalab.polimi.it\\\/\",\"logo\":{\"@type\":\"ImageObject\",\"inLanguage\":\"en-US\",\"@id\":\"https:\\\/\\\/www.curalab.polimi.it\\\/#\\\/schema\\\/logo\\\/image\\\/\",\"url\":\"https:\\\/\\\/www.curalab.polimi.it\\\/wp-content\\\/uploads\\\/2024\\\/07\\\/cropped-logocuralab2.png\",\"contentUrl\":\"https:\\\/\\\/www.curalab.polimi.it\\\/wp-content\\\/uploads\\\/2024\\\/07\\\/cropped-logocuralab2.png\",\"width\":240,\"height\":112,\"caption\":\"CURA Lab\"},\"image\":{\"@id\":\"https:\\\/\\\/www.curalab.polimi.it\\\/#\\\/schema\\\/logo\\\/image\\\/\"}}]}<\/script>\n<!-- \/ Yoast SEO plugin. -->","yoast_head_json":{"title":"Collaborative research - Reinventare la cittadinanza - CURA Lab","robots":{"index":"index","follow":"follow","max-snippet":"max-snippet:-1","max-image-preview":"max-image-preview:large","max-video-preview":"max-video-preview:-1"},"canonical":"https:\/\/www.curalab.polimi.it\/?page_id=1771","og_locale":"en_US","og_type":"article","og_title":"Collaborative research - Reinventare la cittadinanza - CURA Lab","og_description":"Reinventare la cittadinanza. Percorsi di capacitazione di reti e gruppi sociali nel quartiere di San Siro Reinventare la cittadinanza. Percorsi di capacitazione di reti e gruppi sociali nel quartiere di San Siro Finanziato nell\u2019ambito di:\u00a0 FONDO ASILO, MIGRAZIONE E INTEGRAZIONE 2014-2020 (FAMI) &#8211; Obiettivo Specifico 2 Integrazione\/Migrazione legale &#8211; Obiettivo Nazionale 3 Capacity Building Circolare &hellip; Continue reading \"Collaborative research &#8211; Reinventare la cittadinanza\"","og_url":"https:\/\/www.curalab.polimi.it\/?page_id=1771","og_site_name":"CURA Lab","article_modified_time":"2024-12-08T19:35:51+00:00","og_image":[{"width":778,"height":1102,"url":"https:\/\/www.curalab.polimi.it\/wp-content\/uploads\/2024\/05\/FAMI.png","type":"image\/png"}],"twitter_card":"summary_large_image","twitter_misc":{"Est. reading time":"2 minutes"},"schema":{"@context":"https:\/\/schema.org","@graph":[{"@type":"WebPage","@id":"https:\/\/www.curalab.polimi.it\/?page_id=1771","url":"https:\/\/www.curalab.polimi.it\/?page_id=1771","name":"Collaborative research - Reinventare la cittadinanza - CURA Lab","isPartOf":{"@id":"https:\/\/www.curalab.polimi.it\/#website"},"primaryImageOfPage":{"@id":"https:\/\/www.curalab.polimi.it\/?page_id=1771#primaryimage"},"image":{"@id":"https:\/\/www.curalab.polimi.it\/?page_id=1771#primaryimage"},"thumbnailUrl":"http:\/\/www.curalab.polimi.it\/wp-content\/uploads\/2024\/05\/FAMI-723x1024.png","datePublished":"2024-06-08T10:04:36+00:00","dateModified":"2024-12-08T19:35:51+00:00","breadcrumb":{"@id":"https:\/\/www.curalab.polimi.it\/?page_id=1771#breadcrumb"},"inLanguage":"en-US","potentialAction":[{"@type":"ReadAction","target":["https:\/\/www.curalab.polimi.it\/?page_id=1771"]}]},{"@type":"ImageObject","inLanguage":"en-US","@id":"https:\/\/www.curalab.polimi.it\/?page_id=1771#primaryimage","url":"https:\/\/www.curalab.polimi.it\/wp-content\/uploads\/2024\/05\/FAMI.png","contentUrl":"https:\/\/www.curalab.polimi.it\/wp-content\/uploads\/2024\/05\/FAMI.png","width":778,"height":1102},{"@type":"BreadcrumbList","@id":"https:\/\/www.curalab.polimi.it\/?page_id=1771#breadcrumb","itemListElement":[{"@type":"ListItem","position":1,"name":"Home","item":"https:\/\/www.curalab.polimi.it\/"},{"@type":"ListItem","position":2,"name":"Collaborative research &#8211; Reinventare la cittadinanza"}]},{"@type":"WebSite","@id":"https:\/\/www.curalab.polimi.it\/#website","url":"https:\/\/www.curalab.polimi.it\/","name":"CURA Lab","description":"Dipartimento di Architettura e Studi Urbani, Politecnico di Milano -                           Dipartimento di Scienze Umane per la Formazione &quot;Riccardo Massa&quot;,           Universit\u00e0 degli Studi di Milano Bicocca","publisher":{"@id":"https:\/\/www.curalab.polimi.it\/#organization"},"potentialAction":[{"@type":"SearchAction","target":{"@type":"EntryPoint","urlTemplate":"https:\/\/www.curalab.polimi.it\/?s={search_term_string}"},"query-input":{"@type":"PropertyValueSpecification","valueRequired":true,"valueName":"search_term_string"}}],"inLanguage":"en-US"},{"@type":"Organization","@id":"https:\/\/www.curalab.polimi.it\/#organization","name":"CURA Lab","url":"https:\/\/www.curalab.polimi.it\/","logo":{"@type":"ImageObject","inLanguage":"en-US","@id":"https:\/\/www.curalab.polimi.it\/#\/schema\/logo\/image\/","url":"https:\/\/www.curalab.polimi.it\/wp-content\/uploads\/2024\/07\/cropped-logocuralab2.png","contentUrl":"https:\/\/www.curalab.polimi.it\/wp-content\/uploads\/2024\/07\/cropped-logocuralab2.png","width":240,"height":112,"caption":"CURA Lab"},"image":{"@id":"https:\/\/www.curalab.polimi.it\/#\/schema\/logo\/image\/"}}]}},"_links":{"self":[{"href":"https:\/\/www.curalab.polimi.it\/index.php?rest_route=\/wp\/v2\/pages\/1771","targetHints":{"allow":["GET"]}}],"collection":[{"href":"https:\/\/www.curalab.polimi.it\/index.php?rest_route=\/wp\/v2\/pages"}],"about":[{"href":"https:\/\/www.curalab.polimi.it\/index.php?rest_route=\/wp\/v2\/types\/page"}],"author":[{"embeddable":true,"href":"https:\/\/www.curalab.polimi.it\/index.php?rest_route=\/wp\/v2\/users\/12"}],"replies":[{"embeddable":true,"href":"https:\/\/www.curalab.polimi.it\/index.php?rest_route=%2Fwp%2Fv2%2Fcomments&post=1771"}],"version-history":[{"count":102,"href":"https:\/\/www.curalab.polimi.it\/index.php?rest_route=\/wp\/v2\/pages\/1771\/revisions"}],"predecessor-version":[{"id":6347,"href":"https:\/\/www.curalab.polimi.it\/index.php?rest_route=\/wp\/v2\/pages\/1771\/revisions\/6347"}],"wp:attachment":[{"href":"https:\/\/www.curalab.polimi.it\/index.php?rest_route=%2Fwp%2Fv2%2Fmedia&parent=1771"}],"curies":[{"name":"wp","href":"https:\/\/api.w.org\/{rel}","templated":true}]}}