{"id":1761,"date":"2024-06-03T08:00:23","date_gmt":"2024-06-03T08:00:23","guid":{"rendered":"https:\/\/www.curalab.polimi.it\/?page_id=1761"},"modified":"2025-02-10T22:01:32","modified_gmt":"2025-02-10T22:01:32","slug":"col","status":"publish","type":"page","link":"https:\/\/www.curalab.polimi.it\/?page_id=1761","title":{"rendered":"Collaborative research &#8211; collaborazione con Scomodo"},"content":{"rendered":"\t\t<div data-elementor-type=\"wp-page\" data-elementor-id=\"1761\" class=\"elementor elementor-1761\">\n\t\t\t\t<div class=\"elementor-element elementor-element-ae07f66 e-con-full elementor-hidden-desktop e-flex e-con e-parent\" data-id=\"ae07f66\" data-element_type=\"container\" data-e-type=\"container\">\n\t\t\t\t<div class=\"elementor-element elementor-element-6420cb2 elementor-widget__width-initial elementor-widget elementor-widget-text-editor\" data-id=\"6420cb2\" data-element_type=\"widget\" data-e-type=\"widget\" data-widget_type=\"text-editor.default\">\n\t\t\t\t<div class=\"elementor-widget-container\">\n\t\t\t\t\t\t\t\t\t<p><strong>Collaborazione con Scomodo<\/strong><\/p>\t\t\t\t\t\t\t\t<\/div>\n\t\t\t\t<\/div>\n\t\t\t\t<\/div>\n\t\t<div class=\"elementor-element elementor-element-99ae0eb e-grid elementor-hidden-tablet elementor-hidden-mobile elementor-hidden-laptop e-con-boxed e-con e-parent\" data-id=\"99ae0eb\" data-element_type=\"container\" data-e-type=\"container\">\n\t\t\t\t\t<div class=\"e-con-inner\">\n\t\t<div class=\"elementor-element elementor-element-0b239c2 e-flex e-con-boxed e-con e-child\" data-id=\"0b239c2\" data-element_type=\"container\" data-e-type=\"container\">\n\t\t\t\t\t<div class=\"e-con-inner\">\n\t\t<div class=\"elementor-element elementor-element-b29a55f e-con-full e-flex e-con e-child\" data-id=\"b29a55f\" data-element_type=\"container\" data-e-type=\"container\">\n\t\t\t\t<div class=\"elementor-element elementor-element-27ff891 elementor-widget__width-initial elementor-widget elementor-widget-text-editor\" data-id=\"27ff891\" data-element_type=\"widget\" data-e-type=\"widget\" data-widget_type=\"text-editor.default\">\n\t\t\t\t<div class=\"elementor-widget-container\">\n\t\t\t\t\t\t\t\t\t<p><strong>Collaborazione con Scomodo<\/strong><\/p>\t\t\t\t\t\t\t\t<\/div>\n\t\t\t\t<\/div>\n\t\t\t\t<div class=\"elementor-element elementor-element-0075a79 elementor-widget elementor-widget-text-editor\" data-id=\"0075a79\" data-element_type=\"widget\" data-e-type=\"widget\" data-widget_type=\"text-editor.default\">\n\t\t\t\t<div class=\"elementor-widget-container\">\n\t\t\t\t\t\t\t\t\t<p>Ricerca nell\u2019ambito di: Accordo di collaborazione tra <em>DAStU &#8211; PoliMi e Associazione Scomodo<\/em><br \/>Partners del progetto: Associazione Scomodo<\/p><p>CURA Lab e Scomodo intraprendono un percorso di mutuo apprendimento articolato su diverse tematiche, a partire dallo sviluppo di riflessioni condivise sul ruolo dei giovani nel quartiere, nella citt\u00e0 e nella societ\u00e0. La collaborazione si nutre di varie attivit\u00e0, che vanno dal supporto reciproco nell\u2019ideazione e svolgimento di attivit\u00e0 di ricerca, alla promozione condivisa di progetti e programmi con l\u2019obiettivo di attivare ambiti di partecipazione giovanile, allo svolgimento di sperimentazioni divulgative e didattiche. In particolare, CURA Lab accompagna Scomodo nella relazione con il contesto di San Siro e della realt\u00e0 milanese, mentre la relazione con Scomodo aiuta ad elaborare un punto di vista critico sulla rigenerazione urbana alla scala del quartiere a partire dai bisogni e dalle istanze dei giovani, interrogandosi sul ruolo delle azioni progettuali nel determinare una citt\u00e0 giusta: equa, democratica e sostenibile.<\/p><p>Scarica il report della collaborazione con Scomodo qui: <span style=\"text-decoration: underline;\"><span style=\"color: #ff9900;\"><a style=\"color: #ff9900; text-decoration: underline;\" href=\"http:\/\/www.curalab.polimi.it\/wp-content\/uploads\/2025\/01\/Report-percorso-con-Scomodo.pdf\">Report<\/a><\/span><\/span><\/p><p>Scarica il Manifesto elaborato con Scomodo qui: <a href=\"http:\/\/www.curalab.polimi.it\/wp-content\/uploads\/2025\/01\/Introduzione-al-Manifesto-di-Scomodo.pdf\"><span style=\"text-decoration: underline;\"><span style=\"color: #ff9900; text-decoration: underline;\">Manifesto Scomodo<\/span><\/span><\/a><\/p>\t\t\t\t\t\t\t\t<\/div>\n\t\t\t\t<\/div>\n\t\t\t\t<\/div>\n\t\t\t\t\t<\/div>\n\t\t\t\t<\/div>\n\t\t\t\t<div class=\"elementor-element elementor-element-320d68b elementor-widget elementor-widget-image\" data-id=\"320d68b\" data-element_type=\"widget\" data-e-type=\"widget\" data-widget_type=\"image.default\">\n\t\t\t\t<div class=\"elementor-widget-container\">\n\t\t\t\t\t\t\t\t\t\t\t\t\t\t\t<img fetchpriority=\"high\" decoding=\"async\" width=\"840\" height=\"840\" src=\"https:\/\/www.curalab.polimi.it\/wp-content\/uploads\/2024\/05\/Scomodo-1024x1024.jpg\" class=\"attachment-large size-large wp-image-1506\" alt=\"\" srcset=\"https:\/\/www.curalab.polimi.it\/wp-content\/uploads\/2024\/05\/Scomodo-1024x1024.jpg 1024w, https:\/\/www.curalab.polimi.it\/wp-content\/uploads\/2024\/05\/Scomodo-300x300.jpg 300w, https:\/\/www.curalab.polimi.it\/wp-content\/uploads\/2024\/05\/Scomodo-150x150.jpg 150w, https:\/\/www.curalab.polimi.it\/wp-content\/uploads\/2024\/05\/Scomodo-768x768.jpg 768w, https:\/\/www.curalab.polimi.it\/wp-content\/uploads\/2024\/05\/Scomodo-1536x1536.jpg 1536w, https:\/\/www.curalab.polimi.it\/wp-content\/uploads\/2024\/05\/Scomodo-2048x2048.jpg 2048w, https:\/\/www.curalab.polimi.it\/wp-content\/uploads\/2024\/05\/Scomodo-1200x1200.jpg 1200w\" sizes=\"(max-width: 709px) 85vw, (max-width: 909px) 67vw, (max-width: 1362px) 62vw, 840px\" \/>\t\t\t\t\t\t\t\t\t\t\t\t\t\t\t<\/div>\n\t\t\t\t<\/div>\n\t\t\t\t\t<\/div>\n\t\t\t\t<\/div>\n\t\t<div class=\"elementor-element elementor-element-ae1774c elementor-hidden-desktop e-flex e-con-boxed e-con e-parent\" data-id=\"ae1774c\" data-element_type=\"container\" data-e-type=\"container\">\n\t\t\t\t\t<div class=\"e-con-inner\">\n\t\t\t\t<div class=\"elementor-element elementor-element-0226118 elementor-widget elementor-widget-text-editor\" data-id=\"0226118\" data-element_type=\"widget\" data-e-type=\"widget\" data-widget_type=\"text-editor.default\">\n\t\t\t\t<div class=\"elementor-widget-container\">\n\t\t\t\t\t\t\t\t\t<p>Ricerca nell\u2019ambito di: Accordo di collaborazione tra DAStU &#8211; PoliMi e Associazione Scomodo<br \/><br \/>Partners del progetto: Associazione Scomodo<\/p><p>CURA Lab e Scomodo intraprendono un percorso di mutuo apprendimento articolato su diverse tematiche, a partire dallo sviluppo di riflessioni condivise sul ruolo dei giovani nel quartiere, nella citt\u00e0 e nella societ\u00e0. La collaborazione si nutre di varie attivit\u00e0, che vanno dal supporto reciproco nell\u2019ideazione e svolgimento di attivit\u00e0 di ricerca, alla promozione condivisa di progetti e programmi con l\u2019obiettivo di attivare ambiti di partecipazione giovanile, allo svolgimento di sperimentazioni divulgative e didattiche.<\/p>\t\t\t\t\t\t\t\t<\/div>\n\t\t\t\t<\/div>\n\t\t<div class=\"elementor-element elementor-element-8e2f1d8 e-con-full e-flex e-con e-child\" data-id=\"8e2f1d8\" data-element_type=\"container\" data-e-type=\"container\">\n\t\t\t\t<div class=\"elementor-element elementor-element-2ee1bef elementor-widget elementor-widget-image\" data-id=\"2ee1bef\" data-element_type=\"widget\" data-e-type=\"widget\" data-widget_type=\"image.default\">\n\t\t\t\t<div class=\"elementor-widget-container\">\n\t\t\t\t\t\t\t\t\t\t\t\t\t\t\t<img decoding=\"async\" width=\"768\" height=\"614\" src=\"https:\/\/www.curalab.polimi.it\/wp-content\/uploads\/2024\/06\/Scomodo-copia-768x614.jpg\" class=\"attachment-medium_large size-medium_large wp-image-2083\" alt=\"\" srcset=\"https:\/\/www.curalab.polimi.it\/wp-content\/uploads\/2024\/06\/Scomodo-copia-768x614.jpg 768w, https:\/\/www.curalab.polimi.it\/wp-content\/uploads\/2024\/06\/Scomodo-copia-300x240.jpg 300w, https:\/\/www.curalab.polimi.it\/wp-content\/uploads\/2024\/06\/Scomodo-copia-1024x819.jpg 1024w, https:\/\/www.curalab.polimi.it\/wp-content\/uploads\/2024\/06\/Scomodo-copia-1536x1229.jpg 1536w, https:\/\/www.curalab.polimi.it\/wp-content\/uploads\/2024\/06\/Scomodo-copia-2048x1638.jpg 2048w, https:\/\/www.curalab.polimi.it\/wp-content\/uploads\/2024\/06\/Scomodo-copia-1200x960.jpg 1200w, https:\/\/www.curalab.polimi.it\/wp-content\/uploads\/2024\/06\/elementor\/thumbs\/Scomodo-copia-scaled-qqdymyz0whhfglggl9jk8r4hi6x2xexg2mgzjky228.jpg 750w\" sizes=\"(max-width: 768px) 85vw, 768px\" \/>\t\t\t\t\t\t\t\t\t\t\t\t\t\t\t<\/div>\n\t\t\t\t<\/div>\n\t\t\t\t<\/div>\n\t\t\t\t<div class=\"elementor-element elementor-element-3ccc8c2 elementor-widget elementor-widget-text-editor\" data-id=\"3ccc8c2\" data-element_type=\"widget\" data-e-type=\"widget\" data-widget_type=\"text-editor.default\">\n\t\t\t\t<div class=\"elementor-widget-container\">\n\t\t\t\t\t\t\t\t\t<p>In particolare, CURA Lab accompagna Scomodo nella relazione con il contesto di San Siro e della realt\u00e0 milanese, mentre la relazione con Scomodo aiuta ad elaborare un punto di vista critico sulla rigenerazione urbana alla scala del quartiere a partire dai bisogni e dalle istanze dei giovani, interrogandosi sul ruolo delle azioni progettuali nel determinare una citt\u00e0 giusta: equa, democratica e sostenibile.<\/p><p>Scarica il report della collaborazione con Scomodo qui: <span style=\"text-decoration: underline;\"><span style=\"color: #ff9900;\"><a style=\"color: #ff9900; text-decoration: underline;\" href=\"http:\/\/www.curalab.polimi.it\/wp-content\/uploads\/2025\/01\/Report-percorso-con-Scomodo.pdf\">Report<\/a><\/span><\/span>\u00a0<\/p><p>Scarica il Manifesto elaborato con Scomodo qui: <span style=\"text-decoration: underline;\"><span style=\"color: #ff9900;\"><a style=\"color: #ff9900; text-decoration: underline;\" href=\"http:\/\/www.curalab.polimi.it\/wp-content\/uploads\/2025\/01\/Introduzione-al-Manifesto-di-Scomodo.pdf\">Manifesto Scomodo<\/a><\/span><\/span><\/p>\t\t\t\t\t\t\t\t<\/div>\n\t\t\t\t<\/div>\n\t\t\t\t\t<\/div>\n\t\t\t\t<\/div>\n\t\t\t\t<\/div>\n\t\t","protected":false},"excerpt":{"rendered":"<p>Collaborazione con Scomodo Collaborazione con Scomodo Ricerca nell\u2019ambito di: Accordo di collaborazione tra DAStU &#8211; PoliMi e Associazione ScomodoPartners del progetto: Associazione Scomodo CURA Lab e Scomodo intraprendono un percorso di mutuo apprendimento articolato su diverse tematiche, a partire dallo sviluppo di riflessioni condivise sul ruolo dei giovani nel quartiere, nella citt\u00e0 e nella societ\u00e0. &hellip; <a href=\"https:\/\/www.curalab.polimi.it\/?page_id=1761\" class=\"more-link\">Continue reading<span class=\"screen-reader-text\"> &#8220;Collaborative research &#8211; collaborazione con Scomodo&#8221;<\/span><\/a><\/p>\n","protected":false},"author":12,"featured_media":0,"parent":0,"menu_order":0,"comment_status":"closed","ping_status":"closed","template":"elementor_header_footer","meta":{"footnotes":""},"class_list":["post-1761","page","type-page","status-publish","hentry"],"yoast_head":"<!-- This site is optimized with the Yoast SEO plugin v27.4 - https:\/\/yoast.com\/product\/yoast-seo-wordpress\/ -->\n<title>Collaborative research - collaborazione con Scomodo - CURA Lab<\/title>\n<meta name=\"robots\" content=\"index, follow, max-snippet:-1, max-image-preview:large, max-video-preview:-1\" \/>\n<link rel=\"canonical\" href=\"https:\/\/www.curalab.polimi.it\/?page_id=1761\" \/>\n<meta property=\"og:locale\" content=\"en_US\" \/>\n<meta property=\"og:type\" content=\"article\" \/>\n<meta property=\"og:title\" content=\"Collaborative research - collaborazione con Scomodo - CURA Lab\" \/>\n<meta property=\"og:description\" content=\"Collaborazione con Scomodo Collaborazione con Scomodo Ricerca nell\u2019ambito di: Accordo di collaborazione tra DAStU &#8211; PoliMi e Associazione ScomodoPartners del progetto: Associazione Scomodo CURA Lab e Scomodo intraprendono un percorso di mutuo apprendimento articolato su diverse tematiche, a partire dallo sviluppo di riflessioni condivise sul ruolo dei giovani nel quartiere, nella citt\u00e0 e nella societ\u00e0. &hellip; Continue reading &quot;Collaborative research &#8211; collaborazione con Scomodo&quot;\" \/>\n<meta property=\"og:url\" content=\"https:\/\/www.curalab.polimi.it\/?page_id=1761\" \/>\n<meta property=\"og:site_name\" content=\"CURA Lab\" \/>\n<meta property=\"article:modified_time\" content=\"2025-02-10T22:01:32+00:00\" \/>\n<meta property=\"og:image\" content=\"https:\/\/www.curalab.polimi.it\/wp-content\/uploads\/2024\/05\/Scomodo-scaled.jpg\" \/>\n\t<meta property=\"og:image:width\" content=\"2560\" \/>\n\t<meta property=\"og:image:height\" content=\"2560\" \/>\n\t<meta property=\"og:image:type\" content=\"image\/jpeg\" \/>\n<meta name=\"twitter:card\" content=\"summary_large_image\" \/>\n<meta name=\"twitter:label1\" content=\"Est. reading time\" \/>\n\t<meta name=\"twitter:data1\" content=\"2 minutes\" \/>\n<script type=\"application\/ld+json\" class=\"yoast-schema-graph\">{\"@context\":\"https:\\\/\\\/schema.org\",\"@graph\":[{\"@type\":\"WebPage\",\"@id\":\"https:\\\/\\\/www.curalab.polimi.it\\\/?page_id=1761\",\"url\":\"https:\\\/\\\/www.curalab.polimi.it\\\/?page_id=1761\",\"name\":\"Collaborative research - collaborazione con Scomodo - CURA Lab\",\"isPartOf\":{\"@id\":\"https:\\\/\\\/www.curalab.polimi.it\\\/#website\"},\"primaryImageOfPage\":{\"@id\":\"https:\\\/\\\/www.curalab.polimi.it\\\/?page_id=1761#primaryimage\"},\"image\":{\"@id\":\"https:\\\/\\\/www.curalab.polimi.it\\\/?page_id=1761#primaryimage\"},\"thumbnailUrl\":\"http:\\\/\\\/www.curalab.polimi.it\\\/wp-content\\\/uploads\\\/2024\\\/05\\\/Scomodo-1024x1024.jpg\",\"datePublished\":\"2024-06-03T08:00:23+00:00\",\"dateModified\":\"2025-02-10T22:01:32+00:00\",\"breadcrumb\":{\"@id\":\"https:\\\/\\\/www.curalab.polimi.it\\\/?page_id=1761#breadcrumb\"},\"inLanguage\":\"en-US\",\"potentialAction\":[{\"@type\":\"ReadAction\",\"target\":[\"https:\\\/\\\/www.curalab.polimi.it\\\/?page_id=1761\"]}]},{\"@type\":\"ImageObject\",\"inLanguage\":\"en-US\",\"@id\":\"https:\\\/\\\/www.curalab.polimi.it\\\/?page_id=1761#primaryimage\",\"url\":\"http:\\\/\\\/www.curalab.polimi.it\\\/wp-content\\\/uploads\\\/2024\\\/05\\\/Scomodo-1024x1024.jpg\",\"contentUrl\":\"http:\\\/\\\/www.curalab.polimi.it\\\/wp-content\\\/uploads\\\/2024\\\/05\\\/Scomodo-1024x1024.jpg\"},{\"@type\":\"BreadcrumbList\",\"@id\":\"https:\\\/\\\/www.curalab.polimi.it\\\/?page_id=1761#breadcrumb\",\"itemListElement\":[{\"@type\":\"ListItem\",\"position\":1,\"name\":\"Home\",\"item\":\"https:\\\/\\\/www.curalab.polimi.it\\\/\"},{\"@type\":\"ListItem\",\"position\":2,\"name\":\"Collaborative research &#8211; collaborazione con Scomodo\"}]},{\"@type\":\"WebSite\",\"@id\":\"https:\\\/\\\/www.curalab.polimi.it\\\/#website\",\"url\":\"https:\\\/\\\/www.curalab.polimi.it\\\/\",\"name\":\"CURA Lab\",\"description\":\"Dipartimento di Architettura e Studi Urbani, Politecnico di Milano -                           Dipartimento di Scienze Umane per la Formazione &quot;Riccardo Massa&quot;,           Universit\u00e0 degli Studi di Milano Bicocca\",\"publisher\":{\"@id\":\"https:\\\/\\\/www.curalab.polimi.it\\\/#organization\"},\"potentialAction\":[{\"@type\":\"SearchAction\",\"target\":{\"@type\":\"EntryPoint\",\"urlTemplate\":\"https:\\\/\\\/www.curalab.polimi.it\\\/?s={search_term_string}\"},\"query-input\":{\"@type\":\"PropertyValueSpecification\",\"valueRequired\":true,\"valueName\":\"search_term_string\"}}],\"inLanguage\":\"en-US\"},{\"@type\":\"Organization\",\"@id\":\"https:\\\/\\\/www.curalab.polimi.it\\\/#organization\",\"name\":\"CURA Lab\",\"url\":\"https:\\\/\\\/www.curalab.polimi.it\\\/\",\"logo\":{\"@type\":\"ImageObject\",\"inLanguage\":\"en-US\",\"@id\":\"https:\\\/\\\/www.curalab.polimi.it\\\/#\\\/schema\\\/logo\\\/image\\\/\",\"url\":\"https:\\\/\\\/www.curalab.polimi.it\\\/wp-content\\\/uploads\\\/2024\\\/07\\\/cropped-logocuralab2.png\",\"contentUrl\":\"https:\\\/\\\/www.curalab.polimi.it\\\/wp-content\\\/uploads\\\/2024\\\/07\\\/cropped-logocuralab2.png\",\"width\":240,\"height\":112,\"caption\":\"CURA Lab\"},\"image\":{\"@id\":\"https:\\\/\\\/www.curalab.polimi.it\\\/#\\\/schema\\\/logo\\\/image\\\/\"}}]}<\/script>\n<!-- \/ Yoast SEO plugin. -->","yoast_head_json":{"title":"Collaborative research - collaborazione con Scomodo - CURA Lab","robots":{"index":"index","follow":"follow","max-snippet":"max-snippet:-1","max-image-preview":"max-image-preview:large","max-video-preview":"max-video-preview:-1"},"canonical":"https:\/\/www.curalab.polimi.it\/?page_id=1761","og_locale":"en_US","og_type":"article","og_title":"Collaborative research - collaborazione con Scomodo - CURA Lab","og_description":"Collaborazione con Scomodo Collaborazione con Scomodo Ricerca nell\u2019ambito di: Accordo di collaborazione tra DAStU &#8211; PoliMi e Associazione ScomodoPartners del progetto: Associazione Scomodo CURA Lab e Scomodo intraprendono un percorso di mutuo apprendimento articolato su diverse tematiche, a partire dallo sviluppo di riflessioni condivise sul ruolo dei giovani nel quartiere, nella citt\u00e0 e nella societ\u00e0. &hellip; Continue reading \"Collaborative research &#8211; collaborazione con Scomodo\"","og_url":"https:\/\/www.curalab.polimi.it\/?page_id=1761","og_site_name":"CURA Lab","article_modified_time":"2025-02-10T22:01:32+00:00","og_image":[{"width":2560,"height":2560,"url":"https:\/\/www.curalab.polimi.it\/wp-content\/uploads\/2024\/05\/Scomodo-scaled.jpg","type":"image\/jpeg"}],"twitter_card":"summary_large_image","twitter_misc":{"Est. reading time":"2 minutes"},"schema":{"@context":"https:\/\/schema.org","@graph":[{"@type":"WebPage","@id":"https:\/\/www.curalab.polimi.it\/?page_id=1761","url":"https:\/\/www.curalab.polimi.it\/?page_id=1761","name":"Collaborative research - collaborazione con Scomodo - CURA Lab","isPartOf":{"@id":"https:\/\/www.curalab.polimi.it\/#website"},"primaryImageOfPage":{"@id":"https:\/\/www.curalab.polimi.it\/?page_id=1761#primaryimage"},"image":{"@id":"https:\/\/www.curalab.polimi.it\/?page_id=1761#primaryimage"},"thumbnailUrl":"http:\/\/www.curalab.polimi.it\/wp-content\/uploads\/2024\/05\/Scomodo-1024x1024.jpg","datePublished":"2024-06-03T08:00:23+00:00","dateModified":"2025-02-10T22:01:32+00:00","breadcrumb":{"@id":"https:\/\/www.curalab.polimi.it\/?page_id=1761#breadcrumb"},"inLanguage":"en-US","potentialAction":[{"@type":"ReadAction","target":["https:\/\/www.curalab.polimi.it\/?page_id=1761"]}]},{"@type":"ImageObject","inLanguage":"en-US","@id":"https:\/\/www.curalab.polimi.it\/?page_id=1761#primaryimage","url":"http:\/\/www.curalab.polimi.it\/wp-content\/uploads\/2024\/05\/Scomodo-1024x1024.jpg","contentUrl":"http:\/\/www.curalab.polimi.it\/wp-content\/uploads\/2024\/05\/Scomodo-1024x1024.jpg"},{"@type":"BreadcrumbList","@id":"https:\/\/www.curalab.polimi.it\/?page_id=1761#breadcrumb","itemListElement":[{"@type":"ListItem","position":1,"name":"Home","item":"https:\/\/www.curalab.polimi.it\/"},{"@type":"ListItem","position":2,"name":"Collaborative research &#8211; collaborazione con Scomodo"}]},{"@type":"WebSite","@id":"https:\/\/www.curalab.polimi.it\/#website","url":"https:\/\/www.curalab.polimi.it\/","name":"CURA Lab","description":"Dipartimento di Architettura e Studi Urbani, Politecnico di Milano -                           Dipartimento di Scienze Umane per la Formazione &quot;Riccardo Massa&quot;,           Universit\u00e0 degli Studi di Milano Bicocca","publisher":{"@id":"https:\/\/www.curalab.polimi.it\/#organization"},"potentialAction":[{"@type":"SearchAction","target":{"@type":"EntryPoint","urlTemplate":"https:\/\/www.curalab.polimi.it\/?s={search_term_string}"},"query-input":{"@type":"PropertyValueSpecification","valueRequired":true,"valueName":"search_term_string"}}],"inLanguage":"en-US"},{"@type":"Organization","@id":"https:\/\/www.curalab.polimi.it\/#organization","name":"CURA Lab","url":"https:\/\/www.curalab.polimi.it\/","logo":{"@type":"ImageObject","inLanguage":"en-US","@id":"https:\/\/www.curalab.polimi.it\/#\/schema\/logo\/image\/","url":"https:\/\/www.curalab.polimi.it\/wp-content\/uploads\/2024\/07\/cropped-logocuralab2.png","contentUrl":"https:\/\/www.curalab.polimi.it\/wp-content\/uploads\/2024\/07\/cropped-logocuralab2.png","width":240,"height":112,"caption":"CURA Lab"},"image":{"@id":"https:\/\/www.curalab.polimi.it\/#\/schema\/logo\/image\/"}}]}},"_links":{"self":[{"href":"https:\/\/www.curalab.polimi.it\/index.php?rest_route=\/wp\/v2\/pages\/1761","targetHints":{"allow":["GET"]}}],"collection":[{"href":"https:\/\/www.curalab.polimi.it\/index.php?rest_route=\/wp\/v2\/pages"}],"about":[{"href":"https:\/\/www.curalab.polimi.it\/index.php?rest_route=\/wp\/v2\/types\/page"}],"author":[{"embeddable":true,"href":"https:\/\/www.curalab.polimi.it\/index.php?rest_route=\/wp\/v2\/users\/12"}],"replies":[{"embeddable":true,"href":"https:\/\/www.curalab.polimi.it\/index.php?rest_route=%2Fwp%2Fv2%2Fcomments&post=1761"}],"version-history":[{"count":91,"href":"https:\/\/www.curalab.polimi.it\/index.php?rest_route=\/wp\/v2\/pages\/1761\/revisions"}],"predecessor-version":[{"id":6642,"href":"https:\/\/www.curalab.polimi.it\/index.php?rest_route=\/wp\/v2\/pages\/1761\/revisions\/6642"}],"wp:attachment":[{"href":"https:\/\/www.curalab.polimi.it\/index.php?rest_route=%2Fwp%2Fv2%2Fmedia&parent=1761"}],"curies":[{"name":"wp","href":"https:\/\/api.w.org\/{rel}","templated":true}]}}