{"id":109,"date":"2024-03-28T11:27:56","date_gmt":"2024-03-28T11:27:56","guid":{"rendered":"https:\/\/www.curalab.polimi.it\/?page_id=109"},"modified":"2025-03-24T13:05:23","modified_gmt":"2025-03-24T13:05:23","slug":"network","status":"publish","type":"page","link":"https:\/\/www.curalab.polimi.it\/?page_id=109","title":{"rendered":"Network"},"content":{"rendered":"\t\t<div data-elementor-type=\"wp-page\" data-elementor-id=\"109\" class=\"elementor elementor-109\">\n\t\t\t\t<div class=\"elementor-element elementor-element-c73b640 e-con-full e-flex e-con e-parent\" data-id=\"c73b640\" data-element_type=\"container\" data-e-type=\"container\">\n\t\t\t\t<div class=\"elementor-element elementor-element-df0e985 elementor-widget elementor-widget-heading\" data-id=\"df0e985\" data-element_type=\"widget\" data-e-type=\"widget\" data-widget_type=\"heading.default\">\n\t\t\t\t<div class=\"elementor-widget-container\">\n\t\t\t\t\t<h2 class=\"elementor-heading-title elementor-size-default\">Curalab ha collaborato con:<\/h2>\t\t\t\t<\/div>\n\t\t\t\t<\/div>\n\t\t\t\t<\/div>\n\t\t<div class=\"elementor-element elementor-element-d781094 e-flex e-con-boxed e-con e-parent\" data-id=\"d781094\" data-element_type=\"container\" data-e-type=\"container\">\n\t\t\t\t\t<div class=\"e-con-inner\">\n\t\t\t\t<div class=\"elementor-element elementor-element-996c6f4 elementor-widget elementor-widget-text-editor\" data-id=\"996c6f4\" data-element_type=\"widget\" data-e-type=\"widget\" data-widget_type=\"text-editor.default\">\n\t\t\t\t<div class=\"elementor-widget-container\">\n\t\t\t\t\t\t\t\t\t<p><strong><span style=\"color: #ebb688;\"><em>&gt; Collaborazioni cittadine e locali<\/em><\/span><\/strong><\/p>\t\t\t\t\t\t\t\t<\/div>\n\t\t\t\t<\/div>\n\t\t\t\t\t<\/div>\n\t\t\t\t<\/div>\n\t\t<div class=\"elementor-element elementor-element-1472221 e-flex e-con-boxed e-con e-parent\" data-id=\"1472221\" data-element_type=\"container\" data-e-type=\"container\">\n\t\t\t\t\t<div class=\"e-con-inner\">\n\t\t\t\t<div class=\"elementor-element elementor-element-e19846d elementor-widget elementor-widget-text-editor\" data-id=\"e19846d\" data-element_type=\"widget\" data-e-type=\"widget\" data-widget_type=\"text-editor.default\">\n\t\t\t\t<div class=\"elementor-widget-container\">\n\t\t\t\t\t\t\t\t\t<p><b>Aler Milano<\/b>;\u00a0Associazione <b>Alfabeti<\/b> Onlus; <b>Associazione Cadorna<\/b>;\u00a0Associazione <b>Comunit\u00e0 Nuova<\/b>; Associazione <b>Laboratorio di Quartiere Giambellino Lorenteggio;<\/b>\u00a0Associazione <b>Milano Mediterranea<\/b>;\u00a0Associazione <b>Telaio delle Arti<\/b>;\u00a0Associazione <b>Scomodo<\/b>;\u00a0Associazione <b>Tech7<\/b>;\u00a0Associazione <b>Temporiuso<\/b>;\u00a0<b>Clinica Legale<\/b> Universit\u00e0 Commerciale Luigi Bocconi; <b>CISL<\/b> <b>FNP<\/b> Milano Metropoli; Comitato <b>Abitare in Via Padova;<\/b>\u00a0<b>Comune di Cernusco sul Naviglio;<\/b>\u00a0Cooperativa <b>Dar Casa;<\/b>\u00a0Cooperativa sociale <b>Equa;\u00a0COOPI <\/b>ONG italiana; <b>CRAFT<\/b> \u2013 Competence Center for Fragile Territories \u2013 Dastu Politecnico di Milano; <b>C.S.I.<\/b> Centro Sportivo Italiano; <b>Dipartimento di Design<\/b> \u2013 Politecnico di Milano; <b>Dipartimento di Ingegneria Gestionale<\/b> \u2013 Politecnico di Milano; <b>Dipartimento di Giurisprudenza<\/b> &#8211; Universit\u00e0 Commerciale Luigi Bocconi; <b>Dipartimento di Diritto Pubblico Italiano e Sovranazionale<\/b> &#8211; Universit\u00e0 Statale di Milano; <b>Dipartimento di Scienze Umane per la Formazione \u201cRiccardo Massa\u201d<\/b> \u2013 Universit\u00e0 Bicocca; <b>Direzione Lavoro, Giovani e Sport<\/b> Comune di Milano; <b>Direzione Welfare e Salute<\/b> Comune di Milano; <b>Direzione Educazione<\/b> Comune di Milano; <b>Direzione Casa<\/b> Comune di Milano; <b>\u00c9upolis<\/b> <b>Lombardia;<\/b>\u00a0<b>Osservatorio Regionale sulla Condizione Abitativa<\/b> \u2013 Regione Lombardia; <b>Fondazione<\/b> <b>Housing Sociale;<\/b>\u00a0Fondazione <b>Soleterre;<\/b>\u00a0Fondazione <b>Terzoluogo;<\/b>\u00a0<b>Itinerari Paralleli<\/b> impresa sociale; <b>Mapping And Urban Data lab<\/b> Dipartimento di Architettura e Studi Urbani \u2013 Politecnico di Milano; <b>Municipio 7<\/b> \u2013 Comune di Milano; <b>Outis<\/b> \u2013 Centro Nazionale di Drammaturgia Contemporanea; <b>Prefettura di Milano;<\/b>\u00a0<b>Refugees Welcome Italia<\/b> Onlus; <b>Sindacato<\/b> <b>Sicet<\/b> \u2013 Milano San Siro; <b>Spazio di Mutuo Soccorso;<\/b>\u00a0<b>U.lab<\/b> srl; <b>WRP<\/b> \u2013 West Road Project<\/p>\t\t\t\t\t\t\t\t<\/div>\n\t\t\t\t<\/div>\n\t\t\t\t\t<\/div>\n\t\t\t\t<\/div>\n\t\t<div class=\"elementor-element elementor-element-132111e e-flex e-con-boxed e-con e-parent\" data-id=\"132111e\" data-element_type=\"container\" data-e-type=\"container\">\n\t\t\t\t\t<div class=\"e-con-inner\">\n\t\t\t\t<div class=\"elementor-element elementor-element-52041e1 elementor-widget elementor-widget-text-editor\" data-id=\"52041e1\" data-element_type=\"widget\" data-e-type=\"widget\" data-widget_type=\"text-editor.default\">\n\t\t\t\t<div class=\"elementor-widget-container\">\n\t\t\t\t\t\t\t\t\t<p><strong><span style=\"color: #ebb688;\"><em>&gt; Collaborazioni nazionali<\/em><\/span><\/strong><\/p>\t\t\t\t\t\t\t\t<\/div>\n\t\t\t\t<\/div>\n\t\t\t\t\t<\/div>\n\t\t\t\t<\/div>\n\t\t<div class=\"elementor-element elementor-element-338fad8 e-flex e-con-boxed e-con e-parent\" data-id=\"338fad8\" data-element_type=\"container\" data-e-type=\"container\">\n\t\t\t\t\t<div class=\"e-con-inner\">\n\t\t\t\t<div class=\"elementor-element elementor-element-fc628d0 elementor-widget elementor-widget-text-editor\" data-id=\"fc628d0\" data-element_type=\"widget\" data-e-type=\"widget\" data-widget_type=\"text-editor.default\">\n\t\t\t\t<div class=\"elementor-widget-container\">\n\t\t\t\t\t\t\t\t\t<p><b>Apenet<\/b> \u2013 Associazione \u201cRete italiana degli Atenei ed Enti di Ricerca per il Public Engagement\u201d;\u00a0<b>Dipartimento Interateneo di Scienze, Progetto e Politiche del Territorio<\/b> \u2013 Politecnico di Torino;\u00a0<b>Dipartimento di Culture del Progetto<\/b> &#8211; Universit\u00e0 IUAV di Venezia;\u00a0<b>Dipartimento di Scienze Storiche, Geografiche e dell\u2019Antichit\u00e0 <\/b>&#8211; Universit\u00e0 di Padova; <b>Fondazione con i Bambini<\/b>;\u00a0<b>Laboratorio di Studi Urbani<\/b>, Dipartimento di Studi Umani \u2013 Universit\u00e0 di Ferrara; <b>LABSU<\/b> \u2013 Laboratorio di Studi Urbani \u201cTerritori dell\u2019abitare\u201d \u2013 Universit\u00e0 La Sapienza Roma; <b>Osservatorio Nazionale sulle Politiche Abitative e di Rigenerazione urbana<\/b> \u2013 Forum Diseguaglianze e Diversit\u00e0; <b>Societ\u00e0 Italiana di Antropologia Applicata<\/b>;\u00a0<b>Societ\u00e0 Italiana degli Urbanisti<\/b> (SIU);\u00a0<b>UrbanIt<\/b> \u2013 Centro Nazionale di Studi per le politiche urbane; <b>Tracce Urbane<\/b> \u2013 Rete Nazionale di Ricercatori in Studi Urbani<\/p>\t\t\t\t\t\t\t\t<\/div>\n\t\t\t\t<\/div>\n\t\t\t\t\t<\/div>\n\t\t\t\t<\/div>\n\t\t<div class=\"elementor-element elementor-element-a1c717e e-flex e-con-boxed e-con e-parent\" data-id=\"a1c717e\" data-element_type=\"container\" data-e-type=\"container\">\n\t\t\t\t\t<div class=\"e-con-inner\">\n\t\t\t\t<div class=\"elementor-element elementor-element-f913c5f elementor-widget elementor-widget-text-editor\" data-id=\"f913c5f\" data-element_type=\"widget\" data-e-type=\"widget\" data-widget_type=\"text-editor.default\">\n\t\t\t\t<div class=\"elementor-widget-container\">\n\t\t\t\t\t\t\t\t\t<p><strong><span style=\"color: #ebb688;\"><em>&gt; Collaborazioni internazionali<\/em><\/span><\/strong><\/p>\t\t\t\t\t\t\t\t<\/div>\n\t\t\t\t<\/div>\n\t\t\t\t\t<\/div>\n\t\t\t\t<\/div>\n\t\t<div class=\"elementor-element elementor-element-ff2a367 e-flex e-con-boxed e-con e-parent\" data-id=\"ff2a367\" data-element_type=\"container\" data-e-type=\"container\">\n\t\t\t\t\t<div class=\"e-con-inner\">\n\t\t\t\t<div class=\"elementor-element elementor-element-41500a7 elementor-widget elementor-widget-text-editor\" data-id=\"41500a7\" data-element_type=\"widget\" data-e-type=\"widget\" data-widget_type=\"text-editor.default\">\n\t\t\t\t<div class=\"elementor-widget-container\">\n\t\t\t\t\t\t\t\t\t<p><b>AHTTEP \u2013 AUSSER<\/b> \u2013 \u00c9cole Nationale Sup\u00e9rieure d\u2019Architecture Paris La Villette (FR); <b>Architecture Sans Fronti\u00e8res<\/b> (UK);\u00a0<b>AA Feraru<\/b> (FR); <b>Cosmopolis<\/b> \u2013 Vrije Universiteit Brussel (BE); <b>Habitat et R\u00e9novation<\/b> (BE); <b>International Institute for Environment and Development<\/b> \u2013 IIED; <b>Immobili\u00e8re 3F<\/b> (FR); <b>Fundaci\u00f2 SURT<\/b> (ES); <b>London Metropolitan University<\/b> (UK);\u00a0<b>Netwerkpro<\/b> (NL); <b>Samenlevingsopbouw<\/b> (BE);\u00a0<b>Sheffield University<\/b> (UK); <b>Soci\u00e9t\u00e9 du Logement de la R\u00e9gion Bruxelles Capitale<\/b> (BE); <b>S27<\/b> \u2013 Art and Education (DE); <b>Universit\u00e4t der K\u00fcnste Berlin<\/b> (DE); <b>University of Malm\u00f6<\/b> (SE); <b>VUB<\/b> <b>Brussels<\/b> (BE); <b>Yallatrappan<\/b> (SE)<\/p>\t\t\t\t\t\t\t\t<\/div>\n\t\t\t\t<\/div>\n\t\t\t\t\t<\/div>\n\t\t\t\t<\/div>\n\t\t\t\t<\/div>\n\t\t","protected":false},"excerpt":{"rendered":"<p>Curalab ha collaborato con: &gt; Collaborazioni cittadine e locali Aler Milano;\u00a0Associazione Alfabeti Onlus; Associazione Cadorna;\u00a0Associazione Comunit\u00e0 Nuova; Associazione Laboratorio di Quartiere Giambellino Lorenteggio;\u00a0Associazione Milano Mediterranea;\u00a0Associazione Telaio delle Arti;\u00a0Associazione Scomodo;\u00a0Associazione Tech7;\u00a0Associazione Temporiuso;\u00a0Clinica Legale Universit\u00e0 Commerciale Luigi Bocconi; CISL FNP Milano Metropoli; Comitato Abitare in Via Padova;\u00a0Comune di Cernusco sul Naviglio;\u00a0Cooperativa Dar Casa;\u00a0Cooperativa sociale Equa;\u00a0COOPI ONG italiana; &hellip; <a href=\"https:\/\/www.curalab.polimi.it\/?page_id=109\" class=\"more-link\">Continue reading<span class=\"screen-reader-text\"> &#8220;Network&#8221;<\/span><\/a><\/p>\n","protected":false},"author":8,"featured_media":0,"parent":0,"menu_order":0,"comment_status":"closed","ping_status":"closed","template":"elementor_header_footer","meta":{"footnotes":""},"class_list":["post-109","page","type-page","status-publish","hentry"],"yoast_head":"<!-- This site is optimized with the Yoast SEO plugin v27.4 - https:\/\/yoast.com\/product\/yoast-seo-wordpress\/ -->\n<title>Network - CURA Lab<\/title>\n<meta name=\"robots\" content=\"index, follow, max-snippet:-1, max-image-preview:large, max-video-preview:-1\" \/>\n<link rel=\"canonical\" href=\"https:\/\/www.curalab.polimi.it\/?page_id=109\" \/>\n<meta property=\"og:locale\" content=\"en_US\" \/>\n<meta property=\"og:type\" content=\"article\" \/>\n<meta property=\"og:title\" content=\"Network - CURA Lab\" \/>\n<meta property=\"og:description\" content=\"Curalab ha collaborato con: &gt; Collaborazioni cittadine e locali Aler Milano;\u00a0Associazione Alfabeti Onlus; Associazione Cadorna;\u00a0Associazione Comunit\u00e0 Nuova; Associazione Laboratorio di Quartiere Giambellino Lorenteggio;\u00a0Associazione Milano Mediterranea;\u00a0Associazione Telaio delle Arti;\u00a0Associazione Scomodo;\u00a0Associazione Tech7;\u00a0Associazione Temporiuso;\u00a0Clinica Legale Universit\u00e0 Commerciale Luigi Bocconi; CISL FNP Milano Metropoli; Comitato Abitare in Via Padova;\u00a0Comune di Cernusco sul Naviglio;\u00a0Cooperativa Dar Casa;\u00a0Cooperativa sociale Equa;\u00a0COOPI ONG italiana; &hellip; Continue reading &quot;Network&quot;\" \/>\n<meta property=\"og:url\" content=\"https:\/\/www.curalab.polimi.it\/?page_id=109\" \/>\n<meta property=\"og:site_name\" content=\"CURA Lab\" \/>\n<meta property=\"article:modified_time\" content=\"2025-03-24T13:05:23+00:00\" \/>\n<meta name=\"twitter:card\" content=\"summary_large_image\" \/>\n<meta name=\"twitter:label1\" content=\"Est. reading time\" \/>\n\t<meta name=\"twitter:data1\" content=\"2 minutes\" \/>\n<script type=\"application\/ld+json\" class=\"yoast-schema-graph\">{\"@context\":\"https:\\\/\\\/schema.org\",\"@graph\":[{\"@type\":\"WebPage\",\"@id\":\"https:\\\/\\\/www.curalab.polimi.it\\\/?page_id=109\",\"url\":\"https:\\\/\\\/www.curalab.polimi.it\\\/?page_id=109\",\"name\":\"Network - CURA Lab\",\"isPartOf\":{\"@id\":\"https:\\\/\\\/www.curalab.polimi.it\\\/#website\"},\"datePublished\":\"2024-03-28T11:27:56+00:00\",\"dateModified\":\"2025-03-24T13:05:23+00:00\",\"breadcrumb\":{\"@id\":\"https:\\\/\\\/www.curalab.polimi.it\\\/?page_id=109#breadcrumb\"},\"inLanguage\":\"en-US\",\"potentialAction\":[{\"@type\":\"ReadAction\",\"target\":[\"https:\\\/\\\/www.curalab.polimi.it\\\/?page_id=109\"]}]},{\"@type\":\"BreadcrumbList\",\"@id\":\"https:\\\/\\\/www.curalab.polimi.it\\\/?page_id=109#breadcrumb\",\"itemListElement\":[{\"@type\":\"ListItem\",\"position\":1,\"name\":\"Home\",\"item\":\"https:\\\/\\\/www.curalab.polimi.it\\\/\"},{\"@type\":\"ListItem\",\"position\":2,\"name\":\"Network\"}]},{\"@type\":\"WebSite\",\"@id\":\"https:\\\/\\\/www.curalab.polimi.it\\\/#website\",\"url\":\"https:\\\/\\\/www.curalab.polimi.it\\\/\",\"name\":\"CURA Lab\",\"description\":\"Dipartimento di Architettura e Studi Urbani, Politecnico di Milano -                           Dipartimento di Scienze Umane per la Formazione &quot;Riccardo Massa&quot;,           Universit\u00e0 degli Studi di Milano Bicocca\",\"publisher\":{\"@id\":\"https:\\\/\\\/www.curalab.polimi.it\\\/#organization\"},\"potentialAction\":[{\"@type\":\"SearchAction\",\"target\":{\"@type\":\"EntryPoint\",\"urlTemplate\":\"https:\\\/\\\/www.curalab.polimi.it\\\/?s={search_term_string}\"},\"query-input\":{\"@type\":\"PropertyValueSpecification\",\"valueRequired\":true,\"valueName\":\"search_term_string\"}}],\"inLanguage\":\"en-US\"},{\"@type\":\"Organization\",\"@id\":\"https:\\\/\\\/www.curalab.polimi.it\\\/#organization\",\"name\":\"CURA Lab\",\"url\":\"https:\\\/\\\/www.curalab.polimi.it\\\/\",\"logo\":{\"@type\":\"ImageObject\",\"inLanguage\":\"en-US\",\"@id\":\"https:\\\/\\\/www.curalab.polimi.it\\\/#\\\/schema\\\/logo\\\/image\\\/\",\"url\":\"https:\\\/\\\/www.curalab.polimi.it\\\/wp-content\\\/uploads\\\/2024\\\/07\\\/cropped-logocuralab2.png\",\"contentUrl\":\"https:\\\/\\\/www.curalab.polimi.it\\\/wp-content\\\/uploads\\\/2024\\\/07\\\/cropped-logocuralab2.png\",\"width\":240,\"height\":112,\"caption\":\"CURA Lab\"},\"image\":{\"@id\":\"https:\\\/\\\/www.curalab.polimi.it\\\/#\\\/schema\\\/logo\\\/image\\\/\"}}]}<\/script>\n<!-- \/ Yoast SEO plugin. -->","yoast_head_json":{"title":"Network - CURA Lab","robots":{"index":"index","follow":"follow","max-snippet":"max-snippet:-1","max-image-preview":"max-image-preview:large","max-video-preview":"max-video-preview:-1"},"canonical":"https:\/\/www.curalab.polimi.it\/?page_id=109","og_locale":"en_US","og_type":"article","og_title":"Network - CURA Lab","og_description":"Curalab ha collaborato con: &gt; Collaborazioni cittadine e locali Aler Milano;\u00a0Associazione Alfabeti Onlus; Associazione Cadorna;\u00a0Associazione Comunit\u00e0 Nuova; Associazione Laboratorio di Quartiere Giambellino Lorenteggio;\u00a0Associazione Milano Mediterranea;\u00a0Associazione Telaio delle Arti;\u00a0Associazione Scomodo;\u00a0Associazione Tech7;\u00a0Associazione Temporiuso;\u00a0Clinica Legale Universit\u00e0 Commerciale Luigi Bocconi; CISL FNP Milano Metropoli; Comitato Abitare in Via Padova;\u00a0Comune di Cernusco sul Naviglio;\u00a0Cooperativa Dar Casa;\u00a0Cooperativa sociale Equa;\u00a0COOPI ONG italiana; &hellip; Continue reading \"Network\"","og_url":"https:\/\/www.curalab.polimi.it\/?page_id=109","og_site_name":"CURA Lab","article_modified_time":"2025-03-24T13:05:23+00:00","twitter_card":"summary_large_image","twitter_misc":{"Est. reading time":"2 minutes"},"schema":{"@context":"https:\/\/schema.org","@graph":[{"@type":"WebPage","@id":"https:\/\/www.curalab.polimi.it\/?page_id=109","url":"https:\/\/www.curalab.polimi.it\/?page_id=109","name":"Network - CURA Lab","isPartOf":{"@id":"https:\/\/www.curalab.polimi.it\/#website"},"datePublished":"2024-03-28T11:27:56+00:00","dateModified":"2025-03-24T13:05:23+00:00","breadcrumb":{"@id":"https:\/\/www.curalab.polimi.it\/?page_id=109#breadcrumb"},"inLanguage":"en-US","potentialAction":[{"@type":"ReadAction","target":["https:\/\/www.curalab.polimi.it\/?page_id=109"]}]},{"@type":"BreadcrumbList","@id":"https:\/\/www.curalab.polimi.it\/?page_id=109#breadcrumb","itemListElement":[{"@type":"ListItem","position":1,"name":"Home","item":"https:\/\/www.curalab.polimi.it\/"},{"@type":"ListItem","position":2,"name":"Network"}]},{"@type":"WebSite","@id":"https:\/\/www.curalab.polimi.it\/#website","url":"https:\/\/www.curalab.polimi.it\/","name":"CURA Lab","description":"Dipartimento di Architettura e Studi Urbani, Politecnico di Milano -                           Dipartimento di Scienze Umane per la Formazione &quot;Riccardo Massa&quot;,           Universit\u00e0 degli Studi di Milano Bicocca","publisher":{"@id":"https:\/\/www.curalab.polimi.it\/#organization"},"potentialAction":[{"@type":"SearchAction","target":{"@type":"EntryPoint","urlTemplate":"https:\/\/www.curalab.polimi.it\/?s={search_term_string}"},"query-input":{"@type":"PropertyValueSpecification","valueRequired":true,"valueName":"search_term_string"}}],"inLanguage":"en-US"},{"@type":"Organization","@id":"https:\/\/www.curalab.polimi.it\/#organization","name":"CURA Lab","url":"https:\/\/www.curalab.polimi.it\/","logo":{"@type":"ImageObject","inLanguage":"en-US","@id":"https:\/\/www.curalab.polimi.it\/#\/schema\/logo\/image\/","url":"https:\/\/www.curalab.polimi.it\/wp-content\/uploads\/2024\/07\/cropped-logocuralab2.png","contentUrl":"https:\/\/www.curalab.polimi.it\/wp-content\/uploads\/2024\/07\/cropped-logocuralab2.png","width":240,"height":112,"caption":"CURA Lab"},"image":{"@id":"https:\/\/www.curalab.polimi.it\/#\/schema\/logo\/image\/"}}]}},"_links":{"self":[{"href":"https:\/\/www.curalab.polimi.it\/index.php?rest_route=\/wp\/v2\/pages\/109","targetHints":{"allow":["GET"]}}],"collection":[{"href":"https:\/\/www.curalab.polimi.it\/index.php?rest_route=\/wp\/v2\/pages"}],"about":[{"href":"https:\/\/www.curalab.polimi.it\/index.php?rest_route=\/wp\/v2\/types\/page"}],"author":[{"embeddable":true,"href":"https:\/\/www.curalab.polimi.it\/index.php?rest_route=\/wp\/v2\/users\/8"}],"replies":[{"embeddable":true,"href":"https:\/\/www.curalab.polimi.it\/index.php?rest_route=%2Fwp%2Fv2%2Fcomments&post=109"}],"version-history":[{"count":121,"href":"https:\/\/www.curalab.polimi.it\/index.php?rest_route=\/wp\/v2\/pages\/109\/revisions"}],"predecessor-version":[{"id":6732,"href":"https:\/\/www.curalab.polimi.it\/index.php?rest_route=\/wp\/v2\/pages\/109\/revisions\/6732"}],"wp:attachment":[{"href":"https:\/\/www.curalab.polimi.it\/index.php?rest_route=%2Fwp%2Fv2%2Fmedia&parent=109"}],"curies":[{"name":"wp","href":"https:\/\/api.w.org\/{rel}","templated":true}]}}